{"id":3562,"date":"2017-02-19T15:53:15","date_gmt":"2017-02-19T15:53:15","guid":{"rendered":"https:\/\/www.fr.bonus.ca\/fr\/?post_type=bookmakers&#038;p=3562"},"modified":"2026-04-02T12:50:34","modified_gmt":"2026-04-02T12:50:34","slug":"casumo","status":"publish","type":"page","link":"https:\/\/www.bonus.ca\/fr\/casumo","title":{"rendered":"Casumo Casino"},"content":{"rendered":"<h2>Casumo Canada: Avis<\/h2>\n<p><strong>Casumo Casino<\/strong> est un casino en ligne con\u00e7u pour vous faire sourire. Le casino en ligne Casumo se vante d&#8217;\u00eatre le premier casino aventure au monde. <\/p>\n<p>Le site est rempli de personnages \u00e9tranges, joyeux et amicaux, aux couleurs vives, de vaisseaux spatiaux et d&#8217;autres cr\u00e9atures. <\/p>\n<p><strong>Il est con\u00e7u dans le style d&#8217;une bande dessin\u00e9e<\/strong>. Ce qui veut dire que ce site vous donnera envie de sourire.<\/p>\n<p>[table_start]<br \/>\n[table_row column-1=&#8217;<strong>Propri\u00e9t\u00e9 de<\/strong>&#8216; column-2=&#8217;Casumo Services Limited&#8217;]<br \/>\n[table_row column-1=&#8217;<strong>Nom du Site <\/strong>&#8216; column-2=&#8217;Casumo Casino&#8217;]<br \/>\n[table_row column-1=&#8217;<strong>Bonus de Bienvenue<\/strong>&#8216; column-2=&#8217;2000$ + 99 tours gratuits&#8217;]<br \/>\n[table_row column-1=&#8217;<strong>Licence<\/strong>&#8216; column-2=&#8217;Commission des Jeux du Royaume-Uni, Autorit\u00e9 des Jeux de Malte&#8217;]<br \/>\n[table_row column-1=&#8217;<strong>Version Mobile <\/strong>&#8216; column-2=&#8217;Android, iOS&#8217;]<br \/>\n[table_row column-1=&#8217;<strong>Nombre de Jeux<\/strong>&#8216; column-2=&#8217;1200+&#8217;]<br \/>\n[table_end]<\/p>\n<p><img loading=\"lazy\" decoding=\"async\" src=\"https:\/\/www.fr.bonus.ca\/fr\/images\/Yellow-Scribble-Doodle-Concept-Map-Graph-3.png\" alt=\"casumo casino screenshot\" width=\"1024\" height=\"768\" class=\"aligncenter size-full wp-image-24181\" srcset=\"https:\/\/mediafr.bonus.ca\/images\/Yellow-Scribble-Doodle-Concept-Map-Graph-3.png 1024w, https:\/\/mediafr.bonus.ca\/images\/Yellow-Scribble-Doodle-Concept-Map-Graph-3-300x225.png 300w, https:\/\/mediafr.bonus.ca\/images\/Yellow-Scribble-Doodle-Concept-Map-Graph-3-837x628.png 837w\" sizes=\"auto, (max-width: 1024px) 100vw, 1024px\" \/><\/p>\n<h3>Obtenez votre propre personnage<\/h3>\n<p>Lorsque vous ouvrez votre compte, vous obtenez votre propre personnage Casumo. <\/p>\n<p><strong>Lorsque vous jouez \u00e0 des jeux en argent r\u00e9el, vous faites \u00e9voluer votre personnage<\/strong>, ce qui vous donne diff\u00e9rents types de bonus tels que des bonus sans d\u00e9p\u00f4t. <\/p>\n<p>L&#8217;aventure est en fait tr\u00e8s amusante, m\u00eame si au fond, ce n&#8217;est qu&#8217;un syst\u00e8me de casino VIP d\u00e9guis\u00e9 en aventure.<\/p>\n<h3>Casino Casumo App<\/h3>\n<p><strong>Le casino Casumo fonctionne sur tous les appareils<\/strong> incluant votre tablette et votre t\u00e9l\u00e9phone mobile. <\/p>\n<p>De nos jours, la plupart des casinos sont optmis\u00e9s pour les versions mobiles ce qui rend votre exp\u00e9rience de jeu bien plus int\u00e9ressante.<\/p>\n<h2>Casumo Bonus 2026<\/h2>\n<p>Vous cherchez des d\u00e9tails sur le Casumo Bonus?  <strong>Vous obtiendrez un bonus jusqu&#8217;\u00e0 2000$ + 99 tours gratuits sur Gates of Olympus en faisant un d\u00e9p\u00f4t minimum de 20$<\/strong>. <\/p>\n<p>Voici toutes les informations utiles \u00e0 savoir concernant le fr.bonus.casumo:<\/p>\n<p>[table_start]<br \/>\n[table_head column-1=&#8217;<strong>fr.bonus.casumo<\/strong>&#8216; column-2=&#8217;<strong>Termes &#038; Conditions<\/strong>&#8216;]<br \/>\n[table_row column-1=&#8217;<strong>Bonus de Bienvenue<\/strong>&#8216; column-2=&#8217;2000$&#8217;]<br \/>\n[table_row column-1=&#8217;<strong>Bonus Free Spins<\/strong>&#8216; column-2=&#8217;99 tours gratuits&#8217;]<br \/>\n[table_row column-1=&#8217;<strong>D\u00e9p\u00f4t Minimum<\/strong>&#8216; column-2=&#8217;20$&#8217;]<br \/>\n[table_row column-1=&#8217;<strong>Conditions de Mise<\/strong>&#8216; column-2=&#8217;30x&#8217;]<br \/>\n[table_end]<\/p>\n<h2>Autre fr.bonus.casumo<\/h2>\n<p>En plus du <a href=\"https:\/\/www.fr.bonus.ca\/fr\/casino-bonus\">fr.bonus.casino de bienvenue<\/a>, vous pourriez \u00e9galement profiter de <strong>promotions quotidiennes<\/strong> et hebdomadaires.<\/p>\n<p>Une fois que vous cr\u00e9ez votre compte chez Casumo, vous commencez vos <strong>aventures \u00e0 travers diff\u00e9rents niveaux<\/strong> (et plan\u00e8tes) afin d&#8217;obtenir des bonus d&#8217;aventure selon votre activit\u00e9. <\/p>\n<p>Les bonus peuvent \u00eatre en argent gratuit, en argent bonus gratuit, en tours gratuits, en objets de valeur, en bonus de d\u00e9p\u00f4t ou en combinaisons de prix! <\/p>\n<p>Vous trouverez plus d&#8217;informations sur le programme de fid\u00e9lit\u00e9 et l&#8217;aventure Casumo ci-dessous.<\/p>\n<h3>Reel Races<\/h3>\n<p>Casumo a \u00e9galement des <strong>courses quotidiennes appel\u00e9 Reel Races<\/strong> o\u00f9 vous avez la chance d&#8217;obtenir des prix incroyables tels que des p<strong>rix en esp\u00e8ces de 2 000 $<\/strong>. <\/p>\n<p>Ces Reel Races sont des tournois rapides o\u00f9 vous avez un temps limit\u00e9 pour accumuler autant de points que possible. <\/p>\n<p>Plus vous obtenez de points, plus votre position est \u00e9lev\u00e9e, ce qui signifie un meilleur prix!<\/p>\n<h3> Umodays \u2013 Une Promo Par Jour, \u00e0 Votre Fa\u00e7on<\/h3>\n<p>Chaque jour de la semaine, Casumo vous propose une nouvelle offre personnalis\u00e9e avec Umodays \u2013 exclusivement pour les joueurs canadiens. <\/p>\n<p>Que vous pr\u00e9f\u00e9riez des tours gratuits, des bonus de d\u00e9p\u00f4t ou des r\u00e9compenses apr\u00e8s vos mises, vous choisissez ce qui vous convient. <\/p>\n<p>Lundi, c&#8217;est le <strong>&#8220;Double-Double&#8221;<\/strong>, mercredi on traverse le <strong>&#8220;Hump Day&#8221;<\/strong>  avec un coup de pouce, et le week-end, <strong>place au fun<\/strong>.<\/p>\n<div class=\"bonusfinder-tip card-fancy margin-vertical-medium\">\n\t<div class=\"title\">\n\t\t<div class=\"tip-icon\">\n\t\t\t<img decoding=\"async\" src=\"https:\/\/mediafr.bonus.ca\/images\/bf-icon_tip-emblem.svg\" height=\"36\" width=\"36\" class=\"icon-xlarge\" loading=\"lazy\" alt=\"editor tip icon\" srcset=\"https:\/\/mediafr.bonus.ca\/images\/bf-icon_tip-emblem.svg 1x, https:\/\/mediafr.bonus.ca\/images\/bf-icon_tip-emblem.svg 2x\" \/>\n\t\t<\/div>\n\t\t<div>Conseil BonusFinder<\/div>\n\t<\/div>\n\t<div class=\"content\">Connectez-vous chaque jour, cliquez sur votre profil et activez votre \"valuable<\/div>\n<\/div>\n\n<h3>Termes &#038; Conditions<\/h3>\n<p>Le bonus vient avec des conditions de mise \u00e0 30x.<\/p>\n<p>Comme dans la plupart des autres casinos en ligne, certains jeux ne comptent pas pour le pourcentage total du montant \u00e0 lib\u00e9rer. <\/p>\n<p>Chez Casumo, les machines \u00e0 sous comptent toujours \u00e0 100% (\u00e0 l&#8217;exception de quelques jeux sp\u00e9ciaux: 1429 Uncharted Seas, Bloodsuckers, Dead or Alive, Jack Hammer 2, Kings of Chicago et Simsalabim). <\/p>\n<p>Les autres jeux contribuent comme suit:<\/p>\n<ul>\n<li><strong>Vid\u00e9o Poker:<\/strong> 30%<\/li>\n<li><strong>Casino Hold&#8217;em, Poker Oasis, TXS Hold&#8217;em:<\/strong> 10%<\/li>\n<li><strong>Baccara &#038; Punto Banco:<\/strong> 0%<\/li>\n<li><strong>Roulette:<\/strong> 0%<\/li>\n<li><strong>Blackjack:<\/strong> 0%<\/li>\n<li><strong>Tous les autres jeux:<\/strong> 100%<\/li>\n<\/ul>\n<p>Ainsi, comme d&#8217;habitude, les joueurs de roulette et de blackjack n&#8217;ont pas de chance. Sinon, ces pourcentages sont proches des normes standards de l&#8217;industrie.<\/p>\n<h2>Programmes de Fid\u00e9lit\u00e9 VIP<\/h2>\n<div class=\"bonusfinder-tip expert-pick-card\">\n\t<div class=\"title\">\n\t\t<div class=\"tip-icon\">\n\t\t\t<img decoding=\"async\" src=\"https:\/\/mediafr.bonus.ca\/images\/crown.svg\" width=\"36\" height=\"36\" class=\"icon-xlarge\" loading=\"lazy\" alt=\"expert-pick-icon\" srcset=\"https:\/\/mediafr.bonus.ca\/images\/crown.svg 1x, https:\/\/mediafr.bonus.ca\/images\/crown.svg 2x\" \/>\n\t\t<\/div>\n\t\t<div class=\"expert-title\">Recommandation de Notre Expert BonusFinder<\/div>\n\t<\/div>\n\t<div>J'ai test\u00e9 le syst\u00e8me de fid\u00e9lit\u00e9 en effectuant un d\u00e9p\u00f4t de 50 dollars, et il \u00e9tait <strong>facile de faire \u00e9voluer le personnage<\/strong> plusieurs fois en jouant pendant une heure. J'ai aussi obtenu des prix gratuits \u00e0 quelques reprises.<\/div>\n    \t<div class=\"expert-pick-author-container\">\n\t\t<img decoding=\"async\" width=\"40\" height=\"40\" src=\"https:\/\/mediafr.bonus.ca\/images\/luciano.png\" class=\"expert-pick-author-image\" loading=\"lazy\" srcset=\"https:\/\/mediafr.bonus.ca\/images\/luciano.png 1x, https:\/\/mediafr.bonus.ca\/images\/luciano.png 2x\" \/>\n\t\t\t<div class=\"expert-pick-content-container\">\n\t\t\t\t<a href=\"https:\/\/www.bonus.ca\/fr\/a-propos\/auteurs\/luciano-passavanti\" class=\"expert-pick-author-name\">Luciano Passavanti<\/a>\n\t\t\t\t<div class=\"expert-pick-author-title\">Vice-pr\u00e9sident et v\u00e9rificateur de faits<\/div>\n\t\t\t<\/div>\n\t<\/div>\n\t<\/div>\n\n<p>De nos jours, la plupart des casinos en ligne canadiens proposent un <strong>programme de fid\u00e9lit\u00e9<\/strong> mais Casumo Casino vous offre \u00e9galement des prix en plus de <strong>jouer des parties avec de l&#8217;argent r\u00e9el<\/strong>. <\/p>\n<p>En effet, vous allez faire \u00e9voluer votre personnage Casumo en vous connectant de fa\u00e7on r\u00e9guli\u00e8re. <\/p>\n<p>Pour cela, participez \u00e0 des comp\u00e9titions ou \u00e0 diff\u00e9rents types de courses et bien s\u00fbr, en participez \u00e0 des tournois en argent r\u00e9el dans leur casino.<\/p>\n<p>Vous verrez une barre de progression dans le coin sup\u00e9rieur gauche du site. Celle-ci mesure l&#8217;\u00e9volution de votre personnage Casumo.<\/p>\n<p>Lorsque vous remplissez la barre de progression, votre personnage \u00e9volue et vous obtenez des prix tel que des tours gratuits, de l&#8217;argent bonus, de l&#8217;argent gratuit et d&#8217;autres prix int\u00e9ressants.<\/p>\n\t<div class=\"highlight-block card-fancy\">\n\t\t<div class=\"card-inner\">\n                            <img loading=\"lazy\" decoding=\"async\" src=\"https:\/\/www.fr.bonus.ca\/fr\/images\/cropped-bf-favicon_wp.png\" alt=\"\" width=\"512\" height=\"512\" class=\"aligncenter size-full wp-image-7461\" srcset=\"https:\/\/mediafr.bonus.ca\/images\/cropped-bf-favicon_wp.png 512w, https:\/\/mediafr.bonus.ca\/images\/cropped-bf-favicon_wp-300x300.png 300w, https:\/\/mediafr.bonus.ca\/images\/cropped-bf-favicon_wp-150x150.png 150w, https:\/\/mediafr.bonus.ca\/images\/cropped-bf-favicon_wp-370x370.png 370w, https:\/\/mediafr.bonus.ca\/images\/cropped-bf-favicon_wp-128x128.png 128w, https:\/\/mediafr.bonus.ca\/images\/cropped-bf-favicon_wp-104x104.png 104w, https:\/\/mediafr.bonus.ca\/images\/cropped-bf-favicon_wp-48x48.png 48w, https:\/\/mediafr.bonus.ca\/images\/cropped-bf-favicon_wp-40x40.png 40w\" sizes=\"auto, (max-width: 512px) 100vw, 512px\" \/>\n            \t\t\t<div class=\"card-content\">\n\t\t\t\t<h4 class=\"no-margin-top\"> Programme de fid\u00e9lit\u00e9 Casumo \u2013 The Adventure<\/h4>\n\t\t\t\t<div>Le programme de fid\u00e9lit\u00e9, The Adventure, vous r\u00e9compense automatiquement \u00e0 chaque session de jeu avec :<\/p>\n<ol>\n<li>Des bonus personnalis\u00e9s.<\/li>\n<li>Des niveaux \u00e0 d\u00e9bloquer.<\/li>\n<li>Des r\u00e9compenses surprises en cours de route.<\/li>\n<\/ol>\n<p><\/div>\n\t\t\t<\/div>\n\t\t<\/div>\n\t<\/div>\n\n<h2>Jeux de Casino<\/h2>\n<p>Casumo Casino propose une ludoth\u00e8que compl\u00e8te pour les joueurs qu\u00e9b\u00e9cois : machines \u00e0 sous, jeux de table, casino en direct\u2026 et m\u00eame des jeux exclusifs ! Le tout, sur une interface fluide et facile \u00e0 explorer.<\/p>\n<h3>Machines \u00e0 sous<\/h3>\n<p><strong>Plus de 1\u202f500 slots disponibles<\/strong> \u2014 avec de nouveaux titres ajout\u00e9s chaque semaine dans la section &#8220;Top Nouveaut\u00e9s&#8221;. Voici ce qui vous attend :<\/p>\n<ul>\n<li><strong>Jackpots l\u00e9gendaires :<\/strong> Mega Moolah, Divine Fortune.<\/li>\n<li><strong>Vedettes populaires :<\/strong> Book of Dead, Gonzo&#8217;s Quest, Starburst.<\/li>\n<li><strong>Nouveaux jeux chaque semaine<\/strong> dans la section &#8220;Top Nouveaut\u00e9s&#8221;.<\/li>\n<\/ul>\n<blockquote><p>Tous les jeux peuvent \u00eatre test\u00e9s gratuitement, sans d\u00e9p\u00f4t. Id\u00e9al pour jouer sans stress.<\/p><\/blockquote>\n<h3>Jeux de Table<\/h3>\n<p>Envie d&#8217;un bon vieux Blackjack ou d&#8217;une Roulette bien faite\u202f? Casumo vous propose toutes les variantes qu&#8217;on aime :<\/p>\n<ol>\n<li>Blackjack : classique, multi-main\u2026<\/li>\n<li>Roulette : europ\u00e9enne, immersive\u2026<\/li>\n<li>Vid\u00e9o Poker : simple, rapide et fun<\/li>\n<\/ol>\n<p>Tous ces jeux sont aussi dispo en version d\u00e9mo gratuite.<\/p>\n<h3>Casino en Direct<\/h3>\n<p>Pour une exp\u00e9rience 100\u202f% r\u00e9aliste, <strong>Casumo diffuse en HD depuis un studio pro<\/strong>. <\/p>\n<p>Vous y retrouverez: Roulette Live, Blackjack en direct, Baccarat Live et des <strong>\u00e9missions interactives<\/strong> (Crazy Time, Football Studio, Monopoly Live).<\/p>\n<h2>M\u00e9thodes Bancaires<\/h2>\n<p>Actuellement, au casino en ligne Casumo, vous pouvez d\u00e9poser avec sept m\u00e9thodes bancaires diff\u00e9rentes. Consultez le tableau suivant pour plus de d\u00e9tails.<\/p>\n<p>[table_start]<br \/>\n[table_head column-1=&#8217;<strong>M\u00e9thodes bancaires<\/strong>&#8216; column-2=&#8217;<strong>Pris en charge<\/strong>&#8216;]<br \/>\n[table_row column-1=&#8217;<strong>Interac<\/strong>&#8216; column-2=&#8217;Oui&#8217;]<br \/>\n[table_row column-1=&#8217;<strong>iDebit<\/strong>&#8216; column-2=&#8217;Oui&#8217;]<br \/>\n[table_row column-1=&#8217;<strong>Visa\/Mastercard<\/strong>&#8216; column-2=&#8217;Oui&#8217;]<br \/>\n[table_row column-1=&#8217;<strong>Instadebit<\/strong>&#8216; column-2=&#8217;Oui&#8217;]<br \/>\n[table_row column-1=&#8217;<strong>Ecopayz<\/strong>&#8216; column-2=&#8217;Oui&#8217;]<br \/>\n[table_row column-1=&#8217;<strong>Paysafecard<\/strong>&#8216; column-2=&#8217;Oui&#8217;]<br \/>\n[table_row column-1=&#8217;<strong>Paypal<\/strong>&#8216; column-2=&#8217;Non&#8217;]<br \/>\n[table_end]<\/p>\n<h3>D\u00e9p\u00f4t et retraits<\/h3>\n<p>Toutes les m\u00e9thodes de d\u00e9p\u00f4t sont instantan\u00e9es. Les retraits sont cr\u00e9dit\u00e9s selon la m\u00eame m\u00e9thode que votre dernier d\u00e9p\u00f4t, \u00e0 l&#8217;exception de Paysafe, qui n&#8217;est pas disponible pour les retraits.<\/p>\n<p>Si vous souhaitez un retrait rapide, je recommande d&#8217;utiliser Skrill ou ApplePlay, qui sont tous deux pay\u00e9s instantan\u00e9ment apr\u00e8s approbation. <\/p>\n<p>Si vous choisissez de retirer via votre carte de cr\u00e9dit, pr\u00e9voyez un d\u00e9lai de traitement pouvant aller jusqu&#8217;\u00e0 2 jours.<\/p>\n<p>La premi\u00e8re fois que vous demandez un retrait, <strong>le casino devra v\u00e9rifier vos informations<\/strong>. <\/p>\n<p>Cela n\u00e9cessite l&#8217;envoi de quelques documents suppl\u00e9mentaires, tels que la preuve d&#8217;identit\u00e9. <\/p>\n<p>Je vous conseille de le faire imm\u00e9diatement apr\u00e8s la cr\u00e9ation d&#8217;un compte, afin d&#8217;\u00eatre pr\u00eat une fois que vous voudrez retirer vos fonds.<\/p>\n<div id=\"attachment_24196\" style=\"width: 1546px\" class=\"wp-caption alignnone\"><img loading=\"lazy\" decoding=\"async\" aria-describedby=\"caption-attachment-24196\" src=\"https:\/\/www.fr.bonus.ca\/fr\/images\/Casumo-paiements-rapides.png\" alt=\"Les d\u00e9p\u00f4ts et retraits sur Casumo casino sont rapides\" width=\"1536\" height=\"920\" class=\"size-full wp-image-24196\" srcset=\"https:\/\/mediafr.bonus.ca\/images\/Casumo-paiements-rapides.png 1536w, https:\/\/mediafr.bonus.ca\/images\/Casumo-paiements-rapides-300x180.png 300w, https:\/\/mediafr.bonus.ca\/images\/Casumo-paiements-rapides-1024x613.png 1024w, https:\/\/mediafr.bonus.ca\/images\/Casumo-paiements-rapides-1048x628.png 1048w\" sizes=\"auto, (max-width: 1536px) 100vw, 1536px\" \/><p id=\"caption-attachment-24196\" class=\"wp-caption-text\">Toutes les m\u00e9thodes de d\u00e9p\u00f4t sont instantan\u00e9es et les retraits sont tr\u00e8s rapides.<\/p><\/div>\n<h2>Support Client<\/h2>\n<p>Quand il s&#8217;agit de support client, Casumo brille. <\/p>\n<p>Le casino offre une fonctionnalit\u00e9 de <strong>chat en direct disponible 24\/7<\/strong>, garantissant que les joueurs peuvent obtenir de l&#8217;aide rapidement quand ils en ont besoin. <\/p>\n<p>Le personnel de soutien est connu pour \u00eatre comp\u00e9tent, amical et d\u00e9sireux d&#8217;aider \u00e0 r\u00e9soudre toute question ou probl\u00e8me.<\/p>\n<p>L&#8217;\u00e9quipe de soutien \u00e0 la client\u00e8le peut \u00eatre contact\u00e9e \u00e0 <strong>hey@casumo.com<\/strong> ou par <strong>clavardage en direct<\/strong>. <\/p>\n<p>Je recommande d&#8217;utiliser le clavardage en direct, qui est le moyen le plus rapide de communiquer avec vous. <\/p>\n<p>Vous pouvez \u00e9galement <strong>consulter la section FAQ<\/strong>, o\u00f9 vous trouverez les r\u00e9ponses aux questions les plus g\u00e9n\u00e9rales.<\/p>\n<h2>Jeu Responsable<\/h2>\n<p>Casumo accorde une <strong>grande importance au jeu responsable<\/strong>. <\/p>\n<p>Le casino met \u00e0 disposition des outils et des ressources pour que les joueurs puissent d\u00e9finir des limites, prendre des pauses ou s&#8217;exclure volontairement si n\u00e9cessaire. <\/p>\n<p>Cet engagement envers le bien-\u00eatre des joueurs ajoute une couche suppl\u00e9mentaire de confiance et de cr\u00e9dibilit\u00e9 \u00e0 la plateforme.<\/p>\n<p>La fonctionnalit\u00e9 en produit de Casumo s&#8217;appelle <strong>&#8220;Jouez en toute tranquillit\u00e9&#8221;<\/strong> (Play Okay) et vous permet de contr\u00f4ler votre exp\u00e9rience.<\/p>\n<h3>S\u00e9curit\u00e9<\/h3>\n<p>Le casino utilise une <strong>technologie de chiffrement<\/strong> pour prot\u00e9ger les informations personnelles et financi\u00e8res des joueurs.<\/p>\n<p>Il s&#8217;agit d&#8217;une norme de l&#8217;industrie que tous les casinos sous licence utilisent pour garantir votre confidentialit\u00e9. <\/p>\n<p>Le facteur de confidentialit\u00e9 est l&#8217;une des nombreuses raisons pour lesquelles je recommande toujours de jouer exclusivement sur des casinos en ligne s\u00fbrs et s\u00e9curis\u00e9s. <\/p>\n<h2>Conclusion<\/h2>\n<p><strong>Casumo Casino excelle dans son programme de fid\u00e9lisation<\/strong>; l&#8217;aventure Casumo a une exp\u00e9rience utilisateur sup\u00e9rieure ainsi que de super bonus et r\u00e9compenses.<\/p>\n<p>En plus d&#8217;\u00eatre amusant \u00e0 regarder, Casumo est \u00e9galement un casino en ligne interessant. <\/p>\n<p>Sur tous les casinos list\u00e9s ici sur BonusFinder, Casumo a le meilleur programme de fid\u00e9lit\u00e9 qui r\u00e9compense les joueurs r\u00e9guliers au lieu de servir uniquement les gros joueurs.<\/p>\n<h3>Casumo Casino Canada pour les Joueurs Canadiens <\/h3>\n<p>Derri\u00e8re son apparence color\u00e9e, Casumo Casino est un <strong>casino en ligne moderne avec des centaines de jeux<\/strong> con\u00e7us par tous les d\u00e9veloppeurs de jeux de casino. <\/p>\n<p>Il prend en charge les dollars canadiens et les m\u00e9thodes bancaires sp\u00e9cifiques au Canada (comme InstaDebit), de sorte que le transfert d&#8217;argent est facile. <\/p>\n","protected":false},"excerpt":{"rendered":"<p>Casumo Canada: Avis Casumo Casino est un casino en ligne con\u00e7u pour vous faire sourire. Le casino en ligne Casumo se vante d&#8217;\u00eatre le premier casino aventure au monde. Le site est rempli de personnages \u00e9tranges, joyeux et amicaux, aux couleurs vives, de vaisseaux spatiaux et d&#8217;autres cr\u00e9atures. Il est con\u00e7u dans le style d&#8217;une [&hellip;]<\/p>\n","protected":false},"author":123,"featured_media":0,"parent":0,"menu_order":0,"comment_status":"closed","ping_status":"closed","template":"","meta":{"inline_featured_image":false,"_glsr_average":0,"_glsr_ranking":0,"_glsr_reviews":0,"footnotes":""},"class_list":["post-3562","page","type-page","status-publish","hentry"],"yoast_head":"<!-- This site is optimized with the Yoast SEO plugin v27.5 - https:\/\/yoast.com\/product\/yoast-seo-wordpress\/ -->\n<title>Casumo Casino Canada: 99 free spins sur Gates of Olympus<\/title>\n<meta name=\"description\" content=\"Analyse compl\u00e8te du site, bonus de 2000\u202f$, 99 free spins, app, options de paiement canadiennes et avis sur le programme de fid\u00e9lit\u00e9.\" \/>\n<meta name=\"robots\" content=\"index, follow, max-snippet:-1, max-image-preview:large, max-video-preview:-1\" \/>\n<link rel=\"canonical\" href=\"https:\/\/www.bonus.ca\/fr\/casumo\" \/>\n<meta property=\"og:type\" content=\"article\" \/>\n<meta property=\"og:title\" content=\"Casumo Casino Canada: 99 free spins sur Gates of Olympus\" \/>\n<meta property=\"og:description\" content=\"Analyse compl\u00e8te du site, bonus de 2000\u202f$, 99 free spins, app, options de paiement canadiennes et avis sur le programme de fid\u00e9lit\u00e9.\" \/>\n<meta property=\"og:url\" content=\"https:\/\/www.bonus.ca\/fr\/casumo\" \/>\n<meta property=\"article:published_time\" content=\"2017-02-19T15:53:15+00:00\" \/>\n<meta property=\"article:modified_time\" content=\"2026-04-02T12:50:34+00:00\" \/>\n<meta property=\"og:image\" content=\"https:\/\/mediafr.bonus.ca\/images\/Yellow-Scribble-Doodle-Concept-Map-Graph-3.png\" \/>\n<meta name=\"twitter:card\" content=\"summary_large_image\" \/>\n<meta name=\"twitter:label1\" content=\"Est. reading time\" \/>\n\t<meta name=\"twitter:data1\" content=\"8 minutes\" \/>\n<!-- \/ Yoast SEO plugin. -->","yoast_head_json":{"title":"Casumo Casino Canada: 99 free spins sur Gates of Olympus","description":"Analyse compl\u00e8te du site, bonus de 2000\u202f$, 99 free spins, app, options de paiement canadiennes et avis sur le programme de fid\u00e9lit\u00e9.","robots":{"index":"index","follow":"follow","max-snippet":"max-snippet:-1","max-image-preview":"max-image-preview:large","max-video-preview":"max-video-preview:-1"},"canonical":"https:\/\/www.bonus.ca\/fr\/casumo","og_type":"article","og_title":"Casumo Casino Canada: 99 free spins sur Gates of Olympus","og_description":"Analyse compl\u00e8te du site, bonus de 2000\u202f$, 99 free spins, app, options de paiement canadiennes et avis sur le programme de fid\u00e9lit\u00e9.","og_url":"https:\/\/www.bonus.ca\/fr\/casumo","article_published_time":"2017-02-19T15:53:15+00:00","article_modified_time":"2026-04-02T12:50:34+00:00","og_image":[{"url":"https:\/\/mediafr.bonus.ca\/images\/Yellow-Scribble-Doodle-Concept-Map-Graph-3.png","type":"","width":"","height":""}],"twitter_card":"summary_large_image","twitter_misc":{"Est. reading time":"8 minutes"},"schema":{"@context":"https:\/\/schema.org","@graph":[{"@type":"WebPage","@id":"https:\/\/www.bonus.ca\/fr\/casumo","url":"https:\/\/www.bonus.ca\/fr\/casumo","name":"Casumo Casino Canada: 99 free spins sur Gates of Olympus","isPartOf":{"@id":"\/#website"},"primaryImageOfPage":{"@id":"https:\/\/www.bonus.ca\/fr\/casumo#primaryimage"},"image":{"@id":"https:\/\/www.bonus.ca\/fr\/casumo#primaryimage"},"thumbnailUrl":"https:\/\/www.fr.bonus.ca\/fr\/images\/Yellow-Scribble-Doodle-Concept-Map-Graph-3.png","datePublished":"2017-02-19T15:53:15+00:00","dateModified":"2026-04-02T12:50:34+00:00","description":"Analyse compl\u00e8te du site, bonus de 2000\u202f$, 99 free spins, app, options de paiement canadiennes et avis sur le programme de fid\u00e9lit\u00e9.","breadcrumb":{"@id":"https:\/\/www.bonus.ca\/fr\/casumo#breadcrumb"},"inLanguage":"en-US","potentialAction":[{"@type":"ReadAction","target":["https:\/\/www.bonus.ca\/fr\/casumo"]}]},{"@type":"ImageObject","inLanguage":"en-US","@id":"https:\/\/www.bonus.ca\/fr\/casumo#primaryimage","url":"https:\/\/www.fr.bonus.ca\/fr\/images\/Yellow-Scribble-Doodle-Concept-Map-Graph-3.png","contentUrl":"https:\/\/www.fr.bonus.ca\/fr\/images\/Yellow-Scribble-Doodle-Concept-Map-Graph-3.png"},{"@type":"BreadcrumbList","@id":"https:\/\/www.bonus.ca\/fr\/casumo#breadcrumb","itemListElement":[{"@type":"ListItem","position":1,"name":"Home","item":"https:\/\/www.bonus.ca\/fr\/"},{"@type":"ListItem","position":2,"name":"Casumo Casino"}]},{"@type":"WebSite","@id":"\/#website","url":"\/","name":"BonusFinder Canada (Fran\u00e7ais)","description":"La source de bonus n\u00b0 1 au Canada","potentialAction":[{"@type":"SearchAction","target":{"@type":"EntryPoint","urlTemplate":"\/?s={search_term_string}"},"query-input":{"@type":"PropertyValueSpecification","valueRequired":true,"valueName":"search_term_string"}}],"inLanguage":"en-US"}]}},"_links":{"self":[{"href":"https:\/\/www.bonus.ca\/fr\/wp-json\/wp\/v2\/pages\/3562","targetHints":{"allow":["GET"]}}],"collection":[{"href":"https:\/\/www.bonus.ca\/fr\/wp-json\/wp\/v2\/pages"}],"about":[{"href":"https:\/\/www.bonus.ca\/fr\/wp-json\/wp\/v2\/types\/page"}],"author":[{"embeddable":true,"href":"https:\/\/www.bonus.ca\/fr\/wp-json\/wp\/v2\/users\/123"}],"replies":[{"embeddable":true,"href":"https:\/\/www.bonus.ca\/fr\/wp-json\/wp\/v2\/comments?post=3562"}],"version-history":[{"count":15,"href":"https:\/\/www.bonus.ca\/fr\/wp-json\/wp\/v2\/pages\/3562\/revisions"}],"predecessor-version":[{"id":26474,"href":"https:\/\/www.bonus.ca\/fr\/wp-json\/wp\/v2\/pages\/3562\/revisions\/26474"}],"wp:attachment":[{"href":"https:\/\/www.bonus.ca\/fr\/wp-json\/wp\/v2\/media?parent=3562"}],"curies":[{"name":"wp","href":"https:\/\/api.w.org\/{rel}","templated":true}]}}