{"id":25169,"date":"2025-07-24T13:39:59","date_gmt":"2025-07-24T13:39:59","guid":{"rendered":"https:\/\/www.fr.bonus.ca\/fr\/?page_id=25169"},"modified":"2025-07-25T06:44:02","modified_gmt":"2025-07-25T06:44:02","slug":"google-pay","status":"publish","type":"page","link":"https:\/\/www.bonus.ca\/fr\/casino-en-ligne\/google-pay","title":{"rendered":"Casino Google Pay"},"content":{"rendered":"<h2>Qu&#8217;est-ce qu&#8217;un casino Google Pay ?<\/h2>\n<p>Ces sites sont exactement ce qu&#8217;ils pr\u00e9tendent \u00eatre : un <a href=\"https:\/\/www.fr.bonus.ca\/fr\/casino-en-ligne\/retraits-rapides\">casino \u00e0 retrait rapide au Canada<\/a> qui accepte les paiements via Google Pay.<\/p>\n<p>C&#8217;est aussi simple que cela. Contrairement \u00e0 d&#8217;autres m\u00e9thodes de paiement en ligne, Google Pay est uniquement disponible pour les d\u00e9p\u00f4ts, ce qui signifie que vous ne pourrez pas retirer vos gains de casino avec ce moyen de paiement.<\/p>\n<p>En ce qui concerne la qualit\u00e9 des casinos Google Pay, certains sont excellents, d&#8217;autres valent moins le d\u00e9tour. Heureusement, si vous \u00eates ici, c&#8217;est que vous ne trouverez que le meilleur.<\/p>\n<p>Nos coll\u00e8gues experts en jeux d&#8217;argent et moi avons explor\u00e9 le march\u00e9 canadien de l&#8217;iGaming pour s\u00e9lectionner les <a href=\"https:\/\/www.fr.bonus.ca\/fr\/casino-en-ligne\">casinos en ligne populaires en argent r\u00e9el<\/a> canadiens qui acceptent Google Pay et offrent de gros bonus, un vaste choix de jeux.<\/p>\n<h2>Comment fonctionne Google Pay dans un casino ?<\/h2>\n<p>Si vous utilisez d\u00e9j\u00e0 Google Pay pour vos paiements en ligne, vous avez une longueur d&#8217;avance. <\/p>\n<p>Sinon, pas d&#8217;inqui\u00e9tude : <strong>utiliser Google Pay dans un casino en ligne est rapide et simple<\/strong>. <\/p>\n<p>Commencez par ajouter une carte de d\u00e9bit ou de cr\u00e9dit \u00e0 votre compte GPay. Ensuite, inscrivez-vous sur l&#8217;un des meilleurs casinos canadiens acceptant Google Pay, puis acc\u00e9dez \u00e0 la section bancaire une fois connect\u00e9.<\/p>\n<p>C&#8217;est l\u00e0 que vous verrez la simplicit\u00e9 de Google Pay en action. Avec votre carte enregistr\u00e9e, il suffit de saisir le CVV (<strong>le code de s\u00e9curit\u00e9 au dos de votre carte<\/strong>) pour valider la transaction, et le tour est jou\u00e9. Chaque d\u00e9p\u00f4t avec Google Pay est rapide, fluide et convivial.<\/p>\n<p>N&#8217;oubliez pas que les d\u00e9p\u00f4ts via Google Pay depuis un t\u00e9l\u00e9phone sont encore plus simples. <\/p>\n<p>Les smartphones permettent des validations biom\u00e9triques, ajoutant une <strong>s\u00e9curit\u00e9 suppl\u00e9mentaire<\/strong> \u00e0 celle d\u00e9j\u00e0 offerte par Google Pay.<\/p>\n<h2>Meilleurs casinos Google Pay au Canada<\/h2>\n<p><img loading=\"lazy\" decoding=\"async\" src=\"https:\/\/mediafr.fr.bonus.ca\/images\/google-pay.png\" alt=\"Meilleurs casinos en ligne avec Google Pay\" width=\"1536\" height=\"920\" class=\"alignnone size-full wp-image-25171\" srcset=\"https:\/\/mediafr.bonus.ca\/images\/google-pay.png 1536w, https:\/\/mediafr.bonus.ca\/images\/google-pay-300x180.png 300w, https:\/\/mediafr.bonus.ca\/images\/google-pay-1024x613.png 1024w, https:\/\/mediafr.bonus.ca\/images\/google-pay-1048x628.png 1048w\" sizes=\"auto, (max-width: 1536px) 100vw, 1536px\" \/><\/p>\n<ol>\n<li>Sushi Casino : Meilleur casino en ligne acceptant Google Pay<\/li>\n<li><a href=\"https:\/\/www.fr.bonus.ca\/fr\/bitstarz\">BitStarz Casino<\/a> : Meilleurs bonus avec l&#8217;application Google Pay<\/li>\n<li><a href=\"https:\/\/www.fr.bonus.ca\/fr\/playojo\">PlayOJO Casino<\/a> : Meilleur casino Google Pay avec faible exigence de mise<\/li>\n<li><a href=\"https:\/\/www.fr.bonus.ca\/fr\/betway\">Betway Casino<\/a> : Meilleur casino mobile acceptant Google Pay<\/li>\n<\/ol>\n<h3>Sushi Casino : Meilleur casino Google Pay en g\u00e9n\u00e9ral<\/h3>\n<p>Contre toute attente, j&#8217;ai choisi un nouveau venu comme meilleur casino Google Pay au Canada.<\/p>\n<p>Sushi Casino a \u00e9t\u00e9 lanc\u00e9 en 2023 et s\u00e9duit d\u00e9j\u00e0 avec plus de 6 900 jeux. <\/p>\n<p>Les amateurs de jeux n&#8217;ont pas tard\u00e9 \u00e0 affluer. Le site propose un bonus de d\u00e9p\u00f4t de 100 % jusqu&#8217;\u00e0 2 625 $ pour les nouveaux joueurs (compatible avec Google Pay), un excellent point de d\u00e9part avant de rejoindre l&#8217;un des meilleurs programmes VIP du pays.<\/p>\n<p>[table_start]<br \/>\n[table_head column-1=&#8221;D\u00e9p\u00f4t minimum&#8221; column-2=&#8221;Retrait maximum&#8221; column-3=&#8221;D\u00e9lai de retrait&#8221;]<br \/>\n[table_row column-1=&#8221;15 $&#8221; column-2=&#8221;12 000 $&#8221; column-3=&#8221;1 \u00e0 5 jours&#8221;]<br \/>\n[table_end] <\/p>\n<h3>BitStarz Casino : Meilleurs bonus Google Pay<\/h3>\n<p>Le nombre d&#8217;inscriptions sur BitStarz Casino explose, et pour cause : la plateforme regorge de bonus.<\/p>\n<p>Pour commencer, une offre de 4 500 $ et 225 tours gratuits vous attend. <\/p>\n<p>Et ce n&#8217;est que le d\u00e9but : bonus de recharge quotidiens, tours gratuits, cashbacks, et m\u00eame un programme VIP.<\/p>\n<p>[table_start]<br \/>\n[table_head column-1=&#8221;D\u00e9p\u00f4t minimum&#8221; column-2=&#8221;Retrait maximum&#8221; column-3=&#8221;D\u00e9lai de retrait&#8221;]<br \/>\n[table_row column-1=&#8221;30 $&#8221; column-2=&#8221;6 000 $&#8221; column-3=&#8221;1 \u00e0 7 jours&#8221;]<br \/>\n[table_end] <\/p>\n<h3>PlayOJO Casino : Meilleur casino Google Pay avec faible mise<\/h3>\n<p>PlayOJO est un excellent choix, notamment gr\u00e2ce \u00e0 ses <a href=\"https:\/\/www.fr.bonus.ca\/fr\/casino-bonus\/sans-conditions\">bonus sans exigence de mise<\/a>. Les gains issus de vos bonus vous appartiennent directement. <\/p>\n<p>L&#8217;offre de bienvenue inclut 50 tours gratuits sans aucune condition de mise, accessibles via Google Pay. <\/p>\n<p>M\u00eame les bonus de recharge sont sans conditions, ce qui place PlayOJO en t\u00eate du classement.<\/p>\n<p>[table_start]<br \/>\n[table_head column-1=&#8221;D\u00e9p\u00f4t minimum&#8221; column-2=&#8221;Retrait maximum&#8221; column-3=&#8221;D\u00e9lai de retrait&#8221;]<br \/>\n[table_row column-1=&#8221;10 $&#8221; column-2=&#8221;5 000 $&#8221; column-3=&#8221;24 heures&#8221;]<br \/>\n[table_end] <\/p>\n<h3>Betway Casino : Meilleur casino mobile Google Pay<\/h3>\n<p>Betway est l&#8217;un des meilleurs casinos Google Pay au Canada proposant une application native pour iOS et Android. <\/p>\n<p>Cela offre une exp\u00e9rience mobile optimale via l&#8217;application Betway Casino. <\/p>\n<p>Activez les notifications pour rester inform\u00e9 des bonus et des nouveaux jeux. <\/p>\n<p>Le site mobile, optimis\u00e9 HTML5, propose une interface fluide, une <strong>offre de bienvenue de 750 $<\/strong>, des exclusivit\u00e9s Betway et m\u00eame des jeux en direct.<\/p>\n<p>[table_start]<br \/>\n[table_head column-1=&#8221;D\u00e9p\u00f4t minimum&#8221; column-2=&#8221;Retrait maximum&#8221; column-3=&#8221;D\u00e9lai de retrait&#8221;]<br \/>\n[table_row column-1=&#8221;10 $&#8221; column-2=&#8221;4 000 $&#8221; column-3=&#8221;1 \u00e0 3 jours&#8221;]<br \/>\n[table_end] <\/p>\n<h3>FireVegas Casino : Meilleure s\u00e9lection de jeux<\/h3>\n<p>FireVegas Casino se d\u00e9marque gr\u00e2ce \u00e0 l&#8217;une des meilleures s\u00e9lections de jeux en argent r\u00e9el accessibles via Google Pay.<\/p>\n<p>Plus de <strong>3 000 titres de qualit\u00e9<\/strong>, incluant machines \u00e0 sous, jeux de table, croupiers en direct et jackpots. <\/p>\n<p>Ce n&#8217;est pas seulement la quantit\u00e9 qui impressionne, mais la qualit\u00e9 constante, avec des jeux sign\u00e9s NetEnt, Blueprint, Microgaming, et d&#8217;autres grands noms.<\/p>\n<p>[table_start]<br \/>\n[table_head column-1=&#8221;D\u00e9p\u00f4t minimum&#8221; column-2=&#8221;Retrait maximum&#8221; column-3=&#8221;D\u00e9lai de retrait&#8221;]<br \/>\n[table_row column-1=&#8221;20 $&#8221; column-2=&#8221;5 000 $&#8221; column-3=&#8221;1 \u00e0 4 jours&#8221;]<br \/>\n[table_end] <\/p>\n<h2>Comment nous \u00e9valuons les casinos Google Pay<\/h2>\n<p>Plusieurs indicateurs permettent de savoir si un casino offre une bonne exp\u00e9rience. <\/p>\n<p>Nous nous concentrons uniquement sur <strong>les meilleurs casinos Google Pay<\/strong>, en \u00e9valuant la s\u00e9lection de jeux, les bonus, la s\u00e9curit\u00e9 et d&#8217;autres crit\u00e8res cl\u00e9s. <\/p>\n<p>Plus un casino obtient un bon score dans ces domaines, meilleure sera votre exp\u00e9rience.<\/p>\n<ol>\n<li>D\u00e9p\u00f4t facile avec Google Pay : La m\u00e9thode doit \u00eatre simple \u00e0 trouver, s\u00e9curis\u00e9e et permettre d&#8217;enregistrer des infos pour les prochains d\u00e9p\u00f4ts.<\/li>\n<li>Vitesse de retrait : M\u00eame si Google Pay ne permet pas les retraits, les autres m\u00e9thodes doivent \u00eatre rapides et fiables.<\/li>\n<li>Bonus \u00e9ligibles avec Google Pay : Le d\u00e9p\u00f4t initial via Google Pay doit donner droit \u00e0 un bon bonus. Je v\u00e9rifie \u00e9galement les bonus disponibles pour les joueurs r\u00e9guliers.<\/li>\n<li>Exigences de mise faibles : Une exigence de 30x \u00e0 40x est moyenne. Je privil\u00e9gie les bonus avec des conditions plus avantageuses.<\/li>\n<li>Choix de jeux : Les meilleurs casinos Google Pay offrent des milliers de jeux vari\u00e9s : croupiers en direct, machines \u00e0 sous, jackpots, etc.<\/li>\n<\/ol>\n<h2>Avantages et inconv\u00e9nients du service<\/h2>\n<p>Une fois que vous aurez test\u00e9 la rapidit\u00e9, la simplicit\u00e9 et l&#8217;absence de frais de Google Pay, vous risquez de l&#8217;adopter. Cependant, son principal inconv\u00e9nient reste l&#8217;impossibilit\u00e9 d&#8217;effectuer des retraits.<\/p>\n<p>Voici les principaux avantages et inconv\u00e9nients \u00e0 garder en t\u00eate :<\/p>\n<p>\t<div class=\"pros-cons-item pro list-item\">\n\t\t<div class=\"list-item-icon\">\n\t\t\t<div class=\"icon-small\">\n\t\t\t\t<svg width=\"100%\" height=\"100%\" viewBox=\"0 0 24 24\" fill=\"none\" xmlns=\"http:\/\/www.w3.org\/2000\/svg\" aria-labelledby=\"proTitle proDesc\">\n\t<title id=\"proTitle\">Plus sign<\/title>\n\t<desc id=\"proDesc\">White plus sign on green background<\/desc>\n\t<path d=\"M15 3C15 2.44772 14.5523 2 14 2L10 2C9.44772 2 9 2.44772 9 3V9H3C2.44772 9 2 9.44772 2 10V14C2 14.5523 2.44772 15 3 15H9V21C9 21.5523 9.44771 22 10 22H14C14.5523 22 15 21.5523 15 21V15H21C21.5523 15 22 14.5523 22 14V10C22 9.44772 21.5523 9 21 9H15V3Z\" fill=\"currentColor\"><\/path>\n<\/svg>\n\n\t\t\t<\/div>\n\t\t<\/div>\n\t\t<div class=\"text\">Donn\u00e9es de paiement prot\u00e9g\u00e9es<\/div>\n\t<\/div>\n<br \/>\n\t<div class=\"pros-cons-item pro list-item\">\n\t\t<div class=\"list-item-icon\">\n\t\t\t<div class=\"icon-small\">\n\t\t\t\t<svg width=\"100%\" height=\"100%\" viewBox=\"0 0 24 24\" fill=\"none\" xmlns=\"http:\/\/www.w3.org\/2000\/svg\" aria-labelledby=\"proTitle proDesc\">\n\t<title id=\"proTitle\">Plus sign<\/title>\n\t<desc id=\"proDesc\">White plus sign on green background<\/desc>\n\t<path d=\"M15 3C15 2.44772 14.5523 2 14 2L10 2C9.44772 2 9 2.44772 9 3V9H3C2.44772 9 2 9.44772 2 10V14C2 14.5523 2.44772 15 3 15H9V21C9 21.5523 9.44771 22 10 22H14C14.5523 22 15 21.5523 15 21V15H21C21.5523 15 22 14.5523 22 14V10C22 9.44772 21.5523 9 21 9H15V3Z\" fill=\"currentColor\"><\/path>\n<\/svg>\n\n\t\t\t<\/div>\n\t\t<\/div>\n\t\t<div class=\"text\">Paiements en un clic<\/div>\n\t<\/div>\n<br \/>\n\t<div class=\"pros-cons-item pro list-item\">\n\t\t<div class=\"list-item-icon\">\n\t\t\t<div class=\"icon-small\">\n\t\t\t\t<svg width=\"100%\" height=\"100%\" viewBox=\"0 0 24 24\" fill=\"none\" xmlns=\"http:\/\/www.w3.org\/2000\/svg\" aria-labelledby=\"proTitle proDesc\">\n\t<title id=\"proTitle\">Plus sign<\/title>\n\t<desc id=\"proDesc\">White plus sign on green background<\/desc>\n\t<path d=\"M15 3C15 2.44772 14.5523 2 14 2L10 2C9.44772 2 9 2.44772 9 3V9H3C2.44772 9 2 9.44772 2 10V14C2 14.5523 2.44772 15 3 15H9V21C9 21.5523 9.44771 22 10 22H14C14.5523 22 15 21.5523 15 21V15H21C21.5523 15 22 14.5523 22 14V10C22 9.44772 21.5523 9 21 9H15V3Z\" fill=\"currentColor\"><\/path>\n<\/svg>\n\n\t\t\t<\/div>\n\t\t<\/div>\n\t\t<div class=\"text\">Aucuns frais <\/div>\n\t<\/div>\n<br \/>\n<div class=\"pros-cons-item con list-item\">\n\t\t<div class=\"list-item-icon\">\n\t\t\t<div class=\"icon-small\">\n\t\t\t\t<svg width=\"100%\" height=\"100%\" viewBox=\"0 0 24 24\" fill=\"none\" xmlns=\"http:\/\/www.w3.org\/2000\/svg\" aria-labelledby=\"conTitle conDesc\">\n\t<title id=\"conTitle\">Minus sign<\/title>\n\t<desc id=\"conDesc\">White minus sign on red background<\/desc>\n\t<rect x=\"2\" y=\"9\" width=\"20\" height=\"6\" rx=\"1\" fill=\"currentColor\"><\/rect>\n<\/svg>\n\n\t\t\t<\/div>\n\t\t<\/div>\n\t\t<div class=\"text\">Pas de retraits possibles<\/div>\n\t<\/div>\n<br \/>\n<div class=\"pros-cons-item con list-item\">\n\t\t<div class=\"list-item-icon\">\n\t\t\t<div class=\"icon-small\">\n\t\t\t\t<svg width=\"100%\" height=\"100%\" viewBox=\"0 0 24 24\" fill=\"none\" xmlns=\"http:\/\/www.w3.org\/2000\/svg\" aria-labelledby=\"conTitle conDesc\">\n\t<title id=\"conTitle\">Minus sign<\/title>\n\t<desc id=\"conDesc\">White minus sign on red background<\/desc>\n\t<rect x=\"2\" y=\"9\" width=\"20\" height=\"6\" rx=\"1\" fill=\"currentColor\"><\/rect>\n<\/svg>\n\n\t\t\t<\/div>\n\t\t<\/div>\n\t\t<div class=\"text\">Certains bonus non compatibles avec Google Pay<\/div>\n\t<\/div>\n<\/p>\n<h2>Paiements dans les casinos Google Pay<\/h2>\n<p>Avant de faire un d\u00e9p\u00f4t via Google Pay, assurez-vous de remplir certaines conditions. <\/p>\n<p>Vous devez d&#8217;abord cr\u00e9er un compte Google Pay via l&#8217;application sur votre t\u00e9l\u00e9phone ou ordinateur. <\/p>\n<p>Ensuite, enregistrez une carte de cr\u00e9dit ou de d\u00e9bit dans votre compte de casino pour pouvoir effectuer des d\u00e9p\u00f4ts.<\/p>\n<p>Voici les \u00e9tapes \u00e0 suivre pour un d\u00e9p\u00f4t :<\/p>\n<ul>\n<li>Connectez-vous \u00e0 votre compte casino (ou cr\u00e9ez-en un) et acc\u00e9dez \u00e0 la section bancaire.<\/li>\n<li>S\u00e9lectionnez Google Pay comme m\u00e9thode de d\u00e9p\u00f4t.<\/li>\n<li>Indiquez le montant et le CVV de la carte li\u00e9e.<\/li>\n<li>Validez la transaction et v\u00e9rifiez que les fonds ont bien \u00e9t\u00e9 ajout\u00e9s.<\/li>\n<\/ul>\n<h3>Limites de paiement<\/h3>\n<p>Chaque casino Google Pay au Canada impose ses propres limites minimales et maximales. Toutefois, dans de nombreux cas, les plafonds atteignent plusieurs milliers de dollars. <\/p>\n<p>Sauf si vous \u00eates un gros joueur, ces limites ne poseront pas de probl\u00e8me. Certains casinos recommand\u00e9s permettent des <a href=\"https:\/\/www.fr.bonus.ca\/fr\/casino-bonus\/depot-minimum\/casino-depot-10\">d\u00e9p\u00f4ts minimum 10 $<\/a>, ce qui reste conforme \u00e0 la majorit\u00e9 des autres moyens de paiement au Canada.<\/p>\n<h3>Qu&#8217;en est-il des retraits avec Google Pay ?<\/h3>\n<p>Actuellement, Google Pay ne permet pas de retirer des fonds. Cela pourrait \u00e9voluer \u00e0 l&#8217;avenir, si Google d\u00e9cide d&#8217;am\u00e9liorer les fonctionnalit\u00e9s de son service. <\/p>\n<p>Mais pour l&#8217;instant, <strong>aucun casino en ligne canadien ne propose de retrait via Google Pay<\/strong>.<\/p>\n<h2>Meilleures machines \u00e0 sous Google Pay<\/h2>\n<p>Les machines \u00e0 sous restent les jeux les plus populaires. Les meilleurs sites en proposent des milliers, incluant des Megaways, jackpots, classiques, etc. <\/p>\n<p>Aucune r\u00e8gle compliqu\u00e9e \u00e0 retenir comme au poker ou blackjack. Vous pouvez commencer imm\u00e9diatement, mais voici trois titres \u00e0 essayer : Sweet Bonanza, <a href=\"https:\/\/www.fr.bonus.ca\/fr\/machines-a-sous-gratuites\/mega-moolah\">Mega Moolah<\/a>, et Gonzo&#8217;s Quest Megaways.<\/p>\n<h3>Sweet Bonanza<\/h3>\n<p>Sweet Bonanza est une machine tr\u00e8s appr\u00e9ci\u00e9e avec des gains en grappes, des rouleaux en cascade et des jackpots attrayants. Son univers color\u00e9 fa\u00e7on pays des bonbons est irr\u00e9sistible. Avec des gains pouvant atteindre 21 100 fois la mise, ce jeu risque de vous plaire.<\/p>\n<h3>Mega Moolah<\/h3>\n<p>Mega Moolah est la r\u00e9f\u00e9rence des jackpots progressifs. Elle d\u00e9tient le record de gain, avec plus de 20 millions $ remport\u00e9s en 2015. M\u00eame si ces sommes sont rares, la perspective d&#8217;un tel jackpot fait de ce jeu un incontournable.<\/p>\n<h3>Gonzo&#8217;s Quest Megaways<\/h3>\n<p>Le Gonzo&#8217;s Quest original a \u00e9t\u00e9 un succ\u00e8s d\u00e8s sa sortie. Red Tiger l&#8217;a modernis\u00e9 avec Gonzo&#8217;s Quest Megaways : plus de 100 000 lignes de paiement, des graphismes 3D et des multiplicateurs impressionnants. \u00c0 tester absolument.<\/p>\n","protected":false},"excerpt":{"rendered":"<p>Qu&#8217;est-ce qu&#8217;un casino Google Pay ? Ces sites sont exactement ce qu&#8217;ils pr\u00e9tendent \u00eatre : un casino \u00e0 retrait rapide au Canada qui accepte les paiements via Google Pay. C&#8217;est aussi simple que cela. Contrairement \u00e0 d&#8217;autres m\u00e9thodes de paiement en ligne, Google Pay est uniquement disponible pour les d\u00e9p\u00f4ts, ce qui signifie que vous [&hellip;]<\/p>\n","protected":false},"author":123,"featured_media":0,"parent":11032,"menu_order":0,"comment_status":"closed","ping_status":"closed","template":"","meta":{"inline_featured_image":false,"_glsr_average":0,"_glsr_ranking":0,"_glsr_reviews":0,"footnotes":""},"class_list":["post-25169","page","type-page","status-publish","hentry"],"yoast_head":"<!-- This site is optimized with the Yoast SEO plugin v27.5 - https:\/\/yoast.com\/product\/yoast-seo-wordpress\/ -->\n<title>Meilleurs casinos Google Pay au Canada en [year]<\/title>\n<meta name=\"description\" content=\"Liste des meilleurs casinos Google Pay au Canada | Casinos en ligne qui acceptent Google Pay | D\u00e9p\u00f4ts rapides, pratiques et sans frais.\" \/>\n<meta name=\"robots\" content=\"index, follow, max-snippet:-1, max-image-preview:large, max-video-preview:-1\" \/>\n<link rel=\"canonical\" href=\"https:\/\/www.bonus.ca\/fr\/casino-en-ligne\/google-pay\" \/>\n<meta property=\"og:type\" content=\"article\" \/>\n<meta property=\"og:title\" content=\"Meilleurs casinos Google Pay au Canada en [year]\" \/>\n<meta property=\"og:description\" content=\"Liste des meilleurs casinos Google Pay au Canada | Casinos en ligne qui acceptent Google Pay | D\u00e9p\u00f4ts rapides, pratiques et sans frais.\" \/>\n<meta property=\"og:url\" content=\"https:\/\/www.bonus.ca\/fr\/casino-en-ligne\/google-pay\" \/>\n<meta property=\"article:published_time\" content=\"2025-07-24T13:39:59+00:00\" \/>\n<meta property=\"article:modified_time\" content=\"2025-07-25T06:44:02+00:00\" \/>\n<meta property=\"og:image\" content=\"https:\/\/mediafr.bonus.ca\/images\/google-pay.png\" \/>\n<meta name=\"twitter:card\" content=\"summary_large_image\" \/>\n<meta name=\"twitter:label1\" content=\"Est. reading time\" \/>\n\t<meta name=\"twitter:data1\" content=\"7 minutes\" \/>\n<!-- \/ Yoast SEO plugin. -->","yoast_head_json":{"title":"Meilleurs casinos Google Pay au Canada en [year]","description":"Liste des meilleurs casinos Google Pay au Canada | Casinos en ligne qui acceptent Google Pay | D\u00e9p\u00f4ts rapides, pratiques et sans frais.","robots":{"index":"index","follow":"follow","max-snippet":"max-snippet:-1","max-image-preview":"max-image-preview:large","max-video-preview":"max-video-preview:-1"},"canonical":"https:\/\/www.bonus.ca\/fr\/casino-en-ligne\/google-pay","og_type":"article","og_title":"Meilleurs casinos Google Pay au Canada en [year]","og_description":"Liste des meilleurs casinos Google Pay au Canada | Casinos en ligne qui acceptent Google Pay | D\u00e9p\u00f4ts rapides, pratiques et sans frais.","og_url":"https:\/\/www.bonus.ca\/fr\/casino-en-ligne\/google-pay","article_published_time":"2025-07-24T13:39:59+00:00","article_modified_time":"2025-07-25T06:44:02+00:00","og_image":[{"url":"https:\/\/mediafr.bonus.ca\/images\/google-pay.png","type":"","width":"","height":""}],"twitter_card":"summary_large_image","twitter_misc":{"Est. reading time":"7 minutes"},"schema":{"@context":"https:\/\/schema.org","@graph":[{"@type":"WebPage","@id":"https:\/\/www.bonus.ca\/fr\/casino-en-ligne\/google-pay","url":"https:\/\/www.bonus.ca\/fr\/casino-en-ligne\/google-pay","name":"Meilleurs casinos Google Pay au Canada en [year]","isPartOf":{"@id":"\/#website"},"primaryImageOfPage":{"@id":"https:\/\/www.bonus.ca\/fr\/casino-en-ligne\/google-pay#primaryimage"},"image":{"@id":"https:\/\/www.bonus.ca\/fr\/casino-en-ligne\/google-pay#primaryimage"},"thumbnailUrl":"https:\/\/mediafr.fr.bonus.ca\/images\/google-pay.png","datePublished":"2025-07-24T13:39:59+00:00","dateModified":"2025-07-25T06:44:02+00:00","description":"Liste des meilleurs casinos Google Pay au Canada | Casinos en ligne qui acceptent Google Pay | D\u00e9p\u00f4ts rapides, pratiques et sans frais.","breadcrumb":{"@id":"https:\/\/www.bonus.ca\/fr\/casino-en-ligne\/google-pay#breadcrumb"},"inLanguage":"en-US","potentialAction":[{"@type":"ReadAction","target":["https:\/\/www.bonus.ca\/fr\/casino-en-ligne\/google-pay"]}]},{"@type":"ImageObject","inLanguage":"en-US","@id":"https:\/\/www.bonus.ca\/fr\/casino-en-ligne\/google-pay#primaryimage","url":"https:\/\/mediafr.fr.bonus.ca\/images\/google-pay.png","contentUrl":"https:\/\/mediafr.fr.bonus.ca\/images\/google-pay.png"},{"@type":"BreadcrumbList","@id":"https:\/\/www.bonus.ca\/fr\/casino-en-ligne\/google-pay#breadcrumb","itemListElement":[{"@type":"ListItem","position":1,"name":"Home","item":"https:\/\/www.bonus.ca\/fr\/"},{"@type":"ListItem","position":2,"name":"Casino argent r\u00e9\u00e8l","item":"https:\/\/www.bonus.ca\/fr\/casino-en-ligne"},{"@type":"ListItem","position":3,"name":"Casino Google Pay"}]},{"@type":"WebSite","@id":"\/#website","url":"\/","name":"BonusFinder Canada (Fran\u00e7ais)","description":"La source de bonus n\u00b0 1 au Canada","potentialAction":[{"@type":"SearchAction","target":{"@type":"EntryPoint","urlTemplate":"\/?s={search_term_string}"},"query-input":{"@type":"PropertyValueSpecification","valueRequired":true,"valueName":"search_term_string"}}],"inLanguage":"en-US"}]}},"_links":{"self":[{"href":"https:\/\/www.bonus.ca\/fr\/wp-json\/wp\/v2\/pages\/25169","targetHints":{"allow":["GET"]}}],"collection":[{"href":"https:\/\/www.bonus.ca\/fr\/wp-json\/wp\/v2\/pages"}],"about":[{"href":"https:\/\/www.bonus.ca\/fr\/wp-json\/wp\/v2\/types\/page"}],"author":[{"embeddable":true,"href":"https:\/\/www.bonus.ca\/fr\/wp-json\/wp\/v2\/users\/123"}],"replies":[{"embeddable":true,"href":"https:\/\/www.bonus.ca\/fr\/wp-json\/wp\/v2\/comments?post=25169"}],"version-history":[{"count":6,"href":"https:\/\/www.bonus.ca\/fr\/wp-json\/wp\/v2\/pages\/25169\/revisions"}],"predecessor-version":[{"id":25182,"href":"https:\/\/www.bonus.ca\/fr\/wp-json\/wp\/v2\/pages\/25169\/revisions\/25182"}],"up":[{"embeddable":true,"href":"https:\/\/www.bonus.ca\/fr\/wp-json\/wp\/v2\/pages\/11032"}],"wp:attachment":[{"href":"https:\/\/www.bonus.ca\/fr\/wp-json\/wp\/v2\/media?parent=25169"}],"curies":[{"name":"wp","href":"https:\/\/api.w.org\/{rel}","templated":true}]}}