{"id":24653,"date":"2025-04-22T08:54:03","date_gmt":"2025-04-22T08:54:03","guid":{"rendered":"https:\/\/www.fr.bonus.ca\/fr\/?page_id=24653"},"modified":"2026-04-02T12:47:09","modified_gmt":"2026-04-02T12:47:09","slug":"playgrand-casino","status":"publish","type":"page","link":"https:\/\/www.bonus.ca\/fr\/playgrand-casino","title":{"rendered":"PlayGrand Casino"},"content":{"rendered":"<h2>PlayGrand Casino au Canada<\/h2>\n<p>PlayGrand est un site de casino en ligne d\u00e9tenu par White Hat Gaming Limited. Ce fournisseur de casino bien \u00e9tabli a lanc\u00e9 avec succ\u00e8s plusieurs sites populaires aupr\u00e8s des joueurs. <\/p>\n<p>PlayGrand se concentre sur l&#8217;offre de la meilleure exp\u00e9rience de jeu possible en ligne.<\/p>\n<p>Tous les casinos de White Hat Gaming Limited sont 100 % s\u00fbrs et s\u00e9curis\u00e9s. Le site est licenci\u00e9 et r\u00e9gul\u00e9 par la UK Gambling Commission ainsi que la Malta Gaming Authority. <\/p>\n<p>Le casino en ligne propose des bonus et promotions int\u00e9ressants pour les nouveaux joueurs comme pour les clients existants, \u00e0 commencer par l&#8217;offre de <a href=\"https:\/\/www.fr.bonus.ca\/fr\/machines-a-sous-gratuites\/50-tours-gratuits\">50 tours gratuits sans d\u00e9p\u00f4t<\/a> \u00e0 l&#8217;inscription.<\/p>\n<div id=\"attachment_24655\" style=\"width: 1546px\" class=\"wp-caption alignnone\"><img loading=\"lazy\" decoding=\"async\" aria-describedby=\"caption-attachment-24655\" src=\"https:\/\/mediafr.fr.bonus.ca\/images\/playgrand-bonus.png\" alt=\"Bonus de bienvenue du casino Playgrand au Canada\" width=\"1536\" height=\"920\" class=\"size-full wp-image-24655\" srcset=\"https:\/\/mediafr.bonus.ca\/images\/playgrand-bonus.png 1536w, https:\/\/mediafr.bonus.ca\/images\/playgrand-bonus-300x180.png 300w, https:\/\/mediafr.bonus.ca\/images\/playgrand-bonus-1024x613.png 1024w, https:\/\/mediafr.bonus.ca\/images\/playgrand-bonus-1048x628.png 1048w\" sizes=\"auto, (max-width: 1536px) 100vw, 1536px\" \/><p id=\"caption-attachment-24655\" class=\"wp-caption-text\">Le casino Playgrand offre 150 tours gratuits dont 50 sans d\u00e9p\u00f4t et 1000\u2009$ \u00e0 tous les nouveaux joueurs canadiens.<\/p><\/div>\n<h2>Bonus de casino PlayGrand<\/h2>\n<p>L&#8217;<a href=\"https:\/\/www.fr.bonus.ca\/fr\/casino-bonus\">offre de bonus de casino<\/a> chez PlayGrand est un bonus de 100 % jusqu&#8217;\u00e0 300 $C + 100 tours gratuits. <\/p>\n<p>PlayGrand vous offre 100 % d&#8217;argent suppl\u00e9mentaire lorsque vous d\u00e9posez entre 20 $C et 300 $C. Vous obtenez des bonus de 25 % \u00e0 100 % r\u00e9partis sur vos trois premiers d\u00e9p\u00f4ts. <\/p>\n<p>Au premier d\u00e9p\u00f4t, vous recevez un bonus de 100 % jusqu&#8217;\u00e0 300 $C. Cette offre est valable pour tous les nouveaux joueurs canadiens.<\/p>\n<p>[table_start]<br \/>\n[table_row column-1=&#8217;Bonus de bienvenue&#8217; column-2=&#8217;100 % max 300 $ + 100 tours gratuits&#8217;]<br \/>\n[table_row column-1=&#8217;Bonus sans d\u00e9p\u00f4t&#8217; column-2=&#8217;50 tours gratuits&#8217;]<br \/>\n[table_row column-1=&#8217;Jeu de tours gratuits&#8217; column-2=&#8217;Book of Dead&#8217;]<br \/>\n[table_row column-1=&#8217;D\u00e9p\u00f4t minimum&#8217; column-2=&#8217;10 $C&#8217;]<br \/>\n[table_row column-1=&#8217;Conditions de mise&#8217; column-2=&#8217;35x&#8217;]<br \/>\n[table_end]<\/p>\n<h3>Bonus sans d\u00e9p\u00f4t en tours gratuits<\/h3>\n<p>PlayGrand Casino offre \u00e0 tous les nouveaux joueurs 50 tours gratuits \u00e0 l&#8217;inscription, sans d\u00e9p\u00f4t requis ! <\/p>\n<p>Avant de d\u00e9poser de l&#8217;argent r\u00e9el, amusez-vous avec les tours gratuits sur le jeu Book of Dead. <\/p>\n<p>Une belle occasion de gagner de l&#8217;argent r\u00e9el gratuitement.<\/p>\n<div id=\"attachment_24657\" style=\"width: 1546px\" class=\"wp-caption alignnone\"><img loading=\"lazy\" decoding=\"async\" aria-describedby=\"caption-attachment-24657\" src=\"https:\/\/mediafr.fr.bonus.ca\/images\/playgrand-bonus-sans-depot.png\" alt=\"Bonus sans d\u00e9p\u00f4t sur Playgrand Casino\" width=\"1536\" height=\"920\" class=\"size-full wp-image-24657\" srcset=\"https:\/\/mediafr.bonus.ca\/images\/playgrand-bonus-sans-depot.png 1536w, https:\/\/mediafr.bonus.ca\/images\/playgrand-bonus-sans-depot-300x180.png 300w, https:\/\/mediafr.bonus.ca\/images\/playgrand-bonus-sans-depot-1024x613.png 1024w, https:\/\/mediafr.bonus.ca\/images\/playgrand-bonus-sans-depot-1048x628.png 1048w\" sizes=\"auto, (max-width: 1536px) 100vw, 1536px\" \/><p id=\"caption-attachment-24657\" class=\"wp-caption-text\">Playgrand offre 50 tours gratuits sans avoir \u00e0 d\u00e9poser de l&#8217;argent.<\/p><\/div>\n<h3>D\u00e9tail de l&#8217;offre de bienvenue<\/h3>\n<p>Comme mentionn\u00e9 plus t\u00f4t, l&#8217;offre de bienvenue est r\u00e9partie sur trois d\u00e9p\u00f4ts. Voici comment elle fonctionne :<\/p>\n<ul>\n<li>1er d\u00e9p\u00f4t : 100 % jusqu&#8217;\u00e0 300 $ + 30 tours gratuits Reactoonz<\/li>\n<li>2e d\u00e9p\u00f4t : 50 % jusqu&#8217;\u00e0 500 $ + 50 tours gratuits sur Book of Dead<\/li>\n<li>3e d\u00e9p\u00f4t : 25 % jusqu&#8217;\u00e0 200 $ + 20 tours gratuits sur Legacy of Egypt<\/li>\n<\/ul>\n<p><img loading=\"lazy\" decoding=\"async\" src=\"https:\/\/mediafr.fr.bonus.ca\/images\/playgrand-details-bonus.png\" alt=\"D\u00e9tails et conditions du bonus de bienvenue Playgrand\" width=\"1536\" height=\"920\" class=\"alignnone size-full wp-image-24656\" srcset=\"https:\/\/mediafr.bonus.ca\/images\/playgrand-details-bonus.png 1536w, https:\/\/mediafr.bonus.ca\/images\/playgrand-details-bonus-300x180.png 300w, https:\/\/mediafr.bonus.ca\/images\/playgrand-details-bonus-1024x613.png 1024w, https:\/\/mediafr.bonus.ca\/images\/playgrand-details-bonus-1048x628.png 1048w\" sizes=\"auto, (max-width: 1536px) 100vw, 1536px\" \/><\/p>\n<p>Nous recommandons de profiter du premier d\u00e9p\u00f4t pour tester ce site. Vous recevez de l&#8217;argent suppl\u00e9mentaire pour jouer, ainsi que des tours sur la c\u00e9l\u00e8bre machine Reactoonz.<\/p>\n<p><a href=\"https:\/\/www.fr.bonus.ca\/fr\/jackpot-city\">Jackpot City Casino<\/a> est une bonne alternative \u00e0 PlayGrand, avec 295 tours gratuits sur Wacky Panda et Mega Moolah Atlantean Treasures.<\/p>\n<h3>Conditions de mise<\/h3>\n<p>Pour d\u00e9bloquer vos fonds bonus et les gains des tours gratuits, vous devez miser ces montants <strong>35 fois<\/strong>. Cela peut sembler \u00e9lev\u00e9 pour les d\u00e9butants, mais c&#8217;est dans la moyenne du secteur. <\/p>\n<p>Tous les <a href=\"https:\/\/www.fr.bonus.ca\/fr\/casino-en-ligne\">casinos en ligne populaires<\/a> au Canada appliquent des conditions similaires.<\/p>\n<p>Vous disposez de <strong>30 jours<\/strong> pour convertir vos bonus en argent r\u00e9el retirable. Pass\u00e9 ce d\u00e9lai, les fonds bonus non convertis seront retir\u00e9s de votre solde. <\/p>\n<p>De plus, une <strong>mise maximale de 5 $<\/strong> s&#8217;applique pendant la p\u00e9riode de mise. Tout pari sup\u00e9rieur \u00e0 ce montant peut entra\u00eener la suppression des bonus.<\/p>\n<p>Enfin, sachez que tous les jeux ne contribuent pas de mani\u00e8re \u00e9gale aux conditions de mise. Consultez les jeux exclus et les conditions g\u00e9n\u00e9rales sur le site du casino.<\/p>\n<h3>M\u00e9thodes de paiement exclues<\/h3>\n<p>Ne r\u00e9clamez pas votre bonus de bienvenue avec Skrill ou Neteller. Ces m\u00e9thodes sont exclues des promotions de PlayGrand. Les joueurs qui les utilisent perdront leurs bonus.<\/p>\n<h2>Jeux de casino<\/h2>\n<p>PlayGrand Online Casino mise sur la simplicit\u00e9. En haut de la page d&#8217;accueil : le bonus de bienvenue. Juste en dessous : les jeux.<\/p>\n<p>Et c&#8217;est tout. Avec un th\u00e8me noir sobre mais \u00e9l\u00e9gant, PlayGrand ne surcharge pas l&#8217;interface. Il vous laisse simplement jouer parmi plus de 1 050 jeux de casino. Voici un aper\u00e7u de leur catalogue.<\/p>\n<p><img loading=\"lazy\" decoding=\"async\" src=\"https:\/\/mediafr.fr.bonus.ca\/images\/playgrand-jeux.png\" alt=\"Les meilleurs jeux de Playgrand\" width=\"1536\" height=\"920\" class=\"alignnone size-full wp-image-24658\" srcset=\"https:\/\/mediafr.bonus.ca\/images\/playgrand-jeux.png 1536w, https:\/\/mediafr.bonus.ca\/images\/playgrand-jeux-300x180.png 300w, https:\/\/mediafr.bonus.ca\/images\/playgrand-jeux-1024x613.png 1024w, https:\/\/mediafr.bonus.ca\/images\/playgrand-jeux-1048x628.png 1048w\" sizes=\"auto, (max-width: 1536px) 100vw, 1536px\" \/><\/p>\n<h3>Machines \u00e0 sous en ligne<\/h3>\n<p>Les machines \u00e0 sous repr\u00e9sentent la grande majorit\u00e9 des jeux sur PlayGrand. Vous y trouverez pr\u00e8s de 1 000 titres, tous optimis\u00e9s pour les appareils mobiles. <\/p>\n<p>PlayGrand s&#8217;est concentr\u00e9 sur l&#8217;une des meilleures s\u00e9lections de slots du march\u00e9.<\/p>\n<p><strong>Les plus populaires<\/strong><\/p>\n<p>Gr\u00e2ce \u00e0 son large choix de machines \u00e0 sous, dont plusieurs jackpots progressifs, ce casino propose des hits incontournables :<\/p>\n<ul>\n<li>Jammin&#8217; Jars<\/li>\n<li>Deadwood<\/li>\n<li>Mega Fortune<\/li>\n<li>Starburst<\/li>\n<li>Gonzo&#8217;s Quest<\/li>\n<li>Mega Moolah<\/li>\n<li><a href=\"https:\/\/www.fr.bonus.ca\/fr\/machines-a-sous-gratuites\/book-of-dead\">Book of Dead<\/a><\/li>\n<li>Fire Joker<\/li>\n<\/ul>\n<h3>Jeux de table<\/h3>\n<p>C\u00f4t\u00e9 jeux de table, PlayGrand Casino n&#8217;est pas le plus fourni. Mais si vous aimez alterner avec un peu de blackjack ou de roulette, les 40 titres disponibles font l&#8217;affaire. <\/p>\n<p>Nous le recommandons surtout pour les joueurs \u00e0 gros enjeux, \u00e0 l&#8217;image de Betway Casino qui accepte des mises jusqu&#8217;\u00e0 10 000 $.<\/p>\n<p><strong>Blackjack<\/strong><\/p>\n<p>PlayGrand propose 19 variantes de blackjack, soit la moiti\u00e9 de ses jeux de table. Des jeux am\u00e9ricains, europ\u00e9ens, mais aussi des variantes originales comme Vegas Downtown, 21+3 ou Perfect Pairs.<\/p>\n<p><strong>Roulette<\/strong><\/p>\n<p>PlayGrand propose aussi 11 variantes de <a href=\"https:\/\/www.fr.bonus.ca\/fr\/casino-en-ligne\/roulette\">roulette en ligne<\/a>, dont les trois grandes versions : am\u00e9ricaine, europ\u00e9enne et fran\u00e7aise. Vous trouverez m\u00eame de la Double Ball Roulette.<\/p>\n<h3>Autres jeux de table<\/h3>\n<p>D&#8217;autres jeux de table sont disponibles :<\/p>\n<ul>\n<li>Baccarat (2 titres)<\/li>\n<li>Poker de casino (7 titres)<\/li>\n<li>Vid\u00e9o poker (2 titres)<\/li>\n<li>Jeux \u00e0 gratter (11 titres)<\/li>\n<li>Jeux de d\u00e9s (1 titre)<\/li>\n<\/ul>\n<h3>Jeux de casino en direct<\/h3>\n<p>PlayGrand poss\u00e8de un live casino modeste mais bien fourni avec plus de 20 jeux des \u00e9diteurs Evolution Gaming et Pragmatic Play. Voici ce que vous y trouverez :<\/p>\n<ul>\n<li>Roulette<\/li>\n<li>Blackjack<\/li>\n<li>Poker de casino<\/li>\n<li>Baccarat<\/li>\n<li>Jeux de roue (Dream Catcher, Crazy Time)<\/li>\n<li>Deal Or No Deal<\/li>\n<li>Casino War (Dragon Tiger, Football Studio)<\/li>\n<li>Jeux de d\u00e9s (Super Sic Bo)<\/li>\n<li>Mega Ball 100x<\/li>\n<li>Monopoly Live<\/li>\n<\/ul>\n<p>Vous ne trouvez pas le casino en direct ? Cliquez sur l&#8217;onglet &#8220;Jeux&#8221;, puis sur &#8220;Live Casino&#8221; dans le sous-menu.<\/p>\n<h2>D\u00e9p\u00f4ts et retraits<\/h2>\n<p>Une fois votre compte cr\u00e9\u00e9, vous devrez y transf\u00e9rer des fonds. Voici les m\u00e9thodes de d\u00e9p\u00f4t autoris\u00e9es :<\/p>\n<ul>\n<li>Visa \/ MasterCard \/ Maestro<\/li>\n<li>Virement bancaire<\/li>\n<li>Interac<\/li>\n<li>Skrill \/ Neteller<\/li>\n<li>Trustly<\/li>\n<li>Paysafecard<\/li>\n<\/ul>\n<h3>Retraits<\/h3>\n<p>Contrairement aux d\u00e9p\u00f4ts, les retraits ne sont pas instantan\u00e9s. Pour pr\u00e9venir les fraudes, chaque demande est v\u00e9rifi\u00e9e manuellement, g\u00e9n\u00e9ralement en quelques heures. La rapidit\u00e9 des paiements est un crit\u00e8re important pour nous.<\/p>\n<p>Une fois votre retrait valid\u00e9, le d\u00e9lai d\u00e9pendra de votre m\u00e9thode. Par e-wallet, cela peut \u00eatre instantan\u00e9 ou prendre jusqu&#8217;\u00e0 deux jours ouvrables. Par virement bancaire, comptez entre trois et cinq jours ouvrables.<\/p>\n<h2>Casino mobile<\/h2>\n<p>Vous pouvez jouer sur PlayGrand via l&#8217;appli mobile ou le site mobile. Pour t\u00e9l\u00e9charger l&#8217;appli, rendez-vous sur playgrand.com\/ca, cliquez sur le menu en bas \u00e0 droite puis sur &#8220;Installer l&#8217;appli&#8221;.<\/p>\n<p>Sur iOS, c&#8217;est simple. Sur Android, Google Play n&#8217;autorisant pas les jeux d&#8217;argent, vous devrez t\u00e9l\u00e9charger l&#8217;appli depuis le site. Activez les &#8220;sources inconnues&#8221; dans vos param\u00e8tres si n\u00e9cessaire.<\/p>\n<p>Sinon, jouez via leur site mobile, tr\u00e8s clair, fluide et bien con\u00e7u pour l&#8217;\u00e9cran tactile.<\/p>\n<h3>Jouer de fa\u00e7on responsable<\/h3>\n<p>PlayGrand propose des outils de jeu responsable : pause temporaire ou auto-exclusion. En cas de besoin, contactez le support via le chat ou par courriel. La pause bloque les jeux mais pas les retraits. L&#8217;auto-exclusion bloque tout acc\u00e8s.<\/p>\n<h2>Conclusion<\/h2>\n<p>En r\u00e9sum\u00e9, PlayGrand est un excellent casino en ligne. Bonus g\u00e9n\u00e9reux avec des <a href=\"https:\/\/www.fr.bonus.ca\/fr\/machines-a-sous-gratuites\">tours gratuits sans d\u00e9p\u00f4t<\/a>, plus de 1 000 jeux, site simple \u00e0 utiliser. On regrette seulement une s\u00e9lection de jeux de table et live un peu en retrait par rapport aux machines \u00e0 sous.<\/p>\n<p>Mais ces d\u00e9fauts restent mineurs. Le site est g\u00e9r\u00e9 par White Hat Gaming, un acteur reconnu dans le secteur. Nous le recommandons donc sans h\u00e9sitation.<\/p>\n","protected":false},"excerpt":{"rendered":"<p>PlayGrand Casino au Canada PlayGrand est un site de casino en ligne d\u00e9tenu par White Hat Gaming Limited. Ce fournisseur de casino bien \u00e9tabli a lanc\u00e9 avec succ\u00e8s plusieurs sites populaires aupr\u00e8s des joueurs. PlayGrand se concentre sur l&#8217;offre de la meilleure exp\u00e9rience de jeu possible en ligne. Tous les casinos de White Hat Gaming [&hellip;]<\/p>\n","protected":false},"author":123,"featured_media":0,"parent":0,"menu_order":0,"comment_status":"closed","ping_status":"closed","template":"","meta":{"inline_featured_image":false,"_glsr_average":0,"_glsr_ranking":0,"_glsr_reviews":0,"footnotes":""},"class_list":["post-24653","page","type-page","status-publish","hentry"],"yoast_head":"<!-- This site is optimized with the Yoast SEO plugin v27.5 - https:\/\/yoast.com\/product\/yoast-seo-wordpress\/ -->\n<title>PlayGrand Casino Canada [year] | Une Belle Offre sans D\u00e9p\u00f4t !<\/title>\n<meta name=\"description\" content=\"PlayGrand Casino offre un bonus de bienvenue de 100 % jusqu\u2019\u00e0 300 $C + 150 tours gratuitsv!\" \/>\n<meta name=\"robots\" content=\"index, follow, max-snippet:-1, max-image-preview:large, max-video-preview:-1\" \/>\n<link rel=\"canonical\" href=\"https:\/\/www.bonus.ca\/fr\/playgrand-casino\" \/>\n<meta property=\"og:type\" content=\"article\" \/>\n<meta property=\"og:title\" content=\"PlayGrand Casino Canada [year] | Une Belle Offre sans D\u00e9p\u00f4t !\" \/>\n<meta property=\"og:description\" content=\"PlayGrand Casino offre un bonus de bienvenue de 100 % jusqu\u2019\u00e0 300 $C + 150 tours gratuitsv!\" \/>\n<meta property=\"og:url\" content=\"https:\/\/www.bonus.ca\/fr\/playgrand-casino\" \/>\n<meta property=\"article:published_time\" content=\"2025-04-22T08:54:03+00:00\" \/>\n<meta property=\"article:modified_time\" content=\"2026-04-02T12:47:09+00:00\" \/>\n<meta property=\"og:image\" content=\"https:\/\/mediafr.bonus.ca\/images\/playgrand-bonus.png\" \/>\n<meta name=\"twitter:card\" content=\"summary_large_image\" \/>\n<meta name=\"twitter:label1\" content=\"Est. reading time\" \/>\n\t<meta name=\"twitter:data1\" content=\"7 minutes\" \/>\n<!-- \/ Yoast SEO plugin. -->","yoast_head_json":{"title":"PlayGrand Casino Canada [year] | Une Belle Offre sans D\u00e9p\u00f4t !","description":"PlayGrand Casino offre un bonus de bienvenue de 100 % jusqu\u2019\u00e0 300 $C + 150 tours gratuitsv!","robots":{"index":"index","follow":"follow","max-snippet":"max-snippet:-1","max-image-preview":"max-image-preview:large","max-video-preview":"max-video-preview:-1"},"canonical":"https:\/\/www.bonus.ca\/fr\/playgrand-casino","og_type":"article","og_title":"PlayGrand Casino Canada [year] | Une Belle Offre sans D\u00e9p\u00f4t !","og_description":"PlayGrand Casino offre un bonus de bienvenue de 100 % jusqu\u2019\u00e0 300 $C + 150 tours gratuitsv!","og_url":"https:\/\/www.bonus.ca\/fr\/playgrand-casino","article_published_time":"2025-04-22T08:54:03+00:00","article_modified_time":"2026-04-02T12:47:09+00:00","og_image":[{"url":"https:\/\/mediafr.bonus.ca\/images\/playgrand-bonus.png","type":"","width":"","height":""}],"twitter_card":"summary_large_image","twitter_misc":{"Est. reading time":"7 minutes"},"schema":{"@context":"https:\/\/schema.org","@graph":[{"@type":"WebPage","@id":"https:\/\/www.bonus.ca\/fr\/playgrand-casino","url":"https:\/\/www.bonus.ca\/fr\/playgrand-casino","name":"PlayGrand Casino Canada [year] | Une Belle Offre sans D\u00e9p\u00f4t !","isPartOf":{"@id":"\/#website"},"primaryImageOfPage":{"@id":"https:\/\/www.bonus.ca\/fr\/playgrand-casino#primaryimage"},"image":{"@id":"https:\/\/www.bonus.ca\/fr\/playgrand-casino#primaryimage"},"thumbnailUrl":"https:\/\/mediafr.fr.bonus.ca\/images\/playgrand-bonus.png","datePublished":"2025-04-22T08:54:03+00:00","dateModified":"2026-04-02T12:47:09+00:00","description":"PlayGrand Casino offre un bonus de bienvenue de 100 % jusqu\u2019\u00e0 300 $C + 150 tours gratuitsv!","breadcrumb":{"@id":"https:\/\/www.bonus.ca\/fr\/playgrand-casino#breadcrumb"},"inLanguage":"en-US","potentialAction":[{"@type":"ReadAction","target":["https:\/\/www.bonus.ca\/fr\/playgrand-casino"]}]},{"@type":"ImageObject","inLanguage":"en-US","@id":"https:\/\/www.bonus.ca\/fr\/playgrand-casino#primaryimage","url":"https:\/\/mediafr.fr.bonus.ca\/images\/playgrand-bonus.png","contentUrl":"https:\/\/mediafr.fr.bonus.ca\/images\/playgrand-bonus.png"},{"@type":"BreadcrumbList","@id":"https:\/\/www.bonus.ca\/fr\/playgrand-casino#breadcrumb","itemListElement":[{"@type":"ListItem","position":1,"name":"Home","item":"https:\/\/www.bonus.ca\/fr\/"},{"@type":"ListItem","position":2,"name":"PlayGrand Casino"}]},{"@type":"WebSite","@id":"\/#website","url":"\/","name":"BonusFinder Canada (Fran\u00e7ais)","description":"La source de bonus n\u00b0 1 au Canada","potentialAction":[{"@type":"SearchAction","target":{"@type":"EntryPoint","urlTemplate":"\/?s={search_term_string}"},"query-input":{"@type":"PropertyValueSpecification","valueRequired":true,"valueName":"search_term_string"}}],"inLanguage":"en-US"}]}},"_links":{"self":[{"href":"https:\/\/www.bonus.ca\/fr\/wp-json\/wp\/v2\/pages\/24653","targetHints":{"allow":["GET"]}}],"collection":[{"href":"https:\/\/www.bonus.ca\/fr\/wp-json\/wp\/v2\/pages"}],"about":[{"href":"https:\/\/www.bonus.ca\/fr\/wp-json\/wp\/v2\/types\/page"}],"author":[{"embeddable":true,"href":"https:\/\/www.bonus.ca\/fr\/wp-json\/wp\/v2\/users\/123"}],"replies":[{"embeddable":true,"href":"https:\/\/www.bonus.ca\/fr\/wp-json\/wp\/v2\/comments?post=24653"}],"version-history":[{"count":9,"href":"https:\/\/www.bonus.ca\/fr\/wp-json\/wp\/v2\/pages\/24653\/revisions"}],"predecessor-version":[{"id":26467,"href":"https:\/\/www.bonus.ca\/fr\/wp-json\/wp\/v2\/pages\/24653\/revisions\/26467"}],"wp:attachment":[{"href":"https:\/\/www.bonus.ca\/fr\/wp-json\/wp\/v2\/media?parent=24653"}],"curies":[{"name":"wp","href":"https:\/\/api.w.org\/{rel}","templated":true}]}}