{"id":24238,"date":"2025-04-03T12:58:46","date_gmt":"2025-04-03T12:58:46","guid":{"rendered":"https:\/\/www.fr.bonus.ca\/fr\/?page_id=24238"},"modified":"2026-04-21T15:54:43","modified_gmt":"2026-04-21T15:54:43","slug":"boo-casino","status":"publish","type":"page","link":"https:\/\/www.bonus.ca\/fr\/boo-casino","title":{"rendered":"Boo Casino"},"content":{"rendered":"<h2>Boo Casino avec 5$ de bonus<\/h2>\n<p>Boo Casino est une addition int\u00e9ressante \u00e0 la sc\u00e8ne des casinos en ligne. Le site s&#8217;articule autour d&#8217;une adorable mascotte fant\u00f4me. <\/p>\n<p>C&#8217;est l&#8217;un des rares casinos disponibles qui tentent d&#8217;attirer de nouveaux joueurs avec <strong>une offre de casino sans d\u00e9p\u00f4t de 5 $ au Canada<\/strong>.<\/p>\n<p>Le casino appartient \u00e0 Green Feather Online Limited et d\u00e9tient une licence d\u00e9livr\u00e9e par la Malta Gaming Authority. <\/p>\n<p>Chaque fois que vous voyez une licence MGA, vous savez que le casino est s\u00e9rieux. Vous y trouverez des milliers de machines \u00e0 sous en ligne, de jeux de table et de tables de casino en direct. <\/p>\n<p>Tous les joueurs inscrits peuvent \u00e9galement rejoindre le <strong>programme VIP<\/strong> et obtenir des <strong>bonus exclusifs<\/strong>.<\/p>\n<div id=\"attachment_24244\" style=\"width: 1546px\" class=\"wp-caption alignnone\"><img loading=\"lazy\" decoding=\"async\" aria-describedby=\"caption-attachment-24244\" src=\"https:\/\/www.fr.bonus.ca\/fr\/images\/Boo-casino-bonus.png\" alt=\"Bonus Boo Casino en ligne Canada\" width=\"1536\" height=\"920\" class=\"size-full wp-image-24244\" srcset=\"https:\/\/mediafr.bonus.ca\/images\/Boo-casino-bonus.png 1536w, https:\/\/mediafr.bonus.ca\/images\/Boo-casino-bonus-300x180.png 300w, https:\/\/mediafr.bonus.ca\/images\/Boo-casino-bonus-1024x613.png 1024w, https:\/\/mediafr.bonus.ca\/images\/Boo-casino-bonus-1048x628.png 1048w\" sizes=\"auto, (max-width: 1536px) 100vw, 1536px\" \/><p id=\"caption-attachment-24244\" class=\"wp-caption-text\">Boo Casino offre un bonus compos\u00e9 de 5$ sans d\u00e9p\u00f4t + 1 000$ et 150 tours gratuits.<\/p><\/div>\n<h2>Le bonus de bienvenue de Boo Casino<\/h2>\n<p>Le bonus de Boo Casino s&#8217;\u00e9l\u00e8ve \u00e0 <strong>1 000 $ + 150 tours gratuits<\/strong>. C&#8217;est similaire \u00e0 d&#8217;autres casinos en ligne fiables. <\/p>\n<p>Le pack comprend deux types de bonus pour les joueurs canadiens : un <a href=\"https:\/\/www.fr.bonus.ca\/fr\/casino-bonus\/sans-depot\">bonus sans d\u00e9p\u00f4t casino<\/a> de 5 $ et sur votre premier d\u00e9p\u00f4t, un bonus de 100 % jusqu&#8217;\u00e0 500 $.<\/p>\n<p><img loading=\"lazy\" decoding=\"async\" src=\"https:\/\/www.fr.bonus.ca\/fr\/images\/offres-boo-casino.png\" alt=\"Page d'accueil Boo Casino\" width=\"1536\" height=\"920\" class=\"alignnone size-full wp-image-24242\" srcset=\"https:\/\/mediafr.bonus.ca\/images\/offres-boo-casino.png 1536w, https:\/\/mediafr.bonus.ca\/images\/offres-boo-casino-300x180.png 300w, https:\/\/mediafr.bonus.ca\/images\/offres-boo-casino-1024x613.png 1024w, https:\/\/mediafr.bonus.ca\/images\/offres-boo-casino-1048x628.png 1048w\" sizes=\"auto, (max-width: 1536px) 100vw, 1536px\" \/><\/p>\n<h3>Bonus sans d\u00e9p\u00f4t<\/h3>\n<p>Le bonus sans d\u00e9p\u00f4t de Boo Casino est de 5 $ \u00e0 l&#8217;inscription. Il est cr\u00e9dit\u00e9 automatiquement sur votre solde bonus d\u00e8s que vous vous \u00eates inscrit et avez confirm\u00e9 votre compte. <\/p>\n<p>Tous les nouveaux joueurs sont \u00e9ligibles \u00e0 cette offre. Cela \u00e9quivaut \u00e0 <strong>50 tours gratuits sans d\u00e9p\u00f4t<\/strong>, avec une valeur de 0,10 $ par tour.<\/p>\n<p>C&#8217;est une excellente fa\u00e7on d&#8217;essayer le site sans d\u00e9poser d&#8217;argent imm\u00e9diatement.<\/p>\n<h3>Conditions de mise<\/h3>\n<p>Les conditions de mise sont de <strong>40 fois le d\u00e9p\u00f4t et le bonus<\/strong>. En tout, cela signifie que vous devez miser 80 fois votre d\u00e9p\u00f4t avant de pouvoir retirer vos gains. <\/p>\n<p>Par exemple, si vous d\u00e9posez 100 $, vous devrez miser 8 000 $. <\/p>\n<p>C&#8217;est nettement plus \u00e9lev\u00e9 que la moyenne des casinos en ligne. Il est peu probable de remplir ces conditions sans une chance exceptionnelle. <\/p>\n<p>Nous vous recommandons plut\u00f4t de consulter notre s\u00e9lection des <a href=\"https:\/\/www.fr.bonus.ca\/fr\/casino-bonus\">meilleurs fr.bonus.casino au Canada<\/a>, souvent plus avantageux.<\/p>\n<h3>Retrait maximum<\/h3>\n<p>Le <strong>retrait maximum autoris\u00e9<\/strong> avec le bonus est de 4 000 $. Cela signifie qu&#8217;il n&#8217;est pas conseill\u00e9 d&#8217;utiliser ce bonus sur les jackpots progressifs. Pr\u00e9f\u00e9rez des machines \u00e0 sous avec un taux de redistribution (RTP) \u00e9lev\u00e9.<\/p>\n<h3>Pack de bienvenue<\/h3>\n<p>Le bonus de bienvenue est r\u00e9parti sur trois d\u00e9p\u00f4ts. Pour chaque offre, le <strong>d\u00e9p\u00f4t minimum est de 20 $<\/strong>. <\/p>\n<p>Chaque partie inclut aussi des <a href=\"https:\/\/www.fr.bonus.ca\/fr\/machines-a-sous-gratuites\">tours gratuits pour diff\u00e9rents jeux<\/a>.<\/p>\n<ol>\n<li><strong>Premier d\u00e9p\u00f4t :<\/strong> 100 % jusqu&#8217;\u00e0 500 $ + 50 tours gratuits sur Fruit Zen.<\/li>\n<li><strong>Deuxi\u00e8me d\u00e9p\u00f4t :<\/strong> 50 % jusqu&#8217;\u00e0 200 $ + 50 tours gratuits sur Super Sunny Fruits: Hold &#038; Win.<\/li>\n<li><strong>Troisi\u00e8me d\u00e9p\u00f4t :<\/strong> 100 % jusqu&#8217;\u00e0 300 $ + 50 tours gratuits sur Book of Gold: Multichance.<\/li>\n<\/ol>\n<h2>Autres promotions<\/h2>\n<p>Lors de notre test du casino, nous avons \u00e9t\u00e9 agr\u00e9ablement surpris de d\u00e9couvrir que Boo Casino propose plusieurs promotions actives pour les nouveaux comme pour les joueurs r\u00e9guliers. <\/p>\n<p>Certaines sont int\u00e9ressantes, d&#8217;autres moins.<\/p>\n<p>C&#8217;est une strat\u00e9gie classique pour fid\u00e9liser les joueurs, mais vous pouvez en tirer profit en choisissant soigneusement les offres \u00e0 activer.<\/p>\n\t<div class=\"highlight-block card-fancy\">\n\t\t<div class=\"card-inner\">\n                            <img loading=\"lazy\" decoding=\"async\" src=\"https:\/\/www.fr.bonus.ca\/fr\/images\/cropped-bf-favicon_wp.png\" alt=\"\" width=\"512\" height=\"512\" class=\"aligncenter size-full wp-image-7461\" srcset=\"https:\/\/mediafr.bonus.ca\/images\/cropped-bf-favicon_wp.png 512w, https:\/\/mediafr.bonus.ca\/images\/cropped-bf-favicon_wp-300x300.png 300w, https:\/\/mediafr.bonus.ca\/images\/cropped-bf-favicon_wp-150x150.png 150w, https:\/\/mediafr.bonus.ca\/images\/cropped-bf-favicon_wp-370x370.png 370w, https:\/\/mediafr.bonus.ca\/images\/cropped-bf-favicon_wp-128x128.png 128w, https:\/\/mediafr.bonus.ca\/images\/cropped-bf-favicon_wp-104x104.png 104w, https:\/\/mediafr.bonus.ca\/images\/cropped-bf-favicon_wp-48x48.png 48w, https:\/\/mediafr.bonus.ca\/images\/cropped-bf-favicon_wp-40x40.png 40w\" sizes=\"auto, (max-width: 512px) 100vw, 512px\" \/>\n            \t\t\t<div class=\"card-content\">\n\t\t\t\t<h4 class=\"no-margin-top\"> Notre conseil sur les promotions<\/h4>\n\t\t\t\t<div>Lisez toujours les conditions g\u00e9n\u00e9rales et comparez les diff\u00e9rentes promotions avant de vous lancer.<\/div>\n\t\t\t<\/div>\n\t\t<\/div>\n\t<\/div>\n\n<h3>12 % de cashback instantan\u00e9 sur chaque d\u00e9p\u00f4t<\/h3>\n<p>Une excellente petite addition pour tous les joueurs. L&#8217;argent est ajout\u00e9 automatiquement sur votre compte. <\/p>\n<p>Le meilleur ? Il n&#8217;y a aucune condition de mise ni de mise maximale impos\u00e9e sur ces fonds suppl\u00e9mentaires.<\/p>\n<h3>40 % de r\u00e9duction : 100 tours quotidiens<\/h3>\n<p>Il s&#8217;agit d&#8217;une promotion quotidienne. Vous pouvez choisir parmi plusieurs machines \u00e0 sous. La valeur d&#8217;un tour peut varier selon les jeux. <\/p>\n<p>Nous avons \u00e9t\u00e9 surpris de voir que <strong>Gold Rush Express<\/strong> \u00e9tait disponible, avec une valeur de 0,20 $ par tour. <\/p>\n<p>Choisissez vos jeux pr\u00e9f\u00e9r\u00e9s : la valeur globale de cette offre reste proche d&#8217;un jeu \u00e0 l&#8217;autre.<\/p>\n<p>C&#8217;est une offre int\u00e9ressante, surtout si vous aimez les machines \u00e0 sous. <\/p>\n<p>Le seul inconv\u00e9nient : le <strong>retrait maximum est limit\u00e9 \u00e0 100 $<\/strong>, ce qui r\u00e9duit l&#8217;int\u00e9r\u00eat pour certains joueurs. Encore une fois, lisez bien les conditions avant de jouer.<\/p>\n<h3>Offre sp\u00e9ciale &#8220;Jour des Morts&#8221;<\/h3>\n<p>Avec cette promotion, vous obtenez un bonus de 10 % jusqu&#8217;\u00e0 100 $ + 10 tours gratuits. <\/p>\n<p>Le probl\u00e8me : les conditions de mise sont de 55 fois le d\u00e9p\u00f4t + bonus. <\/p>\n<p>Pour les tours gratuits, c&#8217;est 25x, ce qui reste \u00e9lev\u00e9. Le retrait maximum est de 500 $, ce qui limite aussi la g\u00e9n\u00e9rosit\u00e9 de cette offre.<\/p>\n<h3>Bonus saisonniers<\/h3>\n<p>Boo Casino propose des bonus saisonniers. Autour d&#8217;Halloween, cela signifie des promotions sp\u00e9ciales Halloween avec des tours gratuits sur des machines \u00e0 sous th\u00e9matiques. M\u00eame chose pour la periode de No\u00ebl par exemple.<\/p>\n<h3>Baisses de prix et tournois<\/h3>\n<p>Des drops &#038; wins sont propos\u00e9s sur les machines \u00e0 sous et les jeux de casino en direct. Ces promotions r\u00e9compensent les joueurs r\u00e9guliers. <\/p>\n<p>Le casino met en jeu un <strong>prize pool mensuel<\/strong>, et vous pouvez en remporter une part si vous jouez fr\u00e9quemment.<\/p>\n<p>Un bon plus pour les joueurs fid\u00e8les \u00e0 un seul site. Si vous ne jouez qu&#8217;occasionnellement, vous n&#8217;en b\u00e9n\u00e9ficierez probablement pas.<\/p>\n<h3>Points doubl\u00e9s<\/h3>\n<p>Chaque mois, Boo Casino s\u00e9lectionne des jeux qui permettent de gagner des points de fid\u00e9lit\u00e9 doubl\u00e9s. Le maximum est de 100 000 points par mois.<\/p>\n<p>Pour chaque 10 $ mis\u00e9s, vous gagnez 1 point. Ces points sont convertis \u00e0 raison de <strong>100 points = 1 $<\/strong>. <\/p>\n<p>Par exemple, avec 440 points, vous recevez 4 $ en argent r\u00e9el. Les points restants sont conserv\u00e9s et peuvent \u00eatre accumul\u00e9s.<\/p>\n<h3>Drops &#038; Wins Live Casino<\/h3>\n<p>Consultez les prize drops quotidiens et les tournois hebdomadaires sur les jeux en direct comme la roulette, le blackjack, Mega Wheel ou encore le baccarat sign\u00e9s Pragmatic Play.<\/p>\n<h3>Promotions hebdomadaires<\/h3>\n<ul>\n<li><strong>7 % de cashback instantan\u00e9 :<\/strong> recevez 7 % de bonus imm\u00e9diatement sur chaque d\u00e9p\u00f4t. Aucun wager ni mise maximale ne s&#8217;appliquent !<\/li>\n<li><strong>Tours bonus du jeu de la semaine :<\/strong> Jouez \u00e0 Mr. Vegas 2: Big Money Tower et recevez 50 tours bonus sur chaque d\u00e9p\u00f4t.<\/li>\n<li><strong>Treasures of Fire :<\/strong> recevez 2 tours gratuits pour chaque 1 $ d\u00e9pos\u00e9, jusqu&#8217;\u00e0 100 tours gratuits par d\u00e9p\u00f4t.<\/li>\n<li><strong>Offre sp\u00e9ciale du jeudi :<\/strong> Chaque jeudi, une nouvelle offre est disponible. D\u00e9posez entre 10 $ et 50 $. Plus votre d\u00e9p\u00f4t est \u00e9lev\u00e9, plus le bonus est g\u00e9n\u00e9reux. \u00c0 noter : c&#8217;est surtout int\u00e9ressant \u00e0 partir de 50 $ de d\u00e9p\u00f4t, ce qui d\u00e9bloque un bonus de 50 % et 50 tours gratuits sans condition de mise.<\/li>\n<\/ul>\n<h2>Comment r\u00e9clamer le bonus d&#8217;inscription<\/h2>\n<p>Si vous \u00eates un nouveau joueur sur un casino en ligne, voici les \u00e9tapes simples \u00e0 suivre pour obtenir le bonus sans d\u00e9p\u00f4t de Boo Casino :<\/p>\n<ol>\n<li>Cr\u00e9ez un compte gratuit. Remplissez le formulaire avec vos informations personnelles et attendez l&#8217;e-mail de confirmation.<\/li>\n<li>Connectez-vous \u00e0 votre compte et activez votre bonus gratuit de 5 $ ou effectuez un d\u00e9p\u00f4t minimum de 20 $ pour recevoir le bonus de bienvenue.<\/li>\n<li>Vous pouvez commencer \u00e0 jouer ! N&#8217;oubliez pas de consulter les conditions de mise si vous souhaitez retirer vos gains.<\/li>\n<\/ol>\n<h2>Les jeux en ligne de Boo Casino<\/h2>\n<p>Boo Casino est un <a href=\"https:\/\/www.fr.bonus.ca\/fr\/casino-en-ligne\/nouveaux\">nouveau casino en ligne<\/a> qui s&#8217;est rapidement impos\u00e9 parmi les meilleurs et qui est d\u00e9sormais disponible au Canada pour offrir une excellente exp\u00e9rience de jeu. <\/p>\n<p>Le casino propose une <strong>s\u00e9lection impressionnante de jeux<\/strong> et des bonus int\u00e9ressants pour ses joueurs.<\/p>\n<p>La navigation sur le site est intuitive. Les joueurs peuvent rechercher un jeu pr\u00e9cis ou parcourir les diff\u00e9rentes cat\u00e9gories via le menu (en haut \u00e0 gauche), qui regroupe Casino, Live Casino et Promotions.<\/p>\n<p>Boo Casino propose tous les jeux de table classiques, avec de nouvelles machines \u00e0 sous ajout\u00e9es chaque semaine.<\/p>\n<p><img loading=\"lazy\" decoding=\"async\" src=\"https:\/\/www.fr.bonus.ca\/fr\/images\/jeux-en-ligne-boo-casino.png\" alt=\"Tous les jeux en ligne disponibles sur Boo Casino\" width=\"1536\" height=\"920\" class=\"alignnone size-full wp-image-24247\" srcset=\"https:\/\/mediafr.bonus.ca\/images\/jeux-en-ligne-boo-casino.png 1536w, https:\/\/mediafr.bonus.ca\/images\/jeux-en-ligne-boo-casino-300x180.png 300w, https:\/\/mediafr.bonus.ca\/images\/jeux-en-ligne-boo-casino-1024x613.png 1024w, https:\/\/mediafr.bonus.ca\/images\/jeux-en-ligne-boo-casino-1048x628.png 1048w\" sizes=\"auto, (max-width: 1536px) 100vw, 1536px\" \/><\/p>\n<h3>Machines \u00e0 sous en ligne<\/h3>\n<p>Les joueurs canadiens y trouveront une grande vari\u00e9t\u00e9 de machines \u00e0 sous et de jeux vid\u00e9o, organis\u00e9s par cat\u00e9gories : Recommand\u00e9s, Populaires, Fournisseur, Th\u00e8me, Jeux bonus, Exclusivit\u00e9s, Multiplicateurs, Cash, D\u00e9butants, etc. <\/p>\n<p>Notre cat\u00e9gorie pr\u00e9f\u00e9r\u00e9e ? Les s\u00e9lections de Boo, bien s\u00fbr, avec des jeux effrayants ou simplement amusants. Le lobby est bien con\u00e7u et agr\u00e9able \u00e0 utiliser.<\/p>\n<h4>Top 3 des machines \u00e0 sous sur Boo Casino<\/h4>\n<ul>\n<li><strong>Boo Casino Majestic King :<\/strong> Une version exclusive de la machine \u00e0 sous populaire de Spinomenal. Slot 5&#215;3 avec 25 lignes de paiement et des animaux majestueux. Test\u00e9e en mode d\u00e9mo, elle nous a rapidement conquis. La fonction &#8220;achat de bonus&#8221; est disponible.<\/li>\n<li><strong>Halloween Bonanza :<\/strong> Impossible de ne pas choisir une machine d&#8217;Halloween ! Celle-ci propose de gros multiplicateurs et un bonus achetable d\u00e8s 20 $, ce qui la rend plus accessible.<\/li>\n<li><strong>Ancient Fortunes: Poseidon Megaways :<\/strong> Tours gratuits et multiplicateurs de gains illimit\u00e9s. Les machines Megaways sont connues pour leurs gains potentiels \u00e9lev\u00e9s\u2026 mais aussi leur volatilit\u00e9.<\/li>\n<\/ul>\n<h3>Casino en direct<\/h3>\n<p>Les jeux sont bien organis\u00e9s par cat\u00e9gories. Vous y trouverez rapidement les classiques comme le blackjack, le poker ou le baccarat, ainsi que des jeux t\u00e9l\u00e9vis\u00e9s en direct. Parmi les jeux recommand\u00e9s : Indian Roulette, Boom City et Sweet Bonanza Candyland.<\/p>\n<p>L&#8217;univers visuel est soign\u00e9, les croupiers professionnels, et les jeux adapt\u00e9s \u00e0 tous les profils gr\u00e2ce \u00e0 des petites mises aux tables VIP.<\/p>\n<h3>Jeux de table<\/h3>\n<p>Boo Casino propose tous les classiques : poker, baccarat, blackjack, avec plusieurs variantes et m\u00eame des versions en 3D, pour un total d&#8217;environ 100 jeux.<\/p>\n<p>\u00c0 essayer si ce n&#8217;est pas d\u00e9j\u00e0 fait : <strong>Casino War<\/strong>. Le but ? Avoir une carte plus haute que celle du croupier. Simple et efficace !<\/p>\n<h2>Programme VIP<\/h2>\n<p>Boo Casino r\u00e9compense ses joueurs fid\u00e8les avec des bonus et offres exclusives. Le programme est accessible uniquement sur invitation, mais il est possible de les contacter directement pour une demande. <\/p>\n<p>L&#8217;\u00e9quipe s&#8217;engage \u00e0 \u00e9tudier chaque demande avec attention.<\/p>\n<p>Un programme VIP est, selon nous, indispensable pour un casino en ligne souhaitant fid\u00e9liser ses joueurs. Voici les avantages dont vous pouvez profiter en tant que membre VIP chez Boo Casino.<\/p>\n<h3>Avantages du programme VIP<\/h3>\n<ul>\n<li><strong>Gestionnaire VIP d\u00e9di\u00e9<\/strong><br \/>\nUn gestionnaire personnel (et son \u00e9quipe) sera disponible pour r\u00e9pondre \u00e0 vos questions, vous accompagner et vous aider \u00e0 tirer le meilleur parti du programme.<\/li>\n<li><strong>Cadeaux, bonus et promotions<\/strong><br \/>\nLes membres VIP b\u00e9n\u00e9ficient de bonus renforc\u00e9s, de promotions exclusives, de meilleures offres de cashback et de tours gratuits avec des conditions de mise am\u00e9lior\u00e9es.<\/li>\n<li><strong>Bonus hebdomadaires et mensuels<\/strong><br \/>\nDes r\u00e9compenses r\u00e9guli\u00e8res : argent bonus, cashback et jeux gratuits rien que pour les VIP.<\/li>\n<li><strong>Bonus d&#8217;anniversaire<\/strong><br \/>\nUne attention sp\u00e9ciale pour c\u00e9l\u00e9brer votre jour !<\/li>\n<li><strong>Retraits rapides<\/strong><br \/>\nAvec un gestionnaire VIP, vos demandes de retrait sont trait\u00e9es en priorit\u00e9, de mani\u00e8re rapide et fluide.<\/li>\n<\/ul>\n<h2>Service client<\/h2>\n<p>Le site invite les utilisateurs \u00e0 le contacter via le chat en direct accessible depuis l&#8217;ic\u00f4ne en bas \u00e0 droite de chaque page, ou par e-mail. <\/p>\n<p>C&#8217;est ce que nous avons test\u00e9 discr\u00e8tement pendant notre \u00e9valuation, et nous avons \u00e9t\u00e9 satisfaits du temps de r\u00e9ponse.<\/p>\n<p>Avant de contacter le support, <strong>pensez \u00e0 consulter la FAQ du casino<\/strong>. Elle est bien construite et couvre de nombreux sujets : bonus de bienvenue, d\u00e9p\u00f4ts et retraits, compte joueur, probl\u00e8mes techniques, etc.<\/p>\n<h2>M\u00e9thodes de paiement<\/h2>\n<p>Boo Casino propose de nombreuses options de paiement fiables et s\u00e9curis\u00e9es pour les joueurs canadiens. Les d\u00e9p\u00f4ts et retraits sont trait\u00e9s rapidement. Le casino accepte \u00e9galement les <a href=\"https:\/\/www.fr.bonus.ca\/fr\/casino-en-ligne\/interac\">d\u00e9p\u00f4ts Interac<\/a>, une des solutions de paiement les plus connu au Canada.<\/p>\n<div id=\"attachment_24249\" style=\"width: 1546px\" class=\"wp-caption alignnone\"><img loading=\"lazy\" decoding=\"async\" aria-describedby=\"caption-attachment-24249\" src=\"https:\/\/www.fr.bonus.ca\/fr\/images\/Boo-casino-paiements.png\" alt=\"M\u00e9thodes de d\u00e9p\u00f4ts et retraits sur Boo Casino\" width=\"1536\" height=\"920\" class=\"size-full wp-image-24249\" srcset=\"https:\/\/mediafr.bonus.ca\/images\/Boo-casino-paiements.png 1536w, https:\/\/mediafr.bonus.ca\/images\/Boo-casino-paiements-300x180.png 300w, https:\/\/mediafr.bonus.ca\/images\/Boo-casino-paiements-1024x613.png 1024w, https:\/\/mediafr.bonus.ca\/images\/Boo-casino-paiements-1048x628.png 1048w\" sizes=\"auto, (max-width: 1536px) 100vw, 1536px\" \/><p id=\"caption-attachment-24249\" class=\"wp-caption-text\">Les meilleures m\u00e9thodes de bancaires sont accessibles sur Boo Casino.<\/p><\/div>\n<h3>D\u00e9p\u00f4ts<\/h3>\n<p>Le <strong>d\u00e9p\u00f4t minimum est de 20 $<\/strong> pour activer le bonus de bienvenue. Plusieurs m\u00e9thodes de paiement sont disponibles. Attention toutefois : les d\u00e9p\u00f4ts effectu\u00e9s via Skrill, Neteller et ecoPayz ne donnent pas acc\u00e8s au bonus de bienvenue. <\/p>\n<p>Si vous ne souhaitez pas de bonus, certains moyens permettent de d\u00e9poser d\u00e8s 10 $.<\/p>\n<h3>Retraits<\/h3>\n<p>Le <strong>retrait minimum est fix\u00e9 \u00e0 20 $<\/strong>. Il vous faudra avoir au moins ce montant sur votre compte pour faire une demande. <\/p>\n<p>La <strong>limite mensuelle est de 5 000 $<\/strong>. Bonne nouvelle : les gains de jackpot peuvent \u00eatre retir\u00e9s en totalit\u00e9 sans restriction.<\/p>\n<p>Pour acc\u00e9l\u00e9rer le traitement, utilisez le m\u00eame moyen de paiement que celui utilis\u00e9 pour le d\u00e9p\u00f4t. Cela facilitera et acc\u00e9l\u00e9rera la validation.  <\/p>\n<p>Les demandes sont trait\u00e9es sous 72 heures. Les fonds arrivent sur votre compte bancaire sous <strong>3 \u00e0 7 jours<\/strong>.<\/p>\n<h2>Notre verdict sur Boo Casino<\/h2>\n<p>Apr\u00e8s avoir explor\u00e9 les jeux et les diff\u00e9rentes fonctionnalit\u00e9s de Boo Casino, nous avons \u00e9t\u00e9 agr\u00e9ablement surpris. Le site est fluide, bien pens\u00e9 et facile \u00e0 utiliser.<\/p>\n<p>Finalement, le th\u00e8me du site est r\u00e9ussi et plaisant. L&#8217;univers fantomatique est bien exploit\u00e9, sans en faire trop. <\/p>\n<p>Les jeux se chargent rapidement, ce qui est essentiel pour une bonne exp\u00e9rience utilisateur. <\/p>\n<p>Si vous aimez Halloween ou les ambiances myst\u00e9rieuses, Boo Casino pourrait bien devenir votre nouvelle adresse pr\u00e9f\u00e9r\u00e9e.<\/p>\n","protected":false},"excerpt":{"rendered":"<p>Boo Casino avec 5$ de bonus Boo Casino est une addition int\u00e9ressante \u00e0 la sc\u00e8ne des casinos en ligne. Le site s&#8217;articule autour d&#8217;une adorable mascotte fant\u00f4me. C&#8217;est l&#8217;un des rares casinos disponibles qui tentent d&#8217;attirer de nouveaux joueurs avec une offre de casino sans d\u00e9p\u00f4t de 5 $ au Canada. Le casino appartient \u00e0 [&hellip;]<\/p>\n","protected":false},"author":123,"featured_media":0,"parent":0,"menu_order":0,"comment_status":"closed","ping_status":"closed","template":"","meta":{"inline_featured_image":false,"_glsr_average":0,"_glsr_ranking":0,"_glsr_reviews":0,"footnotes":""},"class_list":["post-24238","page","type-page","status-publish","hentry"],"yoast_head":"<!-- This site is optimized with the Yoast SEO plugin v27.5 - https:\/\/yoast.com\/product\/yoast-seo-wordpress\/ -->\n<title>Boo Casino Canada | Bonus sans d\u00e9p\u00f4t de 5 $ \u00e0 l\u2019inscription<\/title>\n<meta name=\"description\" content=\"Boo Casino est un casino relativement r\u00e9cent | Bonus de bienvenue de 1 000$ + 150 tours gratuits en plus de 5$ offert sans d\u00e9p\u00f4t !\" \/>\n<meta name=\"robots\" content=\"index, follow, max-snippet:-1, max-image-preview:large, max-video-preview:-1\" \/>\n<link rel=\"canonical\" href=\"https:\/\/www.bonus.ca\/fr\/boo-casino\" \/>\n<meta property=\"og:type\" content=\"article\" \/>\n<meta property=\"og:title\" content=\"Boo Casino Canada | Bonus sans d\u00e9p\u00f4t de 5 $ \u00e0 l\u2019inscription\" \/>\n<meta property=\"og:description\" content=\"Boo Casino est un casino relativement r\u00e9cent | Bonus de bienvenue de 1 000$ + 150 tours gratuits en plus de 5$ offert sans d\u00e9p\u00f4t !\" \/>\n<meta property=\"og:url\" content=\"https:\/\/www.bonus.ca\/fr\/boo-casino\" \/>\n<meta property=\"article:published_time\" content=\"2025-04-03T12:58:46+00:00\" \/>\n<meta property=\"article:modified_time\" content=\"2026-04-21T15:54:43+00:00\" \/>\n<meta property=\"og:image\" content=\"https:\/\/mediafr.bonus.ca\/images\/Boo-casino-bonus.png\" \/>\n<meta name=\"twitter:card\" content=\"summary_large_image\" \/>\n<meta name=\"twitter:label1\" content=\"Est. reading time\" \/>\n\t<meta name=\"twitter:data1\" content=\"11 minutes\" \/>\n<!-- \/ Yoast SEO plugin. -->","yoast_head_json":{"title":"Boo Casino Canada | Bonus sans d\u00e9p\u00f4t de 5 $ \u00e0 l\u2019inscription","description":"Boo Casino est un casino relativement r\u00e9cent | Bonus de bienvenue de 1 000$ + 150 tours gratuits en plus de 5$ offert sans d\u00e9p\u00f4t !","robots":{"index":"index","follow":"follow","max-snippet":"max-snippet:-1","max-image-preview":"max-image-preview:large","max-video-preview":"max-video-preview:-1"},"canonical":"https:\/\/www.bonus.ca\/fr\/boo-casino","og_type":"article","og_title":"Boo Casino Canada | Bonus sans d\u00e9p\u00f4t de 5 $ \u00e0 l\u2019inscription","og_description":"Boo Casino est un casino relativement r\u00e9cent | Bonus de bienvenue de 1 000$ + 150 tours gratuits en plus de 5$ offert sans d\u00e9p\u00f4t !","og_url":"https:\/\/www.bonus.ca\/fr\/boo-casino","article_published_time":"2025-04-03T12:58:46+00:00","article_modified_time":"2026-04-21T15:54:43+00:00","og_image":[{"url":"https:\/\/mediafr.bonus.ca\/images\/Boo-casino-bonus.png","type":"","width":"","height":""}],"twitter_card":"summary_large_image","twitter_misc":{"Est. reading time":"11 minutes"},"schema":{"@context":"https:\/\/schema.org","@graph":[{"@type":"WebPage","@id":"https:\/\/www.bonus.ca\/fr\/boo-casino","url":"https:\/\/www.bonus.ca\/fr\/boo-casino","name":"Boo Casino Canada | Bonus sans d\u00e9p\u00f4t de 5 $ \u00e0 l\u2019inscription","isPartOf":{"@id":"\/#website"},"primaryImageOfPage":{"@id":"https:\/\/www.bonus.ca\/fr\/boo-casino#primaryimage"},"image":{"@id":"https:\/\/www.bonus.ca\/fr\/boo-casino#primaryimage"},"thumbnailUrl":"https:\/\/www.fr.bonus.ca\/fr\/images\/Boo-casino-bonus.png","datePublished":"2025-04-03T12:58:46+00:00","dateModified":"2026-04-21T15:54:43+00:00","description":"Boo Casino est un casino relativement r\u00e9cent | Bonus de bienvenue de 1 000$ + 150 tours gratuits en plus de 5$ offert sans d\u00e9p\u00f4t !","breadcrumb":{"@id":"https:\/\/www.bonus.ca\/fr\/boo-casino#breadcrumb"},"inLanguage":"en-US","potentialAction":[{"@type":"ReadAction","target":["https:\/\/www.bonus.ca\/fr\/boo-casino"]}]},{"@type":"ImageObject","inLanguage":"en-US","@id":"https:\/\/www.bonus.ca\/fr\/boo-casino#primaryimage","url":"https:\/\/www.fr.bonus.ca\/fr\/images\/Boo-casino-bonus.png","contentUrl":"https:\/\/www.fr.bonus.ca\/fr\/images\/Boo-casino-bonus.png"},{"@type":"BreadcrumbList","@id":"https:\/\/www.bonus.ca\/fr\/boo-casino#breadcrumb","itemListElement":[{"@type":"ListItem","position":1,"name":"Home","item":"https:\/\/www.bonus.ca\/fr\/"},{"@type":"ListItem","position":2,"name":"Boo Casino"}]},{"@type":"WebSite","@id":"\/#website","url":"\/","name":"BonusFinder Canada (Fran\u00e7ais)","description":"La source de bonus n\u00b0 1 au Canada","potentialAction":[{"@type":"SearchAction","target":{"@type":"EntryPoint","urlTemplate":"\/?s={search_term_string}"},"query-input":{"@type":"PropertyValueSpecification","valueRequired":true,"valueName":"search_term_string"}}],"inLanguage":"en-US"}]}},"_links":{"self":[{"href":"https:\/\/www.bonus.ca\/fr\/wp-json\/wp\/v2\/pages\/24238","targetHints":{"allow":["GET"]}}],"collection":[{"href":"https:\/\/www.bonus.ca\/fr\/wp-json\/wp\/v2\/pages"}],"about":[{"href":"https:\/\/www.bonus.ca\/fr\/wp-json\/wp\/v2\/types\/page"}],"author":[{"embeddable":true,"href":"https:\/\/www.bonus.ca\/fr\/wp-json\/wp\/v2\/users\/123"}],"replies":[{"embeddable":true,"href":"https:\/\/www.bonus.ca\/fr\/wp-json\/wp\/v2\/comments?post=24238"}],"version-history":[{"count":10,"href":"https:\/\/www.bonus.ca\/fr\/wp-json\/wp\/v2\/pages\/24238\/revisions"}],"predecessor-version":[{"id":26535,"href":"https:\/\/www.bonus.ca\/fr\/wp-json\/wp\/v2\/pages\/24238\/revisions\/26535"}],"wp:attachment":[{"href":"https:\/\/www.bonus.ca\/fr\/wp-json\/wp\/v2\/media?parent=24238"}],"curies":[{"name":"wp","href":"https:\/\/api.w.org\/{rel}","templated":true}]}}