{"id":18929,"date":"2024-12-03T14:42:29","date_gmt":"2024-12-03T14:42:29","guid":{"rendered":"https:\/\/www.fr.bonus.ca\/fr\/?page_id=18929"},"modified":"2025-05-05T14:08:41","modified_gmt":"2025-05-05T14:08:41","slug":"sitemap","status":"publish","type":"page","link":"https:\/\/www.bonus.ca\/fr\/sitemap","title":{"rendered":"Plan du site"},"content":{"rendered":"","protected":false},"excerpt":{"rendered":"","protected":false},"author":123,"featured_media":0,"parent":0,"menu_order":0,"comment_status":"closed","ping_status":"closed","template":"","meta":{"inline_featured_image":false,"_glsr_average":0,"_glsr_ranking":0,"_glsr_reviews":0,"footnotes":""},"class_list":["post-18929","page","type-page","status-publish","hentry"],"yoast_head":"<!-- This site is optimized with the Yoast SEO plugin v27.5 - https:\/\/yoast.com\/product\/yoast-seo-wordpress\/ -->\n<title>Plan du site - BonusFinder<\/title>\n<meta name=\"description\" content=\"Acc\u00e9dez facilement \u00e0 toutes les pages de BonusFinder Canada : bonus de casino, revues, guides de jeu, auteurs, politique \u00e9ditoriale et bien plus encore.\" \/>\n<meta name=\"robots\" content=\"index, follow, max-snippet:-1, max-image-preview:large, max-video-preview:-1\" \/>\n<link rel=\"canonical\" href=\"https:\/\/www.bonus.ca\/fr\/sitemap\" \/>\n<meta property=\"og:type\" content=\"article\" \/>\n<meta property=\"og:title\" content=\"Plan du site - BonusFinder\" \/>\n<meta property=\"og:description\" content=\"Acc\u00e9dez facilement \u00e0 toutes les pages de BonusFinder Canada : bonus de casino, revues, guides de jeu, auteurs, politique \u00e9ditoriale et bien plus encore.\" \/>\n<meta property=\"og:url\" content=\"https:\/\/www.bonus.ca\/fr\/sitemap\" \/>\n<meta property=\"article:published_time\" content=\"2024-12-03T14:42:29+00:00\" \/>\n<meta property=\"article:modified_time\" content=\"2025-05-05T14:08:41+00:00\" \/>\n<meta name=\"twitter:card\" content=\"summary_large_image\" \/>\n<!-- \/ Yoast SEO plugin. -->","yoast_head_json":{"title":"Plan du site - BonusFinder","description":"Acc\u00e9dez facilement \u00e0 toutes les pages de BonusFinder Canada : bonus de casino, revues, guides de jeu, auteurs, politique \u00e9ditoriale et bien plus encore.","robots":{"index":"index","follow":"follow","max-snippet":"max-snippet:-1","max-image-preview":"max-image-preview:large","max-video-preview":"max-video-preview:-1"},"canonical":"https:\/\/www.bonus.ca\/fr\/sitemap","og_type":"article","og_title":"Plan du site - BonusFinder","og_description":"Acc\u00e9dez facilement \u00e0 toutes les pages de BonusFinder Canada : bonus de casino, revues, guides de jeu, auteurs, politique \u00e9ditoriale et bien plus encore.","og_url":"https:\/\/www.bonus.ca\/fr\/sitemap","article_published_time":"2024-12-03T14:42:29+00:00","article_modified_time":"2025-05-05T14:08:41+00:00","twitter_card":"summary_large_image","schema":{"@context":"https:\/\/schema.org","@graph":[{"@type":"WebPage","@id":"https:\/\/www.bonus.ca\/fr\/sitemap","url":"https:\/\/www.bonus.ca\/fr\/sitemap","name":"Plan du site - BonusFinder","isPartOf":{"@id":"\/#website"},"datePublished":"2024-12-03T14:42:29+00:00","dateModified":"2025-05-05T14:08:41+00:00","description":"Acc\u00e9dez facilement \u00e0 toutes les pages de BonusFinder Canada : bonus de casino, revues, guides de jeu, auteurs, politique \u00e9ditoriale et bien plus encore.","breadcrumb":{"@id":"https:\/\/www.bonus.ca\/fr\/sitemap#breadcrumb"},"inLanguage":"en-US","potentialAction":[{"@type":"ReadAction","target":["https:\/\/www.bonus.ca\/fr\/sitemap"]}]},{"@type":"BreadcrumbList","@id":"https:\/\/www.bonus.ca\/fr\/sitemap#breadcrumb","itemListElement":[{"@type":"ListItem","position":1,"name":"Home","item":"https:\/\/www.bonus.ca\/fr\/"},{"@type":"ListItem","position":2,"name":"Plan du site"}]},{"@type":"WebSite","@id":"\/#website","url":"\/","name":"BonusFinder Canada (Fran\u00e7ais)","description":"La source de bonus n\u00b0 1 au Canada","potentialAction":[{"@type":"SearchAction","target":{"@type":"EntryPoint","urlTemplate":"\/?s={search_term_string}"},"query-input":{"@type":"PropertyValueSpecification","valueRequired":true,"valueName":"search_term_string"}}],"inLanguage":"en-US"}]}},"_links":{"self":[{"href":"https:\/\/www.bonus.ca\/fr\/wp-json\/wp\/v2\/pages\/18929","targetHints":{"allow":["GET"]}}],"collection":[{"href":"https:\/\/www.bonus.ca\/fr\/wp-json\/wp\/v2\/pages"}],"about":[{"href":"https:\/\/www.bonus.ca\/fr\/wp-json\/wp\/v2\/types\/page"}],"author":[{"embeddable":true,"href":"https:\/\/www.bonus.ca\/fr\/wp-json\/wp\/v2\/users\/123"}],"replies":[{"embeddable":true,"href":"https:\/\/www.bonus.ca\/fr\/wp-json\/wp\/v2\/comments?post=18929"}],"version-history":[{"count":2,"href":"https:\/\/www.bonus.ca\/fr\/wp-json\/wp\/v2\/pages\/18929\/revisions"}],"predecessor-version":[{"id":18931,"href":"https:\/\/www.bonus.ca\/fr\/wp-json\/wp\/v2\/pages\/18929\/revisions\/18931"}],"wp:attachment":[{"href":"https:\/\/www.bonus.ca\/fr\/wp-json\/wp\/v2\/media?parent=18929"}],"curies":[{"name":"wp","href":"https:\/\/api.w.org\/{rel}","templated":true}]}}