{"id":12949,"date":"2021-06-12T06:05:33","date_gmt":"2021-06-12T06:05:33","guid":{"rendered":"https:\/\/www.fr.bonus.ca\/fr\/?page_id=12949"},"modified":"2026-03-09T14:02:42","modified_gmt":"2026-03-09T14:02:42","slug":"ecopayz","status":"publish","type":"page","link":"https:\/\/www.bonus.ca\/fr\/casino-en-ligne\/ecopayz","title":{"rendered":"EcoPayz Casino"},"content":{"rendered":"<h2>EcoPayz Casinos 2026<\/h2>\n<p>Les Canadiens ont l&#8217;embarras du choix quand vient le temps de choisir une option bancaire dans un <a href=\"https:\/\/www.fr.bonus.ca\/fr\/casino-en-ligne\/le-plus-payant\">casino en ligne payant<\/a>. De plus en plus de joueurs veulent une m\u00e9thode bancaire alternative comme EcoPayz Canada. <\/p>\n<p>Comparativement aux m\u00e9thodes traditionnelles comme les cartes de cr\u00e9dits ou transferts bancaires, EcoPayz Canada est relativement nouveau. Vous devrez cr\u00e9er un compte et ensuite, vous pourrez transf\u00e9rer de l&#8217;argent dans votre compte EcoPayz en utilisant une carte de d\u00e9bit ou de cr\u00e9dit, ou en faisant un transfert. C&#8217;est assez simple et cela vous permet de jouer de fa\u00e7on plus s\u00e9curitaire. <\/p>\n<p>De plus en plus, les casinos canadiens offrent EcoPayz. La liste s&#8217;allonge rapidement.<\/p>\n<p>[table_start]<br \/>\n[table_head column-1=&#8217;Rang&#8217; column-2=&#8217;Casino ecoPayz&#8217; column-3=&#8217;Bonus&#8217;]<br \/>\n[table_row column-1=&#8217;1&#8242; column-2=&#8217;Wheelz&#8217; column-3=&#8217;300$ + 100 tours gratuits&#8217;]<br \/>\n[table_row column-1=&#8217;2&#8242; column-2=&#8217;Leo Vegas&#8217; column-3=&#8217;200$ &#038; 75 tours gratuits sans d\u00e9p\u00f4t&#8217;]<br \/>\n[table_row column-1=&#8217;3&#8242; column-2=&#8217;Rizk&#8217; column-3=&#8217;500$ en bonus&#8217;]<br \/>\n[table_row column-1=&#8217;4&#8242; column-2=&#8217;888 Casino&#8217; column-3=&#8217;88$ en argent bonus&#8217;]<br \/>\n[table_row column-1=&#8217;5&#8242; column-2=&#8217;PlayOJO&#8217; column-3=&#8217;80 tours gratuits&#8217;]<br \/>\n[table_row column-1=&#8217;6&#8242; column-2=&#8217;LuckyDays&#8217; column-3=&#8217;1500$ en bonus&#8217;]<br \/>\n[table_row column-1=&#8217;7&#8242; column-2=&#8217;PartyCasino&#8217; column-3=&#8217;500$ en bonus&#8217;]<br \/>\n[table_row column-1=&#8217;8&#8242; column-2=&#8217;Jackpot City&#8217; column-3=&#8217;1600$ en bonus&#8217;]<br \/>\n[table_row column-1=&#8217;9&#8242; column-2=&#8217;Casino Friday&#8217; column-3=&#8217;1000$ en bonus&#8217;]<br \/>\n[table_row column-1=&#8217;10&#8217; column-2=&#8217;Spin Casino&#8217; column-3=&#8217;1000$ en bonus&#8217;]<br \/>\n[table_end]<\/p>\n<div id=\"attachment_12955\" style=\"width: 1546px\" class=\"wp-caption alignnone\"><img loading=\"lazy\" decoding=\"async\" aria-describedby=\"caption-attachment-12955\" src=\"https:\/\/www.fr.bonus.ca\/fr\/images\/ecopayz-casino-wheelz.jpg\" alt=\"ecopayz casino\" width=\"1536\" height=\"1024\" class=\"size-full wp-image-12955\" \/><p id=\"caption-attachment-12955\" class=\"wp-caption-text\">Les joueurs canadiens peuvent faire des d\u00e9p\u00f4ts avec ecoPayz. Il s&#8217;agit d&#8217;une m\u00e9thode bancaire facile et s\u00e9curitaire.<\/p><\/div>\n<h3>Meilleur Casino En Ligne EcoPayz: Wheelz<\/h3>\n<p>Non seulement <a href=\"https:\/\/www.fr.bonus.ca\/fr\/wheelz-casino\">Wheelz Casino<\/a> a attir\u00e9 notre attention en tant que meilleur casino EcoPayz, mais il s&#8217;agit \u00e9galement d&#8217;un des meilleurs nouveaux casinos au pays. Wheelz Casino accepte un tas d&#8217;option bancaire et y retrouver EcoPayz.<\/p>\n<p>En plus, le casino en ligne Wheelz vous offre un gros bonus de 300$ en plus de 100 tours gratuits. Vous aurez du choix puisque le casino offre plus de 1300 jeux et presque autant de jeux casino en ligne gratuit. Il s&#8217;agit tout simplement d&#8217;une s\u00e9lection grandiose.<\/p>\n<h3>Nouveaux Casinos EcoPayz au Canada<\/h3>\n<p>Wheelz Casino n&#8217;est pas le seul <a href=\"https:\/\/www.fr.bonus.ca\/fr\/casino-en-ligne\/nouveaux\">nouveau casino<\/a> \u00e0 offrir EcoPayz comme m\u00e9thode bancaire. Les casinos en ligne savent qu&#8217;il est important d&#8217;offrir aux joueurs plus d&#8217;options &#8211; comme des portefeuilles \u00e9lectroniques ou des cartes pr\u00e9pay\u00e9es.<\/p>\n<p>EcoPayz est disponible dans les casinos en ligne suivants:<\/p>\n<ul>\n<li>LeoVegas<\/li>\n<li>Royal Vegas<\/li>\n<li>Spin Palace Casino<\/li>\n<li>PlayOJO<\/li>\n<li><a href=\"https:\/\/www.fr.bonus.ca\/fr\/lucky-days\">Lucky Days Casino<\/a><\/li>\n<li>888 Casino<\/li>\n<li>Royal Panda<\/li>\n<li>Rizk<\/li>\n<li>PartyCasino<\/li>\n<\/ul>\n<p>Tous les casinos list\u00e9s ci-dessus sont excellents et la plupart offrent des fr.bonus.casino int\u00e9ressants aux nouveaux joueurs. Vous serez donc en mesure de jouez \u00e0 des jeux en direct, aux machines \u00e0 sous ou paris sportifs tout en utilisant EcoPayz.<\/p>\n<h2>Avantages et Incond\u00e9vients EcoPayz<\/h2>\n<p>Plusieurs adorent utiliser EcoPayz pour augmenter la s\u00e9curit\u00e9 des informations personnelles. EcoPayz prends toutes les mesures de s\u00e9curit\u00e9 pour s&#8217;assurer que son portail soit compl\u00e8tement s\u00e9curitaire et fiable.<\/p>\n<h3>Avantages EcoPayz<\/h3>\n<p>En plus d&#8217;offrir un syst\u00e8me hyper s\u00e9curitaire, EcoPayz offres plusieurs autres avantages:<\/p>\n<ul>\n<li>EcoPayz est facile \u00e0 utiliser dans les casinos en ligne.<\/li>\n<li>Vous pouvez faire des d\u00e9p\u00f4ts et des retraits avec EcoPayz.<\/li>\n<li>EcoPayz offre une option pour les cartes pr\u00e9pay\u00e9es.<\/li>\n<li>EcoPayz est accept\u00e9e dans de tr\u00e8s bons casinos en ligne.<\/li>\n<li>Faire un retrait avec EcoPayz est rapide et simple &#8211; surtout pour les jeux en direct ou les jeux de poker.<\/li>\n<\/ul>\n<h3>D\u00e9savantages EcoPayz<\/h3>\n<p>Nous ne voyons qu&#8217;un seul inconv\u00e9nient et il s&#8217;agit d&#8217;un petit frais \u00e0 payer lorsque vous utilisez EcoPayz pour faire un d\u00e9p\u00f4t ou un retrait. En g\u00e9n\u00e9ral, le frais est plut\u00f4t bas (entre 1 et 1.5%). Si on compare cela \u00e0 un transfert bancaire, ce n&#8217;est pas id\u00e9al.<\/p>\n<h3>M\u00e9thodes Bancaires Disponibles dans les Casinos en Ligne<\/h3>\n<p>EcoPayz vous permet de faire des transactions via le portefeuille \u00e9lectronique et avec une carte pr\u00e9pay\u00e9e &#8211; ce qui rend le tout int\u00e9ressant! Toutefois, Interac, <a href=\"https:\/\/www.fr.bonus.ca\/fr\/casino-en-ligne\/muchbetter\">MuchBetter<\/a> et eCheck sont \u00e9galement de bonnes options bancaires.<\/p>\n<p>Si vous \u00eates apr\u00e8s un portefeuille \u00e9lectronique de qualit\u00e9, EcoPayz est difficile \u00e0 battre. Si on consid\u00e8re le fait que Paypal n&#8217;est pas accept\u00e9 pour le jeu en ligne &#8211; EcoPayz devient la meilleure option.<\/p>\n<div id=\"attachment_12952\" style=\"width: 1034px\" class=\"wp-caption alignnone\"><img loading=\"lazy\" decoding=\"async\" aria-describedby=\"caption-attachment-12952\" src=\"https:\/\/www.fr.bonus.ca\/fr\/images\/ecopayz.png\" alt=\"ecopayz\" width=\"1024\" height=\"576\" class=\"size-full wp-image-12952\" \/><p id=\"caption-attachment-12952\" class=\"wp-caption-text\">Amusez vous dans votre casino en ligne pr\u00e9f\u00e9r\u00e9 en d\u00e9posant avec EcoPayz.<\/p><\/div>\n<h3>Meilleurs Jeux Offerts dans les EcoPayz Casinos<\/h3>\n<p>Si vous d\u00e9sirez jouer en utilisant EcoPayz, vous aurez une grande s\u00e9lection de jeux de casino. En effet, vous y trouverez de tout &#8211; paris sportifs, vid\u00e9o poker et jeux classiques.<\/p>\n<h2>\u00c0 Propos de EcoPayz<\/h2>\n<p>Voici un peu plus d&#8217;information \u00e0 propos de Ecopayz. La compagnie a \u00e9t\u00e9 fond\u00e9e en 2000 &#8211; sous le nom de EcoCard. En 2013, le nom a chang\u00e9 et ils ont commenc\u00e9 \u00e0 utiliser plus d&#8217;options bancaires.<\/p>\n<p>Sachez que EcoPayz est utilis\u00e9 dans 159 pays et supporte pr\u00e9sentement 45 devises &#8211; dont le dollar canadien.<\/p>\n<h3>Inscription<\/h3>\n<p>Avant de pouvoir utiliser ecoPayz dans un <a href=\"https:\/\/www.fr.bonus.ca\/fr\/casino-en-ligne\">casino en ligne populaire<\/a>, vous devrez vous inscrire. Pour se faire, vous devrez visiter le site web de Ecopayz ou t\u00e9l\u00e9charger l&#8217;application. Cr\u00e9ez votre compte et voil\u00e0!<\/p>\n<p>Vous n&#8217;avez pas besoin d&#8217;utiliser une carte de cr\u00e9dit pour vous inscrire &#8211; Ecopayz est gratuit. Une fois que le compte est cr\u00e9\u00e9, vous serez en mesure d&#8217;y d\u00e9poser de l&#8217;argent et de faire des transactions.<\/p>\n<h2>Comment Faire un Retrait<\/h2>\n<p>Retirer de l&#8217;argent avec ecoPayz est presque identique. Rendez vous \u00e0 la caisse, et choisissez l&#8217;option EcoPayz comme m\u00e9thode de retrait. Vous devrez v\u00e9rifier quelques informations et ensuite, cliquez sur Retirer l&#8217;argent.<\/p>\n<p>Toutefois, les demandes de retrait ne sont pas trait\u00e9es de fa\u00e7on instantann\u00e9e. En effet, cela peut prendre quelques jours, mais cela est le cas pour la plupart des m\u00e9thodes bancaires. Les sites de casino traitent normalement les demandes de retrait entre 24 et 72 heures.<\/p>\n<div id=\"attachment_12953\" style=\"width: 1118px\" class=\"wp-caption alignnone\"><img loading=\"lazy\" decoding=\"async\" aria-describedby=\"caption-attachment-12953\" src=\"https:\/\/www.fr.bonus.ca\/fr\/images\/ecopayz-app.png\" alt=\"ecopayz app\" width=\"1108\" height=\"740\" class=\"size-full wp-image-12953\" \/><p id=\"caption-attachment-12953\" class=\"wp-caption-text\">Avec l&#8217;application ecoPayz vous n&#8217;aurez pas besoin de donner vos d\u00e9tails bancaires aux casinos en ligne. Faites vos d\u00e9p\u00f4ts et retraits avec ecoPayz mobile.<\/p><\/div>\n<h2>Casinos Mobile Acceptant EcoPayz au Canada<\/h2>\n<p>Vous pouvez utiliser EcoPayz sur votre t\u00e9l\u00e9phone portable, ordinateur ou tablette. Le tout fonctionne parfaitement sur tous les appareils.<\/p>\n<p>Assurez vous que votre casino en ligne soit optimis\u00e9 pour mobile pour avoir une exp\u00e9rience de jeu plus agr\u00e9able. La plupart des bons casinos mobiles offrent EcoPayz parmis leurs m\u00e9thodes bancaires.<\/p>\n<h2>Conclusion<\/h2>\n<p>L&#8217;inscription sur EcoPayz se fait facilement, en toute s\u00e9curit\u00e9 &#8211; gr\u00e2ce au processus de v\u00e9rification en deux \u00e9tapes \u00e9tabli en 2016. De plus, EcoPayz vous offre plusieurs options dont un portefeuille \u00e9lectronique et une carte pr\u00e9pay\u00e9e pour des transactions instantann\u00e9es.<\/p>\n<p>Lorsque vous choisissez un nouveau casino, assurez-vous de jeter un oeil aux icones pour trouver l&#8217;icone &#8220;eco&#8221;. Celle-ci repr\u00e9sente EcoPayz.<\/p>\n<p>\u00c0 la recherche d&#8217;une alternative?  <a href=\"https:\/\/www.fr.bonus.ca\/fr\/casino-en-ligne\/paiements-par-telephone\">Financez votre compte casino par t\u00e9l\u00e9phone<\/a>.<\/p>\n","protected":false},"excerpt":{"rendered":"<p>EcoPayz Casinos Les Canadiens ont l&#8217;embarras du choix quand vient le temps de choisir une option bancaire dans un casino en ligne payant. De plus en plus de joueurs veulent une m\u00e9thode bancaire alternative comme EcoPayz Canada. Comparativement aux m\u00e9thodes traditionnelles comme les cartes de cr\u00e9dits ou transferts bancaires, EcoPayz Canada est relativement nouveau. Vous [&hellip;]<\/p>\n","protected":false},"author":123,"featured_media":0,"parent":11032,"menu_order":0,"comment_status":"closed","ping_status":"closed","template":"","meta":{"inline_featured_image":false,"_glsr_average":0,"_glsr_ranking":0,"_glsr_reviews":0,"footnotes":""},"class_list":["post-12949","page","type-page","status-publish","hentry"],"yoast_head":"<!-- This site is optimized with the Yoast SEO plugin v27.5 - https:\/\/yoast.com\/product\/yoast-seo-wordpress\/ -->\n<title>Casino En Ligne EcoPayz \ud83c\udf96\ufe0f Canada [year]<\/title>\n<meta name=\"description\" content=\"Casinos ecoPayz | Plus de 80 casinos acceptant ecoPayz | Plus de 1600$ en bonus | D\u00e9p\u00f4ts s\u00e9curitaires et fiables.\" \/>\n<meta name=\"robots\" content=\"index, follow, max-snippet:-1, max-image-preview:large, max-video-preview:-1\" \/>\n<link rel=\"canonical\" href=\"https:\/\/www.bonus.ca\/fr\/casino-en-ligne\/ecopayz\" \/>\n<meta property=\"og:type\" content=\"article\" \/>\n<meta property=\"og:title\" content=\"Casino En Ligne EcoPayz \ud83c\udf96\ufe0f Canada [year]\" \/>\n<meta property=\"og:description\" content=\"Casinos ecoPayz | Plus de 80 casinos acceptant ecoPayz | Plus de 1600$ en bonus | D\u00e9p\u00f4ts s\u00e9curitaires et fiables.\" \/>\n<meta property=\"og:url\" content=\"https:\/\/www.bonus.ca\/fr\/casino-en-ligne\/ecopayz\" \/>\n<meta property=\"article:published_time\" content=\"2021-06-12T06:05:33+00:00\" \/>\n<meta property=\"article:modified_time\" content=\"2026-03-09T14:02:42+00:00\" \/>\n<meta property=\"og:image\" content=\"https:\/\/mediafr.bonus.ca\/images\/ecopayz-casino-wheelz.jpg\" \/>\n<meta name=\"twitter:card\" content=\"summary_large_image\" \/>\n<meta name=\"twitter:label1\" content=\"Est. reading time\" \/>\n\t<meta name=\"twitter:data1\" content=\"6 minutes\" \/>\n<!-- \/ Yoast SEO plugin. -->","yoast_head_json":{"title":"Casino En Ligne EcoPayz \ud83c\udf96\ufe0f Canada [year]","description":"Casinos ecoPayz | Plus de 80 casinos acceptant ecoPayz | Plus de 1600$ en bonus | D\u00e9p\u00f4ts s\u00e9curitaires et fiables.","robots":{"index":"index","follow":"follow","max-snippet":"max-snippet:-1","max-image-preview":"max-image-preview:large","max-video-preview":"max-video-preview:-1"},"canonical":"https:\/\/www.bonus.ca\/fr\/casino-en-ligne\/ecopayz","og_type":"article","og_title":"Casino En Ligne EcoPayz \ud83c\udf96\ufe0f Canada [year]","og_description":"Casinos ecoPayz | Plus de 80 casinos acceptant ecoPayz | Plus de 1600$ en bonus | D\u00e9p\u00f4ts s\u00e9curitaires et fiables.","og_url":"https:\/\/www.bonus.ca\/fr\/casino-en-ligne\/ecopayz","article_published_time":"2021-06-12T06:05:33+00:00","article_modified_time":"2026-03-09T14:02:42+00:00","og_image":[{"url":"https:\/\/mediafr.bonus.ca\/images\/ecopayz-casino-wheelz.jpg","type":"","width":"","height":""}],"twitter_card":"summary_large_image","twitter_misc":{"Est. reading time":"6 minutes"},"schema":{"@context":"https:\/\/schema.org","@graph":[{"@type":"WebPage","@id":"https:\/\/www.bonus.ca\/fr\/casino-en-ligne\/ecopayz","url":"https:\/\/www.bonus.ca\/fr\/casino-en-ligne\/ecopayz","name":"Casino En Ligne EcoPayz \ud83c\udf96\ufe0f Canada [year]","isPartOf":{"@id":"\/#website"},"primaryImageOfPage":{"@id":"https:\/\/www.bonus.ca\/fr\/casino-en-ligne\/ecopayz#primaryimage"},"image":{"@id":"https:\/\/www.bonus.ca\/fr\/casino-en-ligne\/ecopayz#primaryimage"},"thumbnailUrl":"https:\/\/www.fr.bonus.ca\/fr\/images\/ecopayz-casino-wheelz.jpg","datePublished":"2021-06-12T06:05:33+00:00","dateModified":"2026-03-09T14:02:42+00:00","description":"Casinos ecoPayz | Plus de 80 casinos acceptant ecoPayz | Plus de 1600$ en bonus | D\u00e9p\u00f4ts s\u00e9curitaires et fiables.","breadcrumb":{"@id":"https:\/\/www.bonus.ca\/fr\/casino-en-ligne\/ecopayz#breadcrumb"},"inLanguage":"en-US","potentialAction":[{"@type":"ReadAction","target":["https:\/\/www.bonus.ca\/fr\/casino-en-ligne\/ecopayz"]}]},{"@type":"ImageObject","inLanguage":"en-US","@id":"https:\/\/www.bonus.ca\/fr\/casino-en-ligne\/ecopayz#primaryimage","url":"https:\/\/www.fr.bonus.ca\/fr\/images\/ecopayz-casino-wheelz.jpg","contentUrl":"https:\/\/www.fr.bonus.ca\/fr\/images\/ecopayz-casino-wheelz.jpg"},{"@type":"BreadcrumbList","@id":"https:\/\/www.bonus.ca\/fr\/casino-en-ligne\/ecopayz#breadcrumb","itemListElement":[{"@type":"ListItem","position":1,"name":"Home","item":"https:\/\/www.bonus.ca\/fr\/"},{"@type":"ListItem","position":2,"name":"Casino argent r\u00e9\u00e8l","item":"https:\/\/www.bonus.ca\/fr\/casino-en-ligne"},{"@type":"ListItem","position":3,"name":"EcoPayz Casino"}]},{"@type":"WebSite","@id":"\/#website","url":"\/","name":"BonusFinder Canada (Fran\u00e7ais)","description":"La source de bonus n\u00b0 1 au Canada","potentialAction":[{"@type":"SearchAction","target":{"@type":"EntryPoint","urlTemplate":"\/?s={search_term_string}"},"query-input":{"@type":"PropertyValueSpecification","valueRequired":true,"valueName":"search_term_string"}}],"inLanguage":"en-US"}]}},"_links":{"self":[{"href":"https:\/\/www.bonus.ca\/fr\/wp-json\/wp\/v2\/pages\/12949","targetHints":{"allow":["GET"]}}],"collection":[{"href":"https:\/\/www.bonus.ca\/fr\/wp-json\/wp\/v2\/pages"}],"about":[{"href":"https:\/\/www.bonus.ca\/fr\/wp-json\/wp\/v2\/types\/page"}],"author":[{"embeddable":true,"href":"https:\/\/www.bonus.ca\/fr\/wp-json\/wp\/v2\/users\/123"}],"replies":[{"embeddable":true,"href":"https:\/\/www.bonus.ca\/fr\/wp-json\/wp\/v2\/comments?post=12949"}],"version-history":[{"count":11,"href":"https:\/\/www.bonus.ca\/fr\/wp-json\/wp\/v2\/pages\/12949\/revisions"}],"predecessor-version":[{"id":25691,"href":"https:\/\/www.bonus.ca\/fr\/wp-json\/wp\/v2\/pages\/12949\/revisions\/25691"}],"up":[{"embeddable":true,"href":"https:\/\/www.bonus.ca\/fr\/wp-json\/wp\/v2\/pages\/11032"}],"wp:attachment":[{"href":"https:\/\/www.bonus.ca\/fr\/wp-json\/wp\/v2\/media?parent=12949"}],"curies":[{"name":"wp","href":"https:\/\/api.w.org\/{rel}","templated":true}]}}