{"id":12452,"date":"2021-01-31T09:49:07","date_gmt":"2021-01-31T09:49:07","guid":{"rendered":"https:\/\/www.fr.bonus.ca\/fr\/?page_id=12452"},"modified":"2025-05-21T09:03:38","modified_gmt":"2025-05-21T09:03:38","slug":"sweet-bonanza","status":"publish","type":"page","link":"https:\/\/www.bonus.ca\/fr\/machines-a-sous-gratuites\/sweet-bonanza","title":{"rendered":"Sweet Bonanza"},"content":{"rendered":"<h2>Sweet Bonanza Gratuit<\/h2>\n<p>Les promotions sur Sweet Bonanza en argent r\u00e9el peuvent vous donner jusqu&#8217;\u00e0 300% plus d&#8217;argent pour jouer. Vous pouvez jouer gratuitement sur Sweet Bonanza avec les offres de tours gratuits, les casino bonus, ou les bonus sans d\u00e9p\u00f4t. <\/p>\n<p>D\u00e9pendemment du type de bonus, vous pourriez obtenir entre 100 et 500 parties. Voici comment obtenir un tas de parties gratuites sur Sweet Bonanza en convertissant vos bonus en tours \u00e0 0.25$.<\/p>\n<p>[table_start]<br \/>\n[table_head column-1=&#8217;Casino&#8217; column-2=&#8217;D\u00e9p\u00f4t&#8217; column-3=&#8217;Nombre de parties&#8217;]<br \/>\n[table_row column-1=&#8217;Casino Friday&#8217; column-2=&#8217;20$&#8217; column-3=&#8217;300&#8242;]<br \/>\n[table_row column-1=&#8217;Neon Vegas&#8217; column-2=&#8217;20$&#8217; column-3=&#8217;300&#8242;]<br \/>\n[table_row column-1=&#8217;Mr Green&#8217; column-2=&#8217;20$&#8217; column-3=&#8217;100&#8242;]<br \/>\n[table_row column-1=&#8217;Just Spin&#8217; column-2=&#8217;20$&#8217; column-3=&#8217;100&#8242;]<br \/>\n[table_row column-1=&#8217;DuxCasino&#8217; column-2=&#8217;20$&#8217; column-3=&#8217;155&#8242;]<br \/>\n[table_end]<\/p>\n<div id=\"attachment_12458\" style=\"width: 948px\" class=\"wp-caption alignnone\"><img loading=\"lazy\" decoding=\"async\" aria-describedby=\"caption-attachment-12458\" src=\"https:\/\/www.fr.bonus.ca\/fr\/images\/Sweet-bonanza.jpg\" alt=\"Sweet-bonanza\" width=\"938\" height=\"536\" class=\"size-full wp-image-12458\" \/><p id=\"caption-attachment-12458\" class=\"wp-caption-text\">La machine \u00e0 sous Sweet Bonanza a \u00e9t\u00e9 cr\u00e9\u00e9e par Pragmatic Play et vous permet de gagner des gros montants gr\u00e2ce \u00e0 la ronde bonus.<\/p><\/div>\n<p>Comme vous pouvez le voir dans le tableau, pr\u00e9sentement en Mai 2026, il n&#8217;y a pas de bonus sans d\u00e9p\u00f4t sur le jeu Sweet Bonanxa. La mise minimale est \u00e0 0.25$ par tout. En g\u00e9n\u00e9ral, les sites pr\u00e9f\u00e8rent donner des <a href=\"https:\/\/www.fr.bonus.ca\/fr\/casino-bonus\/sans-depot\">bonus sans d\u00e9p\u00f4t casino<\/a> sur des jeux avec mises un peu plus basses.<\/p>\n<h3>Sweet Bonanza Tours Gratuits<\/h3>\n<p>En ce moment, il y a trois offres de tours gratuits disponibles. Il n&#8217;y a peut-\u00eatre pas de bonus sans d\u00e9p\u00f4t disponible, mais avec 20$, vous pourriez obtenir des centaines de parties gratuites. Ces promotions sont disponibles dans trois casinos. Vous trouverez des bonus jusqu&#8217;\u00e0 500% ainsi que des tours gratuits.<\/p>\n<p>[table_start]<br \/>\n[table_head column-1=&#8217;Casino&#8217; column-2=&#8217;D\u00e9p\u00f4t&#8217;  column-3=&#8217;Bonus&#8217;]<br \/>\n[table_row column-1=&#8217;Casino Friday&#8217; column-2=&#8217;20$&#8217; column-3=&#8217;200 parties gratuites + 40$ pour jouer&#8217;]<br \/>\n[table_row column-1=&#8217;Dux Casino&#8217; column-2=&#8217;20$&#8217; column-3=&#8217;55 parties gratuites + 55$ pour jouer&#8217;]<br \/>\n[table_row column-1=&#8217;Neon Vegas&#8217; column-2=&#8217;20$&#8217; column-3=&#8217;120$ pour jouer (Ce qui donne environ 480 parties)&#8217;]<br \/>\n[table_end]<\/p>\n<div id=\"attachment_12460\" style=\"width: 949px\" class=\"wp-caption alignnone\"><img loading=\"lazy\" decoding=\"async\" aria-describedby=\"caption-attachment-12460\" src=\"https:\/\/www.fr.bonus.ca\/fr\/images\/Sweet-Bonanza-machine-a-sous.jpg\" alt=\"Sweet-Bonanza-machine-a-sous\" width=\"939\" height=\"531\" class=\"size-full wp-image-12460\" \/><p id=\"caption-attachment-12460\" class=\"wp-caption-text\">Plusieurs casinos en ligne canadiens vous permettent de jouer sur Sweet Bonanza gratuitement gr\u00e2ce \u00e0 leur fr.bonus.casino et offres de tours gratuits.<\/p><\/div>\n<h3>Meilleurs Casinos pour Jouer \u00e0 Sweet Bonanza Gratuitement<\/h3>\n<p>Vous trouverez la machine \u00e0 sous Sweet Bonanza dans les casinos en ligne qui offrent des jeux de Pragmatic Play. Au Canada, vous trouverez ces jeux dans les <a href=\"https:\/\/www.fr.bonus.ca\/fr\/casino-en-ligne\/nouveaux\">nouveaux casinos<\/a>, puisque les vieux casinos n&#8217;offrent que les jeux Microgaming. On pense ici \u00e0 Zodiac et Yukon Gold.<\/p>\n<p><strong>Voici les 10 meilleurs casinos pour jouer au jeu Sweet Bonanza:<\/strong><\/p>\n<ol>\n<li>Casino Friday: Nouveau casino avec une offre sp\u00e9ciale sur Sweet Bonanza<\/li>\n<li>Neon Vegas: Un casino qui vous offre un bon bonus surtout sur les petits d\u00e9p\u00f4ts, id\u00e9al pour jouer sur Sweet Bonanza<\/li>\n<li>Mr Green: Jouez sur Sweet Bonanza avec un bonus \u00e0 100% et recevez \u00e9galement des parties gratuites sur Book of Dead<\/li>\n<li>Just Spin: Pour 20$, vous aurez 600 tours gratuits sur Fire Joker et 100 tours gratuits sur Sweet Bonanza<\/li>\n<li>Dux Casino: Nouveau casino qui offre un tas de machine \u00e0 sous<\/li>\n<li>Lucky Dino: Offre un bonus sans d\u00e9p\u00f4t int\u00e9ressant<\/li>\n<li>888 Casino: L&#8217;un des casinos les plus populaires \u00e0 travers le monde<\/li>\n<li>Spin Away: Un d\u00e9p\u00f4t de 20$ vous permet d&#8217;obtenir 100 tours gratuits sur Sweet Bonanza et 100 tours gratuits sur Starburst<\/li>\n<li>Leo Vegas: Parfait sur mobile, offre plusieurs jeux populaires dont Sweet Bonanza<\/li>\n<li>Casino Days: Bonus int\u00e9ressant qui vous permet de jouer sur Sweet Bonanza et d&#8217;autres machines \u00e0 sous<\/li>\n<\/ol>\n<div id=\"attachment_12456\" style=\"width: 1546px\" class=\"wp-caption alignnone\"><img loading=\"lazy\" decoding=\"async\" aria-describedby=\"caption-attachment-12456\" src=\"https:\/\/www.fr.bonus.ca\/fr\/images\/casino-sweet-bonanza.jpg\" alt=\"casino sweet bonanza\" width=\"1536\" height=\"1024\" class=\"size-full wp-image-12456\" \/><p id=\"caption-attachment-12456\" class=\"wp-caption-text\">Voici les meilleurs casinos en ligne pour jouer sur le jeu Sweet Bonanza.<\/p><\/div>\n<h2>Information sur le Jeu Sweet Bonanza<\/h2>\n<p>Sweet Bonanza est l&#8217;une des machines \u00e0 sous les plus populaires cette ann\u00e9e. On y retrouve des fonctionnalit\u00e9s int\u00e9ressantes comme sa grille (au lieu des rouleaux) et des gains qui tombent (simlaire \u00e0 Gonzo&#8217;s Quest de NetEnt). Sweet Bonanza a un RTP \u00e9lev\u00e9 ainsi qu&#8217;une haute volatilit\u00e9 &#8211; ce qui est id\u00e9al pour les joueurs.<\/p>\n<p>[table_start]<br \/>\n[table_head column-1=&#8217;Jeu&#8217; column-2=&#8217;Information&#8217;]<br \/>\n[table_row column-1=&#8217;Nom&#8217; column-2=&#8217;Sweet Bonanza&#8217;]<br \/>\n[table_row column-1=&#8217;Fournisseur&#8217; column-2=&#8217;Pragmatic Play&#8217;]<br \/>\n[table_row column-1=&#8217;Lanc\u00e9 en&#8217; column-2=&#8217;Juin 2019&#8242;]<br \/>\n[table_row column-1=&#8217;Lignes de paiement&#8217; column-2=&#8217;20&#8217;]<br \/>\n[table_row column-1=&#8217;Rouleaux&#8217; column-2=&#8217;Grille 6&#215;5&#8242;]<br \/>\n[table_row column-1=&#8217;Gain manimum&#8217; column-2=&#8217;21,175x la mise&#8217;]<br \/>\n[table_row column-1=&#8217;Mise min\/max&#8217; column-2=&#8217;0.25$ \/ 125$&#8217;]<br \/>\n[table_row column-1=&#8217;RTP&#8217; column-2=&#8217;96.51%&#8217;]<br \/>\n[table_row column-1=&#8217;Fonctionnalit\u00e9s&#8217; column-2=&#8217;Ante bet, tours gratuits, bonus buy&#8217;]<br \/>\n[table_row column-1=&#8217;Plateformes&#8217; column-2=&#8217;Windows, iOS, Android&#8217;]<br \/>\n[table_end]<\/p>\n<blockquote><p>&#8220;Un vrai sac de bonbons&#8221;, Sweet Bonanza a un design mignon, une volatilit\u00e9 \u00e9lev\u00e9e ce qui veut dire que vous pourriez gagner gros. On y ajoute un RTP \u00e9lev\u00e9, et on comprend pourquoi ce jeu est si populaire parmis les casinos en ligne canadiens.<\/p><\/blockquote>\n<h3>Fonctionnalit\u00e9s Bonus<\/h3>\n<p><strong>Ante Bet<\/strong><\/p>\n<p>Ajoutez plus de scatters dans le jeu. Cela vous permet d&#8217;obtenir deux fois plus de chance de gagner des tours gratuits. Cette fonctionnalit\u00e9 est unique.<\/p>\n<p><strong>Tumble<\/strong><br \/>\nLes symboles pour gagner disparaissent de l&#8217;\u00e9cran, et de nouveaux tombent. Tumbling vous donne une chance de gagner plus souvent, puisque les symbolles sont remplac\u00e9s chaque fois que vous gagnez.<\/p>\n<p><strong>Tours gratuits<\/strong><\/p>\n<p>Obtenez 4 symboles scatter (ou plus) pour obtenir une ronde de 10 tours gratuits. Les multiplicateurs de gains apparaissent durant ses rondes et pourraient vous permettent de gagner 100x plus. Selon Pragmatic Play, un tour pourrait vous permettre de multiplier votre mise jusqu&#8217;\u00e0 21175x.<\/p>\n<p><strong>Bonus Buy<\/strong><\/p>\n<p>Sweet Bonanza a une fonction bonus buy. Cela veut dire que vous pouvez directement acheter un acc\u00e8s \u00e0 la ronde bonus. <\/p>\n<p>Cette ronde bonus vous donne 10 tours gratuits. Les tours peuvent \u00eatre multipli\u00e9s par 100. Combin\u00e9s aux 20 lignes de paiement, cela pourrait vous permettre de gagner 21,175x votre mise.<\/p>\n","protected":false},"excerpt":{"rendered":"<p>Sweet Bonanza Gratuit Les promotions sur Sweet Bonanza en argent r\u00e9el peuvent vous donner jusqu&#8217;\u00e0 300% plus d&#8217;argent pour jouer. Vous pouvez jouer gratuitement sur Sweet Bonanza avec les offres de tours gratuits, les casino bonus, ou les bonus sans d\u00e9p\u00f4t. D\u00e9pendemment du type de bonus, vous pourriez obtenir entre 100 et 500 parties. Voici [&hellip;]<\/p>\n","protected":false},"author":123,"featured_media":0,"parent":11038,"menu_order":0,"comment_status":"closed","ping_status":"closed","template":"","meta":{"inline_featured_image":false,"_glsr_average":0,"_glsr_ranking":0,"_glsr_reviews":0,"footnotes":""},"class_list":["post-12452","page","type-page","status-publish","hentry"],"yoast_head":"<!-- This site is optimized with the Yoast SEO plugin v27.5 - https:\/\/yoast.com\/product\/yoast-seo-wordpress\/ -->\n<title>Sweet Bonanza \ud83c\udf96\ufe0f 450+ Tours Gratuits<\/title>\n<meta name=\"description\" content=\"Jouez gratuitement sur Sweet Bonanza | \u2714\ufe0f Jusqu\u2019\u00e0 480 tours gratuits avec un d\u00e9p\u00f4t de 20$ | \u2714\ufe0f Promotions en argent r\u00e9el | \u2714\ufe0f Tous les bonus sont actifs.\" \/>\n<meta name=\"robots\" content=\"index, follow, max-snippet:-1, max-image-preview:large, max-video-preview:-1\" \/>\n<link rel=\"canonical\" href=\"https:\/\/www.bonus.ca\/fr\/machines-a-sous-gratuites\/sweet-bonanza\" \/>\n<meta property=\"og:type\" content=\"article\" \/>\n<meta property=\"og:title\" content=\"Sweet Bonanza \ud83c\udf96\ufe0f 450+ Tours Gratuits\" \/>\n<meta property=\"og:description\" content=\"Jouez gratuitement sur Sweet Bonanza | \u2714\ufe0f Jusqu\u2019\u00e0 480 tours gratuits avec un d\u00e9p\u00f4t de 20$ | \u2714\ufe0f Promotions en argent r\u00e9el | \u2714\ufe0f Tous les bonus sont actifs.\" \/>\n<meta property=\"og:url\" content=\"https:\/\/www.bonus.ca\/fr\/machines-a-sous-gratuites\/sweet-bonanza\" \/>\n<meta property=\"article:published_time\" content=\"2021-01-31T09:49:07+00:00\" \/>\n<meta property=\"article:modified_time\" content=\"2025-05-21T09:03:38+00:00\" \/>\n<meta property=\"og:image\" content=\"https:\/\/mediafr.bonus.ca\/images\/Sweet-bonanza.jpg\" \/>\n<meta name=\"twitter:card\" content=\"summary_large_image\" \/>\n<meta name=\"twitter:label1\" content=\"Est. reading time\" \/>\n\t<meta name=\"twitter:data1\" content=\"5 minutes\" \/>\n<!-- \/ Yoast SEO plugin. -->","yoast_head_json":{"title":"Sweet Bonanza \ud83c\udf96\ufe0f 450+ Tours Gratuits","description":"Jouez gratuitement sur Sweet Bonanza | \u2714\ufe0f Jusqu\u2019\u00e0 480 tours gratuits avec un d\u00e9p\u00f4t de 20$ | \u2714\ufe0f Promotions en argent r\u00e9el | \u2714\ufe0f Tous les bonus sont actifs.","robots":{"index":"index","follow":"follow","max-snippet":"max-snippet:-1","max-image-preview":"max-image-preview:large","max-video-preview":"max-video-preview:-1"},"canonical":"https:\/\/www.bonus.ca\/fr\/machines-a-sous-gratuites\/sweet-bonanza","og_type":"article","og_title":"Sweet Bonanza \ud83c\udf96\ufe0f 450+ Tours Gratuits","og_description":"Jouez gratuitement sur Sweet Bonanza | \u2714\ufe0f Jusqu\u2019\u00e0 480 tours gratuits avec un d\u00e9p\u00f4t de 20$ | \u2714\ufe0f Promotions en argent r\u00e9el | \u2714\ufe0f Tous les bonus sont actifs.","og_url":"https:\/\/www.bonus.ca\/fr\/machines-a-sous-gratuites\/sweet-bonanza","article_published_time":"2021-01-31T09:49:07+00:00","article_modified_time":"2025-05-21T09:03:38+00:00","og_image":[{"url":"https:\/\/mediafr.bonus.ca\/images\/Sweet-bonanza.jpg","type":"","width":"","height":""}],"twitter_card":"summary_large_image","twitter_misc":{"Est. reading time":"5 minutes"},"schema":{"@context":"https:\/\/schema.org","@graph":[{"@type":"WebPage","@id":"https:\/\/www.bonus.ca\/fr\/machines-a-sous-gratuites\/sweet-bonanza","url":"https:\/\/www.bonus.ca\/fr\/machines-a-sous-gratuites\/sweet-bonanza","name":"Sweet Bonanza \ud83c\udf96\ufe0f 450+ Tours Gratuits","isPartOf":{"@id":"\/#website"},"primaryImageOfPage":{"@id":"https:\/\/www.bonus.ca\/fr\/machines-a-sous-gratuites\/sweet-bonanza#primaryimage"},"image":{"@id":"https:\/\/www.bonus.ca\/fr\/machines-a-sous-gratuites\/sweet-bonanza#primaryimage"},"thumbnailUrl":"https:\/\/www.fr.bonus.ca\/fr\/images\/Sweet-bonanza.jpg","datePublished":"2021-01-31T09:49:07+00:00","dateModified":"2025-05-21T09:03:38+00:00","description":"Jouez gratuitement sur Sweet Bonanza | \u2714\ufe0f Jusqu\u2019\u00e0 480 tours gratuits avec un d\u00e9p\u00f4t de 20$ | \u2714\ufe0f Promotions en argent r\u00e9el | \u2714\ufe0f Tous les bonus sont actifs.","breadcrumb":{"@id":"https:\/\/www.bonus.ca\/fr\/machines-a-sous-gratuites\/sweet-bonanza#breadcrumb"},"inLanguage":"en-US","potentialAction":[{"@type":"ReadAction","target":["https:\/\/www.bonus.ca\/fr\/machines-a-sous-gratuites\/sweet-bonanza"]}]},{"@type":"ImageObject","inLanguage":"en-US","@id":"https:\/\/www.bonus.ca\/fr\/machines-a-sous-gratuites\/sweet-bonanza#primaryimage","url":"https:\/\/www.fr.bonus.ca\/fr\/images\/Sweet-bonanza.jpg","contentUrl":"https:\/\/www.fr.bonus.ca\/fr\/images\/Sweet-bonanza.jpg"},{"@type":"BreadcrumbList","@id":"https:\/\/www.bonus.ca\/fr\/machines-a-sous-gratuites\/sweet-bonanza#breadcrumb","itemListElement":[{"@type":"ListItem","position":1,"name":"Home","item":"https:\/\/www.bonus.ca\/fr\/"},{"@type":"ListItem","position":2,"name":"Machines \u00e0 Sous Gratuites","item":"https:\/\/www.bonus.ca\/fr\/machines-a-sous-gratuites"},{"@type":"ListItem","position":3,"name":"Sweet Bonanza"}]},{"@type":"WebSite","@id":"\/#website","url":"\/","name":"BonusFinder Canada (Fran\u00e7ais)","description":"La source de bonus n\u00b0 1 au Canada","potentialAction":[{"@type":"SearchAction","target":{"@type":"EntryPoint","urlTemplate":"\/?s={search_term_string}"},"query-input":{"@type":"PropertyValueSpecification","valueRequired":true,"valueName":"search_term_string"}}],"inLanguage":"en-US"}]}},"_links":{"self":[{"href":"https:\/\/www.bonus.ca\/fr\/wp-json\/wp\/v2\/pages\/12452","targetHints":{"allow":["GET"]}}],"collection":[{"href":"https:\/\/www.bonus.ca\/fr\/wp-json\/wp\/v2\/pages"}],"about":[{"href":"https:\/\/www.bonus.ca\/fr\/wp-json\/wp\/v2\/types\/page"}],"author":[{"embeddable":true,"href":"https:\/\/www.bonus.ca\/fr\/wp-json\/wp\/v2\/users\/123"}],"replies":[{"embeddable":true,"href":"https:\/\/www.bonus.ca\/fr\/wp-json\/wp\/v2\/comments?post=12452"}],"version-history":[{"count":11,"href":"https:\/\/www.bonus.ca\/fr\/wp-json\/wp\/v2\/pages\/12452\/revisions"}],"predecessor-version":[{"id":23774,"href":"https:\/\/www.bonus.ca\/fr\/wp-json\/wp\/v2\/pages\/12452\/revisions\/23774"}],"up":[{"embeddable":true,"href":"https:\/\/www.bonus.ca\/fr\/wp-json\/wp\/v2\/pages\/11038"}],"wp:attachment":[{"href":"https:\/\/www.bonus.ca\/fr\/wp-json\/wp\/v2\/media?parent=12452"}],"curies":[{"name":"wp","href":"https:\/\/api.w.org\/{rel}","templated":true}]}}