{"id":11190,"date":"2020-08-28T13:03:36","date_gmt":"2020-08-28T13:03:36","guid":{"rendered":"https:\/\/www.fr.bonus.ca\/fr\/?page_id=11190"},"modified":"2025-08-22T07:55:16","modified_gmt":"2025-08-22T07:55:16","slug":"fire-joker","status":"publish","type":"page","link":"https:\/\/www.bonus.ca\/fr\/machines-a-sous-gratuites\/fire-joker","title":{"rendered":"Fire Joker"},"content":{"rendered":"<h2>Fire Joker<\/h2>\n<p>Fire Joker est une machine \u00e0 sous vid\u00e9o au rythme rapide compos\u00e9e de 3 rouleaux et de 5 lignes de paiement. La machine \u00e0 sous Fire Joker a \u00e9t\u00e9 lanc\u00e9e par Play&#8217;n GO en 2016 et elle refl\u00e8te l&#8217;esprit des ann\u00e9es 80. C&#8217;est \u00e0 cette \u00e9poque que les toutes premi\u00e8res machines \u00e0 sous vid\u00e9o ont fait leur apparition.<\/p>\n<p>Comme ses pr\u00e9d\u00e9cesseurs m\u00e9caniques, les machines \u00e0 sous \u00e0 fruits, Fire Joker comporte trois rouleaux et des symboles classiques tels que des fruits, des 7 et des BAR.  Fire Joker se vante de ses graphiques riches, de ses fonctionnalit\u00e9s de jeu et de son gameplay captivant.<\/p>\n<p>Voici des infos \u00e0 propos de la machine \u00e0 sous en ligne Fire Joker: <\/p>\n<p>[table_start]<br \/>\n[table_head column-1=&#8217;Fournisseur de jeux&#8217; column-2=&#8221;Play&#8217;n Go&#8221;]<br \/>\n[table_row column-1=&#8217;RTP&#8217; column-2=&#8217;96,15%&#8217;]<br \/>\n[table_row column-1=&#8217;Rouleaux&#8217; column-2=&#8217;3&#8242;]<br \/>\n[table_row column-1=&#8217;Lignes de paiement&#8217; column-2=&#8217;5&#8242;]<br \/>\n[table_row column-1=&#8217;Mise minimum&#8217; column-2=&#8217;0,05$&#8217;]<br \/>\n[table_row column-1=&#8217;Mise maximum&#8217; column-2=&#8217;100$&#8217;]<br \/>\n[table_row column-1=&#8217;Jackpot maximum&#8217; column-2=&#8217;80 000$&#8217;]<br \/>\n[table_end]<\/p>\n<div id=\"attachment_11193\" style=\"width: 1210px\" class=\"wp-caption alignnone\"><img loading=\"lazy\" decoding=\"async\" aria-describedby=\"caption-attachment-11193\" src=\"https:\/\/www.fr.bonus.ca\/fr\/images\/fire-joker.jpg\" alt=\"fire joker\" width=\"1200\" height=\"500\" class=\"size-full wp-image-11193\" \/><p id=\"caption-attachment-11193\" class=\"wp-caption-text\">Le jeu Fire Joker est une machine \u00e0 sous vid\u00e9o classique avec 3 rouleaux et 5 lignes de paiement.<\/p><\/div>\n<h2>Tours gratuits Sans D\u00e9p\u00f4t sur Fire Joker<\/h2>\n<p>\u00c0 partir de BonusFinder, vous pouvez recevoir 100 tours gratuits sans d\u00e9p\u00f4t (free spins no deposit) sur Fire Joker \u00e0 l&#8217;inscription. Lorsque vous d\u00e9posez de l&#8217;argent r\u00e9el, vous pouvez obtenir jusqu&#8217;\u00e0 2600 tours gratuits sur Fire Joker (1 tour \u00e9quivaut \u00e0 0,10$).  On n&#8217;associe pas souvent Fire Joker avec des bonus sans d\u00e9p\u00f4t encaissables et des offres de <a href=\"https:\/\/www.fr.bonus.ca\/casino-bonus\">fr.bonus.casino<\/a>. Le casino JustSpin est une exception. <\/p>\n<p>Seulement le <a href=\"https:\/\/www.fr.bonus.ca\/fr\/\">top casino en ligne<\/a> canadien offrent la chance de jouer sur Fire Joker gratuitement:<\/p>\n<p>[table_start]<br \/>\n[table_head column-1=&#8217;Casino&#8217; column-2=&#8217;Bonus en tours gratuits&#8217;]<br \/>\n[table_row column-1=&#8217;Casino JustSpin&#8217; column-2=&#8217;Bonus de 100$ + 500 tours gratuits&#8217;]<br \/>\n[table_row column-1=&#8217;Casino Sloty&#8217; column-2=&#8217;300 tours gratuits sur Fire Joker&#8217;]<br \/>\n[table_row column-1=&#8217;Casino Genesis&#8217; column-2=&#8217;6300 tours gratuits sur Fire Joker&#8217;]<br \/>\n[table_end]<\/p>\n<h2>Meilleurs Sites de Casino pour Jouer sur Fire Joker<\/h2>\n<p>Tous les <a href=\"https:\/\/www.fr.bonus.ca\/fr\/\">meilleurs casino en ligne canada<\/a> proposent Fire Joker, mais ne l&#8217;incluent pas dans leurs bonus de bienvenue. Habituellement, ce sont plut\u00f4t les classiques comme Starburst ou Book of Dead qui sont utilis\u00e9s pour jeux casino gratuits avec bonus et les bonus de bienvenue.<\/p>\n<p>Vous pouvez jouer avec la machine \u00e0 sous en ligne Fire Joker sur ces sites de casino canadiens:<\/p>\n<ul>\n<li>Casino Wildz<\/li>\n<li>Casino Casumo<\/li>\n<li>Casino LeoVegas<\/li>\n<li>Casino Unibet<\/li>\n<li>Casino Rizk<\/li>\n<li><a href=\"https:\/\/www.fr.bonus.ca\/fr\/justspin-casino\">Casino JustSpin<\/a><\/li>\n<\/ul>\n<p>Toutefois, ils offrent parfois des tours gratuits sur Fire Joker \u00e0 travers leurs promotions en cours. La majorit\u00e9 des casinos en ligne offrent la possibilit\u00e9 de jouer sur Fire Joker avec votre fr.bonus.casino.  Fire Joker est une excellente machine \u00e0 sous pour jouer en ligne avec vos fr.bonus.casino, surtout si vous n&#8217;\u00eates pas \u00e0 la recherche d&#8217;une machine \u00e0 sous trop volatile.<\/p>\n<h2>Premi\u00e8res Impressions sur Fire Joker<\/h2>\n<p>Comme nous l&#8217;avons d\u00e9j\u00e0 mentionn\u00e9, Fire Joker offre une immense dose de nostalgie pour ceux qui aiment les machines \u00e0 sous classiques. Pour cette raison, plusieurs des <a href=\"https:\/\/www.fr.bonus.ca\/fr\/casino-en-ligne\/le-plus-payant\">casinos en ligne les plus payants<\/a> proposent Fire Joker et 9 Masks of Fire dans leur s\u00e9lection de jeux.  <\/p>\n<p>Au final, peut-on vraiment s&#8217;amuser avec un jeu \u00e0 3 rouleaux et 5 lignes de paiement? Le dicton voulant qu&#8217;on ne devrait jamais juger un livre \u00e0 sa couverture prend tout son sens ici : Nous avons eu tellement de plaisir en jouant \u00e0 Fire Joker.<\/p>\n<p>La premi\u00e8re chose qui nous a frapp\u00e9 est la trame musicale accrocheuse. Elle semble inspir\u00e9e des jeux 8-bit, aux environs de 1987. En m\u00eame temps, elle a un rythme soutenu qui ajoute encore plus \u00e0 l&#8217;ambiance pendant que vous jouez \u00e0 Fire Joker. <\/p>\n<p>Fire Joker rend hommage \u00e0 l&#8217;\u00e9poque glorieuse des jeux de casino en ligne, alors les m\u00eames symboles sont utilis\u00e9s. Vous pourrez appr\u00e9cier une vari\u00e9t\u00e9 de fruits, de 7, de BAR et, \u00e9videmment, de Jokers.<\/p>\n<h2>Pourquoi Nous Adorons Jouer \u00e0 Fire Joker Slot ?<\/h2>\n<p>Qu&#8217;est-ce qui rend Fire Joker, cette machine \u00e0 sous classique sans pr\u00e9tention et \u00e9pur\u00e9e, si attrayante comparativement aux machines \u00e0 sous progressives?  C&#8217;est une questions de d\u00e9tails. La trame sonore vous captive d\u00e8s le d\u00e9but. Lorsque vous gagnez, les rouleaux s&#8217;enflamment, la musique se d\u00e9cha\u00eene et vous entendez des sons g\u00e9niaux de gaming r\u00e9tro.<\/p>\n<p>Ce sont ces petites touches qui font en sorte que le joueur demeure captiv\u00e9 pendant qu&#8217;il chasse les combinaisons gagnantes et les symboles payants. Essayez ce jeu gratuitement et vous verrez rapidement ce que nous voulons dire par l\u00e0.<\/p>\n<h2>Fonctionnalit\u00e9s du Jeu Fire Joker<\/h2>\n<p>Apr\u00e8s avoir cliqu\u00e9 au del\u00e0 de l&#8217;\u00e9cran d&#8217;ouverture, vous arriverez \u00e0 la machine \u00e0 sous Fire Joker. Sa disposition est simple: Sous les rouleaux, on retrouve les diff\u00e9rentes valeurs de pi\u00e8ce, un bouton qui permet d&#8217;afficher le tableau des gains, une fonction Auto-Spin et le bouton Spin.  <\/p>\n<p>Les options de valeurs de pi\u00e8ce permettent de choisir la taille de vos mises afin qu&#8217;elles respectent votre budget. Vous pouvez miser ce que vous voulez entre 0,05$ et un \u00e9norme 100$ par tour. Vous pouvez \u00e9galement activer une fonctionnalit\u00e9 AutoSpin sur la machine \u00e0 sous en ligne Fire Joker.<\/p>\n<p>Le tableau des gains pr\u00e9sente ce que chaque combinaison vous rapporte. Par exemple, les X et les fruits rapportent entre 2 et 7 pi\u00e8ces par ligne. Les BAR, les \u00e9toiles et les 7 valent respectivement 15, 20 et 25 pi\u00e8ces par ligne.  <\/p>\n<p>Le Joker Myst\u00e8re vaut la gigantesque somme de 80 pi\u00e8ces par ligne en plus de servir de Wild. Cela signifie qu&#8217;ils peuvent remplacer n&#8217;importe quel symbole qu&#8217;il vous manque pour compl\u00e9ter une ligne gagnante.<\/p>\n<h3>Fonctionnalit\u00e9s Bonus Int\u00e9gr\u00e9es au Jeu<\/h3>\n<p>M\u00eame si Play&#8217;n Go a mod\u00e9lis\u00e9 Fire Joker en s&#8217;inspirant des anciennes machines \u00e0 sous classiques, elle comporte bel et bien des fonctionnalit\u00e9s bonus. Ci-dessous, nous discuterons des modes uniques que vous pouvez d\u00e9clencher en jouant \u00e0 ce jeu.<\/p>\n<div id=\"attachment_11194\" style=\"width: 1210px\" class=\"wp-caption alignnone\"><img loading=\"lazy\" decoding=\"async\" aria-describedby=\"caption-attachment-11194\" src=\"https:\/\/www.fr.bonus.ca\/fr\/images\/fire-joker-gratuit.jpg\" alt=\"fire joker bonus\" width=\"1200\" height=\"500\" class=\"size-full wp-image-11194\" \/><p id=\"caption-attachment-11194\" class=\"wp-caption-text\">Fire Joker Slot poss\u00e8de deux fonctionnalit\u00e9s bonus int\u00e9gr\u00e9es au jeu: Re-Spin of Fire (Re-Spin enflamm\u00e9) et Wheel of Multipliers (Roue de multiplicateurs).<\/p><\/div>\n<h3>Wild Re-Spins et Multiplier Wheels<\/h3>\n<p>Vous rencontrerez deux fonctionnalit\u00e9s sp\u00e9ciales en jouant \u00e0 Fire Joker. La premi\u00e8re des deux est une fonctionnalit\u00e9 de Re-Spin enflamm\u00e9. Celle-ci se d\u00e9clenche lorsque remplissez deux rouleaux avec le m\u00eame symbole sans pour autant compl\u00e9ter de ligne.  <\/p>\n<p>Sachez que les combinaisons gagnantes compos\u00e9es d&#8217;un symbole Wild et d&#8217;un autre symbole peuvent \u00e9galement d\u00e9clencher un re-spin.<\/p>\n<p>Lorsque tous les rouleaux sont remplis avec un m\u00eame symbole (ou une combinaison d&#8217;un symbole et de Wilds), vous faites tourner la roue des multiplicateurs. D\u00e9pendament de l&#8217;endroit o\u00f9 elle s&#8217;arr\u00eate, vos cinq lignes de paiement seront multipli\u00e9es entre 2x et 10x. Si c&#8217;est un symbole payant qui remplit vos rouleaux, cela pourrait vous valoir une somme tr\u00e8s int\u00e9ressante.<\/p>\n<h2>Avis sur la Machine \u00e0 Sous Fire Joker<\/h2>\n<p>La machine \u00e0 sous Fire Joker n&#8217;est pas pour tout le monde. Elle ne poss\u00e8de peut-\u00eatre que cinq lignes de paiement, mais Fire Joker offre un taux de redistribution de 96,15%.  <\/p>\n<p>Si vous aimez les graphiques plus grands que nature, les \u00e9normes gains\/jackpots progressifs et les jeux comportant 20 lignes de paiement et plus, regardez ailleurs. C&#8217;est l&#8217;un des jeux de casino les plus populaire en ce moment malgr\u00e9 le tout.<\/p>\n<p>Le jeu de machine \u00e0 sous Fire Joker se joue bien sur les plateformes de casino mobiles \u00e9galement. La simplicit\u00e9 et le gameplay passionnant de Fire Joker expliquent tout le plaisir qu&#8217;on \u00e9prouve \u00e0 y jouer. La volatilit\u00e9 moyenne de Fire Joker Slot fait d&#8217;elle un excellent choix pour ceux qui aiment jouer \u00e0 des machines \u00e0 sous vid\u00e9o classiques.<\/p>\n","protected":false},"excerpt":{"rendered":"<p>Fire Joker Fire Joker est une machine \u00e0 sous vid\u00e9o au rythme rapide compos\u00e9e de 3 rouleaux et de 5 lignes de paiement. La machine \u00e0 sous Fire Joker a \u00e9t\u00e9 lanc\u00e9e par Play&#8217;n GO en 2016 et elle refl\u00e8te l&#8217;esprit des ann\u00e9es 80. C&#8217;est \u00e0 cette \u00e9poque que les toutes premi\u00e8res machines \u00e0 sous [&hellip;]<\/p>\n","protected":false},"author":123,"featured_media":0,"parent":11038,"menu_order":0,"comment_status":"closed","ping_status":"closed","template":"","meta":{"inline_featured_image":false,"_glsr_average":0,"_glsr_ranking":0,"_glsr_reviews":0,"footnotes":""},"class_list":["post-11190","page","type-page","status-publish","hentry"],"yoast_head":"<!-- This site is optimized with the Yoast SEO plugin v27.5 - https:\/\/yoast.com\/product\/yoast-seo-wordpress\/ -->\n<title>Bonus Sans D\u00e9p\u00f4t Encaissable | Fire Joker<\/title>\n<meta name=\"description\" content=\"Fire Joker est une machine \u00e0 sous vid\u00e9o classique | Recevez 75 tours gratuits sans d\u00e9p\u00f4t | R\u00e9clamez + de 1000 Free Spins | 70 bonus list\u00e9s.\" \/>\n<meta name=\"robots\" content=\"index, follow, max-snippet:-1, max-image-preview:large, max-video-preview:-1\" \/>\n<link rel=\"canonical\" href=\"https:\/\/www.bonus.ca\/fr\/machines-a-sous-gratuites\/fire-joker\" \/>\n<meta property=\"og:type\" content=\"article\" \/>\n<meta property=\"og:title\" content=\"Bonus Sans D\u00e9p\u00f4t Encaissable | Fire Joker\" \/>\n<meta property=\"og:description\" content=\"Fire Joker est une machine \u00e0 sous vid\u00e9o classique | Recevez 75 tours gratuits sans d\u00e9p\u00f4t | R\u00e9clamez + de 1000 Free Spins | 70 bonus list\u00e9s.\" \/>\n<meta property=\"og:url\" content=\"https:\/\/www.bonus.ca\/fr\/machines-a-sous-gratuites\/fire-joker\" \/>\n<meta property=\"article:published_time\" content=\"2020-08-28T13:03:36+00:00\" \/>\n<meta property=\"article:modified_time\" content=\"2025-08-22T07:55:16+00:00\" \/>\n<meta property=\"og:image\" content=\"https:\/\/mediafr.bonus.ca\/images\/fire-joker.jpg\" \/>\n<meta name=\"twitter:card\" content=\"summary_large_image\" \/>\n<meta name=\"twitter:label1\" content=\"Est. reading time\" \/>\n\t<meta name=\"twitter:data1\" content=\"6 minutes\" \/>\n<!-- \/ Yoast SEO plugin. -->","yoast_head_json":{"title":"Bonus Sans D\u00e9p\u00f4t Encaissable | Fire Joker","description":"Fire Joker est une machine \u00e0 sous vid\u00e9o classique | Recevez 75 tours gratuits sans d\u00e9p\u00f4t | R\u00e9clamez + de 1000 Free Spins | 70 bonus list\u00e9s.","robots":{"index":"index","follow":"follow","max-snippet":"max-snippet:-1","max-image-preview":"max-image-preview:large","max-video-preview":"max-video-preview:-1"},"canonical":"https:\/\/www.bonus.ca\/fr\/machines-a-sous-gratuites\/fire-joker","og_type":"article","og_title":"Bonus Sans D\u00e9p\u00f4t Encaissable | Fire Joker","og_description":"Fire Joker est une machine \u00e0 sous vid\u00e9o classique | Recevez 75 tours gratuits sans d\u00e9p\u00f4t | R\u00e9clamez + de 1000 Free Spins | 70 bonus list\u00e9s.","og_url":"https:\/\/www.bonus.ca\/fr\/machines-a-sous-gratuites\/fire-joker","article_published_time":"2020-08-28T13:03:36+00:00","article_modified_time":"2025-08-22T07:55:16+00:00","og_image":[{"url":"https:\/\/mediafr.bonus.ca\/images\/fire-joker.jpg","type":"","width":"","height":""}],"twitter_card":"summary_large_image","twitter_misc":{"Est. reading time":"6 minutes"},"schema":{"@context":"https:\/\/schema.org","@graph":[{"@type":"WebPage","@id":"https:\/\/www.bonus.ca\/fr\/machines-a-sous-gratuites\/fire-joker","url":"https:\/\/www.bonus.ca\/fr\/machines-a-sous-gratuites\/fire-joker","name":"Bonus Sans D\u00e9p\u00f4t Encaissable | Fire Joker","isPartOf":{"@id":"\/#website"},"primaryImageOfPage":{"@id":"https:\/\/www.bonus.ca\/fr\/machines-a-sous-gratuites\/fire-joker#primaryimage"},"image":{"@id":"https:\/\/www.bonus.ca\/fr\/machines-a-sous-gratuites\/fire-joker#primaryimage"},"thumbnailUrl":"https:\/\/www.fr.bonus.ca\/fr\/images\/fire-joker.jpg","datePublished":"2020-08-28T13:03:36+00:00","dateModified":"2025-08-22T07:55:16+00:00","description":"Fire Joker est une machine \u00e0 sous vid\u00e9o classique | Recevez 75 tours gratuits sans d\u00e9p\u00f4t | R\u00e9clamez + de 1000 Free Spins | 70 bonus list\u00e9s.","breadcrumb":{"@id":"https:\/\/www.bonus.ca\/fr\/machines-a-sous-gratuites\/fire-joker#breadcrumb"},"inLanguage":"en-US","potentialAction":[{"@type":"ReadAction","target":["https:\/\/www.bonus.ca\/fr\/machines-a-sous-gratuites\/fire-joker"]}]},{"@type":"ImageObject","inLanguage":"en-US","@id":"https:\/\/www.bonus.ca\/fr\/machines-a-sous-gratuites\/fire-joker#primaryimage","url":"https:\/\/www.fr.bonus.ca\/fr\/images\/fire-joker.jpg","contentUrl":"https:\/\/www.fr.bonus.ca\/fr\/images\/fire-joker.jpg"},{"@type":"BreadcrumbList","@id":"https:\/\/www.bonus.ca\/fr\/machines-a-sous-gratuites\/fire-joker#breadcrumb","itemListElement":[{"@type":"ListItem","position":1,"name":"Home","item":"https:\/\/www.bonus.ca\/fr\/"},{"@type":"ListItem","position":2,"name":"Machines \u00e0 Sous Gratuites","item":"https:\/\/www.bonus.ca\/fr\/machines-a-sous-gratuites"},{"@type":"ListItem","position":3,"name":"Fire Joker"}]},{"@type":"WebSite","@id":"\/#website","url":"\/","name":"BonusFinder Canada (Fran\u00e7ais)","description":"La source de bonus n\u00b0 1 au Canada","potentialAction":[{"@type":"SearchAction","target":{"@type":"EntryPoint","urlTemplate":"\/?s={search_term_string}"},"query-input":{"@type":"PropertyValueSpecification","valueRequired":true,"valueName":"search_term_string"}}],"inLanguage":"en-US"}]}},"_links":{"self":[{"href":"https:\/\/www.bonus.ca\/fr\/wp-json\/wp\/v2\/pages\/11190","targetHints":{"allow":["GET"]}}],"collection":[{"href":"https:\/\/www.bonus.ca\/fr\/wp-json\/wp\/v2\/pages"}],"about":[{"href":"https:\/\/www.bonus.ca\/fr\/wp-json\/wp\/v2\/types\/page"}],"author":[{"embeddable":true,"href":"https:\/\/www.bonus.ca\/fr\/wp-json\/wp\/v2\/users\/123"}],"replies":[{"embeddable":true,"href":"https:\/\/www.bonus.ca\/fr\/wp-json\/wp\/v2\/comments?post=11190"}],"version-history":[{"count":12,"href":"https:\/\/www.bonus.ca\/fr\/wp-json\/wp\/v2\/pages\/11190\/revisions"}],"predecessor-version":[{"id":25307,"href":"https:\/\/www.bonus.ca\/fr\/wp-json\/wp\/v2\/pages\/11190\/revisions\/25307"}],"up":[{"embeddable":true,"href":"https:\/\/www.bonus.ca\/fr\/wp-json\/wp\/v2\/pages\/11038"}],"wp:attachment":[{"href":"https:\/\/www.bonus.ca\/fr\/wp-json\/wp\/v2\/media?parent=11190"}],"curies":[{"name":"wp","href":"https:\/\/api.w.org\/{rel}","templated":true}]}}