{"id":10866,"date":"2020-06-30T03:34:17","date_gmt":"2020-06-30T03:34:17","guid":{"rendered":"https:\/\/www.fr.bonus.ca\/fr\/?page_id=10866"},"modified":"2025-12-19T17:30:31","modified_gmt":"2025-12-19T17:30:31","slug":"depot-minimum","status":"publish","type":"page","link":"https:\/\/www.bonus.ca\/fr\/casino-bonus\/depot-minimum","title":{"rendered":"Casino D\u00e9p\u00f4t Minimum"},"content":{"rendered":"<h2>Casinos 1$<\/h2>\n<p>Tandis que certains joueurs de casino canadiens pr\u00e9f\u00e8rent d&#8217;\u00e9normes bonus de casino lorsqu&#8217;ils choisissent un <a href=\"https:\/\/www.fr.bonus.ca\/fr\/\">casino en ligne canadien<\/a>, d&#8217;autres souhaitent un d\u00e9p\u00f4t minimum bas. <\/p>\n<p>Pour ce dernier groupe, BonusFinder a r\u00e9pertori\u00e9 divers casinos \u00e0 d\u00e9p\u00f4t bas et leurs bonus de casino de d\u00e9p\u00f4t sur cette page.<\/p>\n<p>De nombreux casinos en ligne \u00e0 d\u00e9p\u00f4t bas offrent des <a href=\"https:\/\/www.fr.bonus.ca\/fr\/casino-bonus\">bonus de casino g\u00e9n\u00e9reux<\/a> aux joueurs canadiens.<\/p>\n<div class=\"bonusfinder-tip expert-pick-card\">\n\t<div class=\"title\">\n\t\t<div class=\"tip-icon\">\n\t\t\t<img decoding=\"async\" src=\"https:\/\/mediafr.bonus.ca\/images\/crown.svg\" width=\"36\" height=\"36\" class=\"icon-xlarge\" loading=\"lazy\" alt=\"expert-pick-icon\" srcset=\"https:\/\/mediafr.bonus.ca\/images\/crown.svg 1x, https:\/\/mediafr.bonus.ca\/images\/crown.svg 2x\" \/>\n\t\t<\/div>\n\t\t<div class=\"expert-title\">Recommandation de Notre Expert BonusFinder<\/div>\n\t<\/div>\n\t<div>Actuellement, les casinos qui ont le d\u00e9p\u00f4t minimum le plus bas sont ceux qui acceptent 1$ \u00e0 l'inscription.<\/div>\n    \t<div class=\"expert-pick-author-container\">\n\t\t<img decoding=\"async\" width=\"40\" height=\"40\" src=\"https:\/\/mediafr.bonus.ca\/images\/luciano.png\" class=\"expert-pick-author-image\" loading=\"lazy\" srcset=\"https:\/\/mediafr.bonus.ca\/images\/luciano.png 1x, https:\/\/mediafr.bonus.ca\/images\/luciano.png 2x\" \/>\n\t\t\t<div class=\"expert-pick-content-container\">\n\t\t\t\t<a href=\"https:\/\/www.bonus.ca\/fr\/a-propos\/auteurs\/luciano-passavanti\" class=\"expert-pick-author-name\">Luciano Passavanti<\/a>\n\t\t\t\t<div class=\"expert-pick-author-title\">Vice-pr\u00e9sident et v\u00e9rificateur de faits<\/div>\n\t\t\t<\/div>\n\t<\/div>\n\t<\/div>\n\n<p>Voici une courte liste des meilleurs casinos en ligne avec un d\u00e9p\u00f4t minimum 1$ pour compl\u00e9ter celle propos\u00e9e plus haut :<\/p>\n<ul>\n<li><strong>Zodiac Casino :<\/strong> 80 tours gratuits pour 1$.<\/li>\n<li><strong>Spin Casino :<\/strong> 50 tours gratuits pour 1$.<\/li>\n<li><strong>Jackpot City :<\/strong> 80 tours gratuits pour 1$.<\/li>\n<li><strong>Lucky Nugget :<\/strong> 25 tours gratuits pour 1$.<\/li>\n<li><strong>Casino Classic :<\/strong> 40 tours gratuits pour 1$.<\/li>\n<\/ul>\n<h3>Casino Zodiac : Le meilleur bonus avec 1$ minimum<\/h3>\n<p>Le meilleur casino \u00e0 1$ est le Casino Zodiac. <\/p>\n<p>Le g\u00e9nie derri\u00e8re le casino Zodiac ne s&#8217;arr\u00eate pas au montant de d\u00e9p\u00f4t minimum de 1$ qu&#8217;il offre. <\/p>\n<p>Le r\u00e9el avantage d&#8217;ouvrir un compte et de faire votre d\u00e9p\u00f4t de 1$ est le fait que vous obtenez 80 tours gratuits sur la machine \u00e0 sous \u00e0 jackpot progressif Mega Moolah.<\/p>\n<p>Zodiac Casino est devenu populaire gr\u00e2ce au fameux : &#8220;casino deposit 1$ get $20&#8221;. En fran\u00e7ais, on r\u00e9f\u00e8re \u00e0 un d\u00e9p\u00f4t de 1$ qui vous donne en fait 20$ en forme de tours gratuits.<\/p>\n\n<h3>Casino Jackpot City : Casino Bonus 1$<\/h3>\n<p>Si vous aimez les casinos \u00e0 1$, vous allez aimer l&#8217;offre du premier d\u00e9p\u00f4t offerte par Jackpot City Casino. En effet, pour 1$, vous aurez 80 tours gratuits sur Wacky Panda. Ce qui est \u00e9galement superbe!<\/p>\n\n<h3>Casino Classic : Casino en ligne avec d\u00e9p\u00f4t 1$<\/h3>\n<p>Casino Classic est un autre casino ayant un d\u00e9p\u00f4t minimum de 1$ que nous recommandons est Casino Classic.<\/p>\n<p>Une fois que vous faites votre premier d\u00e9p\u00f4t de 1$, Casino Classic vous remet 40 tours gratuits sur la machine \u00e0 sous Mega Vault Millionaire. <\/p>\n<p>Les casinos rewards avec d\u00e9p\u00f4t de 1$ vous offrent des tours bonus avec votre petit d\u00e9p\u00f4t.  Les joueurs faisant de plus petits d\u00e9p\u00f4ts peuvent prendre avantage de ce type d&#8217;offre de tours bonus pour tester un <a href=\"https:\/\/www.fr.bonus.ca\/fr\/casino-en-ligne\/nouveaux\">nouveau casino en ligne<\/a>.<\/p>\n\n<h3>Spin Casino : fr.bonus.casino 1$<\/h3>\n<p>Spin Casino vous accueille avec un fr.bonus.casino en ligne \u00e0 1$.<\/p>\n<p>En effet, vous pourrez jouer 70 tours gratuits sur Agent Jane Blonde Returns avec un petit d\u00e9p\u00f4t de 1$! Cette offre se prend \u00e9galement bien, n&#8217;est-ce pas?<\/p>\n\n<h3>Royal Vegas Casino : Casino Bonus 1$<\/h3>\n<p>Royal Vegas Casino vous offre \u00e9galement un bonus \u00e0 1$. <\/p>\n<p>En d\u00e9posant 1$, vous recevrez 130 chances de gagner sur le jeu Book of Atem et Fortunium Gold Mega Moolah!<\/p>\n\n<h3>Ruby Fortune Casino : Casino Bonus 1$<\/h3>\n<p>Finalement, Ruby Fortune Casino vous offre aussi un fr.bonus.casino \u00e0 1$. En d\u00e9posant 1$, vous recevrez 40 tours gratuits sur le jeu de machine \u00e0 sous Queen of Alexandria. <\/p>\n<p>Ensuite, Ruby Fortune offre un autre bon bonus lors du deuxi\u00e8me d\u00e9p\u00f4t, soit 100 tours gratuits en d\u00e9posant 5$.<\/p>\n\n<h3>888 : Casino Bonus 1$<\/h3>\n<p>Valeur incontournable en terme de casino en ligne, 888 casino propose depuis tr\u00e8s longtemps un bonus accessible avec un d\u00e9p\u00f4t de seulement 1$. <\/p>\n<p>Si vous n&#8217;avez pas encore eu l&#8217;occasion d&#8217;en profiter, nous vous conseillons d&#8217;y aller les yeux ferm\u00e9s.<\/p>\n<p>Vous trouverez tout ce dont vous avez besoin. Leur s\u00e9lection de machines \u00e0 sous est parmis les meilleurs, le site est intuitif \u00e0 souhait et le service \u00e0 la client\u00e8le est toujours l\u00e0 en cas de besoin.<\/p>\n\n<h3>Les termes et conditions \u00e0 conna\u00eetre<\/h3>\n<p>Avant de faire votre premier d\u00e9p\u00f4t sur un casino en ligne 1$, m\u00eame si le montant du d\u00e9p\u00f4t minimum est bas, vous devez lire les termes et conditions du casino qui sont sp\u00e9cifiques au fr.bonus.casino d\u00e9sir\u00e9.  <\/p>\n<p>C&#8217;est la seule fa\u00e7on d&#8217;obtenir toutes les informations vitales.<\/p>\n<p>Les options de jeux, les conditions de mise, les possibles limitations au niveau des options de paiement, les d\u00e9lais \u00e0 respecter pour les promotions impliquant des bonus et des limites de mise, avant de faire votre choix.<\/p>\n<p>Nous pouvons vous garantir l&#8217;\u00e9quit\u00e9 et la s\u00e9curit\u00e9 de tous les casinos en ligne disponibles sur nos listes. <\/p>\n<div class=\"bonusfinder-tip expert-pick-card\">\n\t<div class=\"title\">\n\t\t<div class=\"tip-icon\">\n\t\t\t<img decoding=\"async\" src=\"https:\/\/mediafr.bonus.ca\/images\/crown.svg\" width=\"36\" height=\"36\" class=\"icon-xlarge\" loading=\"lazy\" alt=\"expert-pick-icon\" srcset=\"https:\/\/mediafr.bonus.ca\/images\/crown.svg 1x, https:\/\/mediafr.bonus.ca\/images\/crown.svg 2x\" \/>\n\t\t<\/div>\n\t\t<div class=\"expert-title\">Recommandation de Notre Expert BonusFinder<\/div>\n\t<\/div>\n\t<div>C'est tout de m\u00eame \u00e0 vous d'obtenir tous les d\u00e9tails sur les sites de jeu avant d'y investir l'argent que vous avez durement gagn\u00e9.<\/div>\n    \t<div class=\"expert-pick-author-container\">\n\t\t<img decoding=\"async\" width=\"40\" height=\"40\" src=\"https:\/\/mediafr.bonus.ca\/images\/luciano.png\" class=\"expert-pick-author-image\" loading=\"lazy\" srcset=\"https:\/\/mediafr.bonus.ca\/images\/luciano.png 1x, https:\/\/mediafr.bonus.ca\/images\/luciano.png 2x\" \/>\n\t\t\t<div class=\"expert-pick-content-container\">\n\t\t\t\t<a href=\"https:\/\/www.bonus.ca\/fr\/a-propos\/auteurs\/luciano-passavanti\" class=\"expert-pick-author-name\">Luciano Passavanti<\/a>\n\t\t\t\t<div class=\"expert-pick-author-title\">Vice-pr\u00e9sident et v\u00e9rificateur de faits<\/div>\n\t\t\t<\/div>\n\t<\/div>\n\t<\/div>\n\n<h2>D\u00e9p\u00f4t minimum vs sans d\u00e9p\u00f4t<\/h2>\n<p>Notez que <strong>les casinos sans d\u00e9p\u00f4t sont diff\u00e9rents des casinos \u00e0 d\u00e9p\u00f4t minimum bas<\/strong>.<\/p>\n<p>Les casinos sans d\u00e9p\u00f4t ne requi\u00e8rent aucune somme \u00e0 d\u00e9poser, la simple cr\u00e9ation d&#8217;un compte suffit pour recevoir un bonus.<\/p>\n<p>En revanche, les casinos \u00e0 d\u00e9p\u00f4t minimum bas exigent toujours un d\u00e9p\u00f4t en argent r\u00e9el.<\/p>\n<p>Bien qu&#8217;un <a href=\"https:\/\/www.fr.bonus.ca\/fr\/casino-bonus\/sans-depot\">bonus sans d\u00e9p\u00f4t casino<\/a> puisse sembler attractif, ces bonus ont g\u00e9n\u00e9ralement des <strong>exigences de mise \u00e9lev\u00e9es<\/strong>. <\/p>\n<p>De plus, ce type de bonus est souvent r\u00e9serv\u00e9 aux nouveaux joueurs en tant que <strong>bonus de bienvenue<\/strong>. <\/p>\n<p>Les d\u00e9p\u00f4ts minimums, en revanche, ont tendance \u00e0 avoir des exigences de mise moyennes, et les joueurs r\u00e9guliers peuvent effectuer des d\u00e9p\u00f4ts suppl\u00e9mentaires en utilisant de faibles montants.<\/p>\n<div class=\"bonusfinder-tip card-fancy margin-vertical-medium\">\n\t<div class=\"title\">\n\t\t<div class=\"tip-icon\">\n\t\t\t<img decoding=\"async\" src=\"https:\/\/mediafr.bonus.ca\/images\/bf-icon_tip-emblem.svg\" height=\"36\" width=\"36\" class=\"icon-xlarge\" loading=\"lazy\" alt=\"editor tip icon\" srcset=\"https:\/\/mediafr.bonus.ca\/images\/bf-icon_tip-emblem.svg 1x, https:\/\/mediafr.bonus.ca\/images\/bf-icon_tip-emblem.svg 2x\" \/>\n\t\t<\/div>\n\t\t<div>Conseil BonusFinder<\/div>\n\t<\/div>\n\t<div class=\"content\">Au lieu de comparer les bonus et les casinos \u00e0 d\u00e9p\u00f4t bas, je vous recommande de profiter des deux! Tout d'abord, v\u00e9rifiez quels types d'avantages de bonus vous obtenez. Par exemple, de nombreux casinos \u00e0 d\u00e9p\u00f4t de 5$ vous r\u00e9compenseront avec des centaines de tours gratuits sans vous lier \u00e0 des exigences impossibles.<\/div>\n<\/div>\n\n<h2>Avantages et inconv\u00e9nients<\/h2>\n<p>Les casinos \u00e0 faible d\u00e9p\u00f4t ont bien des avantages. <\/p>\n<p>Nous vous avons list\u00e9s ceux qui selon nous sont les plus importants. <\/p>\n<p>Pour contrebalancer notre avis, nous avons aussi mis \u00e0 votre disposition des inconv\u00e9nients. <\/p>\n<p>[table_start]<br \/>\n[table_head column-1=&#8217;Avantages&#8217; column-2=&#8217;Inconv\u00e9nients&#8217;]<br \/>\n[table_row column-1=&#8217;Risque limit\u00e9 au d\u00e9p\u00f4t (ex. 1 $)&#8217; column-2=&#8217;Bonus r\u00e9duits pour petits d\u00e9p\u00f4ts&#8217;]<br \/>\n[table_row column-1=&#8217;Permet de tester plusieurs casinos&#8217; column-2=&#8217;Mises minimales parfois plus \u00e9lev\u00e9es&#8217;]<br \/>\n[table_row column-1=&#8221;Acc\u00e8s aux m\u00eames jeux qu&#8217;avec gros d\u00e9p\u00f4ts&#8221; column-2=&#8217;Moins de tours gratuits offerts&#8217;]<br \/>\n[table_row column-1=&#8217;Profiter de promotions m\u00eame d\u00e8s 1 $&#8217; column-2=&#8217;Conditions de mise souvent strictes&#8217;]<br \/>\n[table_end]<\/p>\n<h2>Les variantes des bonus \u00e0 1$<\/h2>\n<p>Ajouter 1$ sur un casino en ligne est consid\u00e9r\u00e9 comme un faible d\u00e9p\u00f4t. Bien qu&#8217;il soit tout \u00e0 fait possible de jouer avec somme, certains joueurs pr\u00e9f\u00e8rent miser plus. <\/p>\n<p>Si vous faites partie de cette cat\u00e9gorie, voici quelques variantes au bonus minimum de 1$. <\/p>\n<h3>Casino d\u00e9p\u00f4t 2$<\/h3>\n<p>la premi\u00e8re variante est le <a href=\"https:\/\/www.fr.bonus.ca\/fr\/casino-bonus\/depot-minimum\/casino-depot-2\">d\u00e9p\u00f4t casino de 2$<\/a>. <\/p>\n<p>M\u00eame si la diff\u00e9rence n&#8217;est pas grande avec 1$, les offres de bonus peuvent quand m\u00eame vari\u00e9es. <\/p>\n<p>Certains casinos peuvent appara\u00eetre dans cette liste et dans une autre pour un autre montant minimum car ceux-xi peuvent proposer plusieurs relatives \u00e0 divers d\u00e9p\u00f4ts. <\/p>\n<p>[table_start]<br \/>\n[table_head column-1=&#8217;<strong>Casino<\/strong>&#8216; column-2=&#8217;<strong>D\u00e9p\u00f4t 2$<\/strong>&#8216;  column-3=&#8217;<strong>Bonus<\/strong>&#8216;]<br \/>\n[table_row column-1=&#8217;<strong>Zodiac Casino<\/strong>&#8216; column-2=&#8217;2$&#8217; column-3=&#8217;80 tours gratuits&#8217;]<br \/>\n[table_row column-1=&#8217;<strong>Lucky Nugget<\/strong>&#8216; column-2=&#8217;2$&#8217; column-3=&#8217;7$ en bonus sans d\u00e9p\u00f4t&#8217;]<br \/>\n[table_row column-1=&#8217;<strong>Ruby Fortune Casino<\/strong>&#8216; column-2=&#8217;2$&#8217; column-3=&#8217;265 tours gratuits&#8217;]<br \/>\n[table_row column-1=&#8217;<strong>Spin Casino<\/strong>&#8216; column-2=&#8217;2$&#8217; column-3=&#8217;170 tours gratuits&#8217;]<br \/>\n[table_row column-1=&#8217;<strong>Jackpot City<\/strong>&#8216; column-2=&#8217;2$&#8217; column-3=&#8217;80 tours gratuits&#8217;]<br \/>\n[table_end]<\/p>\n\n<p>Les casinos pr\u00e9sents dans cette s\u00e9lection ont \u00e9t\u00e9 sectionn\u00e9s par nos soins car vous pouvez profiter d&#8217;un bonus (souvent en tours gratuits) si vous souhaitez d\u00e9poser 2$ canadien et pas un autre montant.<\/p>\n<h3>Casino d\u00e9p\u00f4t 5$<\/h3>\n<p>Si vous cherchez des casinos avec un <a href=\"https:\/\/www.fr.bonus.ca\/fr\/casino-bonus\/depot-minimum\/casino-depot-5\">d\u00e9p\u00f4t minimum de 5$<\/a> (5$ deposit casino), sachez qu&#8217;il n&#8217;en existe pas beaucoup.  <\/p>\n<p>Le Casino Captain Cooks offre 100 tours gratuits sur des machines \u00e0 sous \u00e0 jackpots progressifs pour 5$. Il s&#8217;agit d&#8217;un bon casino Rewards avec d\u00e9p\u00f4t de 5$.  <\/p>\n<p><strong>Voici les meilleurs casinos en ligne avec d\u00e9p\u00f4t \u00e0 5$ :<\/strong><\/p>\n<p>[table_start]<br \/>\n[table_head column-1=&#8217;<strong>Casino<\/strong>&#8216; column-2=&#8217;<strong>D\u00e9p\u00f4t 5$<\/strong>&#8216;  column-3=&#8217;<strong>Bonus<\/strong>&#8216;]<br \/>\n[table_row column-1=&#8217;<strong>Casino Captain Cooks<\/strong>&#8216; column-2=&#8217;5$&#8217; column-3=&#8217;100 tours gratuits&#8217;]<br \/>\n[table_row column-1=&#8217;<strong>Casino Casumo<\/strong>&#8216; column-2=&#8217;5$&#8217; column-3=&#8217;20 tours sans d\u00e9p\u00f4t&#8217;]<br \/>\n[table_row column-1=&#8217;<strong>Casino 21.com<\/strong>&#8216; column-2=&#8217;5$&#8217; column-3=&#8217;100 tours sans d\u00e9p\u00f4t&#8217;]<br \/>\n[table_end]<\/p>\n\n<p>Les casinos ayant un d\u00e9p\u00f4t minimum de 5$ conviennent aux joueurs qui veulent s&#8217;essayer sans risquer de perdre une \u00e9norme somme d\u00e9pos\u00e9e. <\/p>\n<p>Le casino Captain Cooks est un casino fiable du groupe Casino Rewards offrant des paiements rapides, de fantastiques bonus et un programme de fid\u00e9lit\u00e9 amusant.<\/p>\n<h3>Casino d\u00e9p\u00f4t 10$<\/h3>\n<p>Dans les casinos avec un d\u00e9p\u00f4t minimum de 10$, vous pourrez <strong>obtenir jusqu&#8217;\u00e0 1600$ en fr.bonus.casino<\/strong>. <\/p>\n<p>Les casinos \u00e0 d\u00e9p\u00f4t minimum sont pr\u00eats \u00e0 vous donner beaucoup de tours gratuits lorsque vous d\u00e9posez 10$.  Avec un bonus \u00e0 100% + des tours gratuits, vous en aurez plus pour votre argent.<\/p>\n<p><strong>Voici les meilleurs casinos \u00e0 10$ minimum :<\/strong><\/p>\n<p>[table_start]<br \/>\n[table_head column-1=&#8217;<strong>Casino<\/strong>&#8216; column-2=&#8217;<strong>D\u00e9p\u00f4t 10$<\/strong>&#8216;  column-3=&#8217;<strong>Bonus<\/strong>&#8216;]<br \/>\n[table_row column-1=&#8217;<strong>Casino Jackpot City<\/strong>&#8216; column-2=&#8217;10$&#8217; column-3=&#8217;1600$ + 50 tours gratuits&#8217;]<br \/>\n[table_row column-1=&#8217;<strong>Casino LeoVegas<\/strong>&#8216; column-2=&#8217;10$&#8217; column-3=&#8217;1000$ + 122 tours gratuits&#8217;]<br \/>\n[table_row column-1=&#8217;<strong>Casino Captain Spins<\/strong>&#8216; column-2=&#8217;10$&#8217; column-3=&#8217;1200$ + 260 tours gratuits&#8217;]<br \/>\n[table_row column-1=&#8217;<strong>Casino Lucky Days<\/strong>&#8216; column-2=&#8217;10$&#8217; column-3=&#8217;500$ + 120 tours gratuits&#8217;]<br \/>\n[table_row column-1=&#8217;<strong>Casino Rizk<\/strong>&#8216; column-2=&#8217;10$&#8217; column-3=&#8217;500$ + 100 tours gratuits&#8217;]<br \/>\n[table_row column-1=&#8217;<strong>Casino PlayOJO<\/strong>&#8216; column-2=&#8217;10$&#8217; column-3=&#8217;80 tours sans conditions de mise&#8217;]<br \/>\n[table_row column-1=&#8217;<strong>Betiton Casino<\/strong>&#8216; column-2=&#8217;10$&#8217; column-3=&#8217;150$ + 150 tours gratuits&#8217;]<br \/>\n[table_end]<\/p>\n\n<p>Vous n&#8217;aurez aucun probl\u00e8me \u00e0 trouver un casino avec un petit d\u00e9p\u00f4t minimum au Canada. 10$ est le montant le plus commun dans le casino comme d\u00e9p\u00f4t minimum. <\/p>\n<p>Comme vous pouvez le constater, PlayOJO Casino offre un bonus sans conditions de mise &#8211; ce qui est fantastique, et disons-le &#8211; plut\u00f4t rare. Consultez notre <a href=\"https:\/\/www.fr.bonus.ca\/fr\/casino-bonus\/sans-conditions\">liste de casino sans conditions<\/a> pour d\u00e9couvrir plus d&#8217;offres comme celle-ci.<\/p>\n<h3>Casino d\u00e9p\u00f4t 20$<\/h3>\n<p><strong>Dans les casinos \u00e0 20$, vous obtiendrez jusqu&#8217;\u00e0 100$ en bonus.<\/strong><\/p>\n<p>Les casinos \u00e0 d\u00e9p\u00f4t minimum sont pr\u00eats \u00e0 vous donner jusqu&#8217;\u00e0 600 tours gratuits pour jouer sur des machines \u00e0 sous en ligne.<\/p>\n<p>Avec un bonus \u00e0 100% + des tours gratuits, vous obtiendrez une valeur incroyable pour votre argent.<\/p>\n<p><strong>Voici la liste des meilleurs casinos \u00e0 20$ :<\/strong><\/p>\n<ul>\n<li><strong>VIPs Casino<\/strong> Bonus de 20$ + 100 Tours Gratuits<\/li>\n<li><strong>Novibet Casino <\/strong> Bonus de 20$ + 50 Tours Gratuits<\/li>\n<li><strong>JustSpin Casino<\/strong> Bonus de 20$ <\/li>\n<\/ul>\n<p>Les casinos en ligne \u00e0 20$ peuvent vous offrir davantage d&#8217;options de jeux et une excellente valeur pour votre d\u00e9p\u00f4t. <\/p>\n<h2>Casinos mobiles \u00e0 1$ et plus<\/h2>\n<p>La qualit\u00e9 du jeu sur un casino mobile est quelque chose que vous devriez prendre en consid\u00e9ration. <\/p>\n<p>Si cela vous m\u00e8ne \u00e0 choisir un site ayant un d\u00e9p\u00f4t minimum de 10$ plut\u00f4t que de 1$, alors il vaut la peine de d\u00e9penser 9$ de plus.  <\/p>\n<p>Tous les casinos \u00e0 d\u00e9p\u00f4t minimum que nous avons mentionn\u00e9 ont des options de jeu s\u00e9curis\u00e9es pour les appareils mobiles.<\/p>\n<p>Parmi les <strong>meilleurs casinos mobiles<\/strong>, on compte le casino Spin, LeoVegas, Rizk, Wildz et Dunder.<\/p>\n<p>Ces casinos en ligne canadiens ont d\u00e9ploy\u00e9 des efforts pour optimiser l&#8217;exp\u00e9rience sur leur casino mobile. <\/p>\n<p>Vous obtenez les m\u00eames options de jeu et de bonus que si vous \u00e9tiez sur un ordinateur.<\/p>\n\n<h2>M\u00e9thodes bancaires d&#8217;un d\u00e9p\u00f4t \u00e0 1$ minimum<\/h2>\n<p>Ne regardez pas seulement combien vous d\u00e9posez\u2026 mais aussi comment vous le d\u00e9posez.<\/p>\n<p>Les meilleurs casinos en ligne au Qu\u00e9bec et au Canada acceptent une large gamme de m\u00e9thodes bancaires. <\/p>\n<p>Toutes sont rapides, s\u00e9curis\u00e9es et prot\u00e9g\u00e9es par cryptage SSL \u2013 personne ne mettra la main sur vos donn\u00e9es.<\/p>\n<div class=\"bonusfinder-tip card-fancy margin-vertical-medium\">\n\t<div class=\"title\">\n\t\t<div class=\"tip-icon\">\n\t\t\t<img decoding=\"async\" src=\"https:\/\/mediafr.bonus.ca\/images\/bf-icon_tip-emblem.svg\" height=\"36\" width=\"36\" class=\"icon-xlarge\" loading=\"lazy\" alt=\"editor tip icon\" srcset=\"https:\/\/mediafr.bonus.ca\/images\/bf-icon_tip-emblem.svg 1x, https:\/\/mediafr.bonus.ca\/images\/bf-icon_tip-emblem.svg 2x\" \/>\n\t\t<\/div>\n\t\t<div>Conseil BonusFinder<\/div>\n\t<\/div>\n\t<div class=\"content\">Pour un d\u00e9p\u00f4t de 1 $, choisissez un moyen instantan\u00e9 (Interac, MuchBetter, iDebit) afin de jouer sans attendre. Les cryptos et portefeuilles \u00e9lectroniques offrent souvent moins de frais que les cartes bancaires.<\/div>\n<\/div>\n\n<h3> Options populaires pour un d\u00e9p\u00f4t de 1 $ <\/h3>\n<ul>\n<li>Interac<\/li>\n<li>Mastercard<\/li>\n<li>Visa<\/li>\n<li>Bitcoin<\/li>\n<li>Neteller<\/li>\n<li>iDebit<\/li>\n<li>MuchBetter<\/li>\n<\/ul>\n","protected":false},"excerpt":{"rendered":"<p>Casinos 1$ Tandis que certains joueurs de casino canadiens pr\u00e9f\u00e8rent d&#8217;\u00e9normes bonus de casino lorsqu&#8217;ils choisissent un casino en ligne canadien, d&#8217;autres souhaitent un d\u00e9p\u00f4t minimum bas. Pour ce dernier groupe, BonusFinder a r\u00e9pertori\u00e9 divers casinos \u00e0 d\u00e9p\u00f4t bas et leurs bonus de casino de d\u00e9p\u00f4t sur cette page. De nombreux casinos en ligne \u00e0 [&hellip;]<\/p>\n","protected":false},"author":123,"featured_media":0,"parent":4838,"menu_order":0,"comment_status":"closed","ping_status":"closed","template":"","meta":{"inline_featured_image":false,"_glsr_average":0,"_glsr_ranking":0,"_glsr_reviews":0,"footnotes":""},"class_list":["post-10866","page","type-page","status-publish","hentry"],"yoast_head":"<!-- This site is optimized with the Yoast SEO plugin v27.5 - https:\/\/yoast.com\/product\/yoast-seo-wordpress\/ -->\n<title>Casinos D\u00e9p\u00f4t 1$ \ud83c\udf96\ufe0f Canada [year]<\/title>\n<meta name=\"description\" content=\"Jouez sur les meilleurs casinos en ligne avec d\u00e9p\u00f4t minimum de 1$ au Canada gr\u00e2ce \u00e0 notre s\u00e9lection unique en son genre !\" \/>\n<meta name=\"robots\" content=\"index, follow, max-snippet:-1, max-image-preview:large, max-video-preview:-1\" \/>\n<link rel=\"canonical\" href=\"https:\/\/www.bonus.ca\/fr\/casino-bonus\/depot-minimum\" \/>\n<meta property=\"og:type\" content=\"article\" \/>\n<meta property=\"og:title\" content=\"Casinos D\u00e9p\u00f4t 1$ \ud83c\udf96\ufe0f Canada [year]\" \/>\n<meta property=\"og:description\" content=\"Jouez sur les meilleurs casinos en ligne avec d\u00e9p\u00f4t minimum de 1$ au Canada gr\u00e2ce \u00e0 notre s\u00e9lection unique en son genre !\" \/>\n<meta property=\"og:url\" content=\"https:\/\/www.bonus.ca\/fr\/casino-bonus\/depot-minimum\" \/>\n<meta property=\"article:published_time\" content=\"2020-06-30T03:34:17+00:00\" \/>\n<meta property=\"article:modified_time\" content=\"2025-12-19T17:30:31+00:00\" \/>\n<meta name=\"twitter:card\" content=\"summary_large_image\" \/>\n<meta name=\"twitter:label1\" content=\"Est. reading time\" \/>\n\t<meta name=\"twitter:data1\" content=\"9 minutes\" \/>\n<!-- \/ Yoast SEO plugin. -->","yoast_head_json":{"title":"Casinos D\u00e9p\u00f4t 1$ \ud83c\udf96\ufe0f Canada [year]","description":"Jouez sur les meilleurs casinos en ligne avec d\u00e9p\u00f4t minimum de 1$ au Canada gr\u00e2ce \u00e0 notre s\u00e9lection unique en son genre !","robots":{"index":"index","follow":"follow","max-snippet":"max-snippet:-1","max-image-preview":"max-image-preview:large","max-video-preview":"max-video-preview:-1"},"canonical":"https:\/\/www.bonus.ca\/fr\/casino-bonus\/depot-minimum","og_type":"article","og_title":"Casinos D\u00e9p\u00f4t 1$ \ud83c\udf96\ufe0f Canada [year]","og_description":"Jouez sur les meilleurs casinos en ligne avec d\u00e9p\u00f4t minimum de 1$ au Canada gr\u00e2ce \u00e0 notre s\u00e9lection unique en son genre !","og_url":"https:\/\/www.bonus.ca\/fr\/casino-bonus\/depot-minimum","article_published_time":"2020-06-30T03:34:17+00:00","article_modified_time":"2025-12-19T17:30:31+00:00","twitter_card":"summary_large_image","twitter_misc":{"Est. reading time":"9 minutes"},"schema":{"@context":"https:\/\/schema.org","@graph":[{"@type":"WebPage","@id":"https:\/\/www.bonus.ca\/fr\/casino-bonus\/depot-minimum","url":"https:\/\/www.bonus.ca\/fr\/casino-bonus\/depot-minimum","name":"Casinos D\u00e9p\u00f4t 1$ \ud83c\udf96\ufe0f Canada [year]","isPartOf":{"@id":"\/#website"},"datePublished":"2020-06-30T03:34:17+00:00","dateModified":"2025-12-19T17:30:31+00:00","description":"Jouez sur les meilleurs casinos en ligne avec d\u00e9p\u00f4t minimum de 1$ au Canada gr\u00e2ce \u00e0 notre s\u00e9lection unique en son genre !","breadcrumb":{"@id":"https:\/\/www.bonus.ca\/fr\/casino-bonus\/depot-minimum#breadcrumb"},"inLanguage":"en-US","potentialAction":[{"@type":"ReadAction","target":["https:\/\/www.bonus.ca\/fr\/casino-bonus\/depot-minimum"]}]},{"@type":"BreadcrumbList","@id":"https:\/\/www.bonus.ca\/fr\/casino-bonus\/depot-minimum#breadcrumb","itemListElement":[{"@type":"ListItem","position":1,"name":"Home","item":"https:\/\/www.bonus.ca\/fr\/"},{"@type":"ListItem","position":2,"name":"fr.bonus.casino","item":"https:\/\/www.bonus.ca\/fr\/casino-bonus"},{"@type":"ListItem","position":3,"name":"Casino D\u00e9p\u00f4t Minimum"}]},{"@type":"WebSite","@id":"\/#website","url":"\/","name":"BonusFinder Canada (Fran\u00e7ais)","description":"La source de bonus n\u00b0 1 au Canada","potentialAction":[{"@type":"SearchAction","target":{"@type":"EntryPoint","urlTemplate":"\/?s={search_term_string}"},"query-input":{"@type":"PropertyValueSpecification","valueRequired":true,"valueName":"search_term_string"}}],"inLanguage":"en-US"}]}},"_links":{"self":[{"href":"https:\/\/www.bonus.ca\/fr\/wp-json\/wp\/v2\/pages\/10866","targetHints":{"allow":["GET"]}}],"collection":[{"href":"https:\/\/www.bonus.ca\/fr\/wp-json\/wp\/v2\/pages"}],"about":[{"href":"https:\/\/www.bonus.ca\/fr\/wp-json\/wp\/v2\/types\/page"}],"author":[{"embeddable":true,"href":"https:\/\/www.bonus.ca\/fr\/wp-json\/wp\/v2\/users\/123"}],"replies":[{"embeddable":true,"href":"https:\/\/www.bonus.ca\/fr\/wp-json\/wp\/v2\/comments?post=10866"}],"version-history":[{"count":12,"href":"https:\/\/www.bonus.ca\/fr\/wp-json\/wp\/v2\/pages\/10866\/revisions"}],"predecessor-version":[{"id":25474,"href":"https:\/\/www.bonus.ca\/fr\/wp-json\/wp\/v2\/pages\/10866\/revisions\/25474"}],"up":[{"embeddable":true,"href":"https:\/\/www.bonus.ca\/fr\/wp-json\/wp\/v2\/pages\/4838"}],"wp:attachment":[{"href":"https:\/\/www.bonus.ca\/fr\/wp-json\/wp\/v2\/media?parent=10866"}],"curies":[{"name":"wp","href":"https:\/\/api.w.org\/{rel}","templated":true}]}}